{"id":204888,"date":"2026-01-16T08:46:48","date_gmt":"2026-01-16T08:46:48","guid":{"rendered":"https:\/\/www.otiumhome.fi\/?p=204888"},"modified":"2026-01-17T11:00:09","modified_gmt":"2026-01-17T11:00:09","slug":"vaatekaappi-hyllylla-vanha-puu-50-x-50-x-200-cm-tekninen-puu","status":"publish","type":"product","link":"https:\/\/www.otiumhome.fi\/index.php\/tuote\/vaatekaappi-hyllylla-vanha-puu-50-x-50-x-200-cm-tekninen-puu\/","title":{"rendered":"Vaatekaappi hyllyll\u00e4 Vanha puu 50 x 50 x 200 cm Tekninen puu"},"content":{"rendered":"<p>T\u00e4\u00e4 moderni vaatekaappi vie minimalismin uudelle tasolle puhtain linjoin ja toiminnallisuudellaan. Ihanteellinen niille, jotka arvostaa yksinkertaisuutta ja elegancea, t\u00e4\u00e4 suorakaiteen muotoinen kaappi sopii moniin makuuhuoneen sisustuksiin ja parantaa s\u00e4ilytystilan monipuolisuutta.<\/p>\n<ul>\n<li><b>Tekninen puu<\/b> T\u00e4\u00e4 vaatekaappi on valmistettu huolella teknisest\u00e4 puusta, mik\u00e4 antaa tyylikk\u00e4\u00e4n ilmeen ja kest\u00e4v\u00e4n rakenteen. Materiaali on loistava sen kest\u00e4vyyden vuoksi l\u00e4mp\u00f6tilan vaihteluille ja muille kotiolosuhteille, joten se pysyy luotettavana osana kotiasi pitk\u00e4\u00e4n.<\/li>\n<li><b>Levyhyllyt<\/b> Varustettuna levyhyllyill\u00e4, t\u00e4\u00e4 yksikk\u00f6 tarjoaa yksinkertaisen ratkaisun tavaroiden j\u00e4rjest\u00e4miseen. Hyllyt on tehty samalla tyylill\u00e4 kuin lankahyllyt, mutta k\u00e4ytet\u00e4\u00e4n moderneja materiaaleja kuten MDF, joka yhdist\u00e4\u00e4 perinteisen muotoilun ja nykyaikaisen charmikkuuden.<\/li>\n<li><b>S\u00e4ilytystila<\/b> Suunniteltujen osastojen ansiosta t\u00e4\u00e4 vaatekaappi helpottaa tavaroidesi j\u00e4rjest\u00e4mist\u00e4. Tilavat hyllyt mahtuu erilaisia tavaroita vaatteista asusteisiin, joten jokaiselle on paikka.<\/li>\n<li><b>Vapaasti seisova muotoilu<\/b> Vaatekaappi seisoo itsen\u00e4isesti, joten sen sijoittaminen makuuhuoneeseen on joustavaa. Sen rakenne tarkoittaa, ettei tarvita sein\u00e4tukea, mik\u00e4 tuo muunneltavuutta mihin tahansa huoneen pohjaratkaisuun.<\/li>\n<li><b>Hoito &amp; yll\u00e4pito<\/b> Pid\u00e4 vaatekaappi hyv\u00e4ss\u00e4 kunnossa pyyhkim\u00e4ll\u00e4 se kostealla liinalla. T\u00e4m\u00e4 helppo hoitorutiini varmistaa, ett\u00e4 huonekalusi pysyy raikkaina ja houkuttelevina pitk\u00e4\u00e4n, joten se on vaivaton lis\u00e4 kotiisi.<\/li>\n<\/ul>\n<ul>\n<li>V\u00e4ri: Vanha puu<\/li>\n<li>Materiaali: Tekninen puu<\/li>\n<li>Yleiset mitat: 50 x 50 x 200 cm (P x L x K)<\/li>\n<li>Paino: 38,66 kg<\/li>\n<li>S\u00e4ilytystila<\/li>\n<li>Mukana 4 levyhyllyt<\/li>\n<li>Kehysmateriaali: Tekninen puu<\/li>\n<li>Vain sis\u00e4k\u00e4ytt\u00f6\u00f6n<\/li>\n<li>Kokoonpano vaaditaan: Kyll\u00e4<\/li>\n<\/ul>\n","protected":false},"excerpt":{"rendered":"<ul>\n<li>V\u00e4ri: Vanha puu<\/li>\n<li>Materiaali: Tekninen puu<\/li>\n<li>Yleiset mitat: 50 x 50 x 200 cm (P x L x K)<\/li>\n<li>Paino: 38,66 kg<\/li>\n<li>S\u00e4ilytystila<\/li>\n<li>Mukana 4 levyhyllyt<\/li>\n<li>Kehysmateriaali: Tekninen puu<\/li>\n<li>Vain sis\u00e4k\u00e4ytt\u00f6\u00f6n<\/li>\n<li>Kokoonpano vaaditaan: Kyll\u00e4<\/li>\n<\/ul>\n","protected":false},"featured_media":100000204888,"comment_status":"closed","ping_status":"closed","template":"","meta":[],"product_brand":[],"product_cat":[84,8539],"product_tag":[],"class_list":{"0":"post-204888","1":"product","2":"type-product","3":"status-publish","4":"has-post-thumbnail","6":"product_cat-huonekalut","7":"product_cat-kaapit-vaatekaapit","9":"first","10":"instock","11":"taxable","12":"shipping-taxable","13":"purchasable","14":"product-type-simple"},"_links":{"self":[{"href":"https:\/\/www.otiumhome.fi\/index.php\/wp-json\/wp\/v2\/product\/204888","targetHints":{"allow":["GET"]}}],"collection":[{"href":"https:\/\/www.otiumhome.fi\/index.php\/wp-json\/wp\/v2\/product"}],"about":[{"href":"https:\/\/www.otiumhome.fi\/index.php\/wp-json\/wp\/v2\/types\/product"}],"replies":[{"embeddable":true,"href":"https:\/\/www.otiumhome.fi\/index.php\/wp-json\/wp\/v2\/comments?post=204888"}],"wp:featuredmedia":[{"embeddable":true,"href":"https:\/\/www.otiumhome.fi\/index.php\/wp-json\/"}],"wp:attachment":[{"href":"https:\/\/www.otiumhome.fi\/index.php\/wp-json\/wp\/v2\/media?parent=204888"}],"wp:term":[{"taxonomy":"product_brand","embeddable":true,"href":"https:\/\/www.otiumhome.fi\/index.php\/wp-json\/wp\/v2\/product_brand?post=204888"},{"taxonomy":"product_cat","embeddable":true,"href":"https:\/\/www.otiumhome.fi\/index.php\/wp-json\/wp\/v2\/product_cat?post=204888"},{"taxonomy":"product_tag","embeddable":true,"href":"https:\/\/www.otiumhome.fi\/index.php\/wp-json\/wp\/v2\/product_tag?post=204888"}],"curies":[{"name":"wp","href":"https:\/\/api.w.org\/{rel}","templated":true}]}}