{"id":204886,"date":"2026-01-16T08:46:47","date_gmt":"2026-01-16T08:46:47","guid":{"rendered":"https:\/\/www.otiumhome.fi\/?p=204886"},"modified":"2026-01-17T11:00:08","modified_gmt":"2026-01-17T11:00:08","slug":"vaatekaappi-musta-tammi-100-x-325-x-35-cm-tekninen-puu","status":"publish","type":"product","link":"https:\/\/www.otiumhome.fi\/index.php\/tuote\/vaatekaappi-musta-tammi-100-x-325-x-35-cm-tekninen-puu\/","title":{"rendered":"Vaatekaappi Musta tammi. 100 x 32,5 x 35 cm Tekninen puu"},"content":{"rendered":"<p>T\u00e4m\u00e4 vaatekaappi on tyylikk\u00e4\u00e4n yksinkertainen ja toimiva, joten se sopii mihin tahansa tilaan. Avara suorakaiteen muotoinen muotoilu tuo esiin erilaisia sisustustyylej\u00e4 ja tarjoaa paljon s\u00e4ilytysmahdollisuuksia vaatteille ja asusteille. Suunniteltu sulautumaan olohuoneeseesi, t\u00e4m\u00e4 vaatekaappi yhdist\u00e4\u00e4 k\u00e4yt\u00e4nn\u00f6llisyyden ja tyylin, yll\u00e4pit\u00e4en kauniin ilmeen samalla kun se j\u00e4rjest\u00e4\u00e4 tilaa tehokkaasti. Oli kyseess\u00e4 sitten yksitt\u00e4iset vaatteet tai jaettu s\u00e4ilytys, t\u00e4m\u00e4n kaapin puhtaat linjat korostavat sen modernia muotoa ja tarkoituksenmukaisuutta.<\/p>\n<ul>\n<li><b>Materiaalit:<\/b> T\u00e4m\u00e4 vaatekaappi on tehty kest\u00e4v\u00e4st\u00e4 teknisest\u00e4 puusta, joka takaa vakaan ja luotettavan s\u00e4ilytyksen. Tekninen puu on valittu sen kest\u00e4vyyden ja kauniin tekstuurin vuoksi, joka tekee siit\u00e4 houkuttelevan vaihtoehdon. Pinta on siisti ja helppohoitoinen, mik\u00e4 sopii hyvin p\u00e4ivitt\u00e4iseen k\u00e4ytt\u00f6\u00f6n.<\/li>\n<li><b>Mukana tulevat osat:<\/b> Ter\u00e4ksiset vedett\u00e4v\u00e4t kahvat lis\u00e4\u00e4v\u00e4t k\u00e4yt\u00e4nn\u00f6llisyytt\u00e4 ja tyyli\u00e4, sulautuen kauniisti kaapin ilmeeseen. Sis\u00e4tilat sis\u00e4lt\u00e4v\u00e4t toimivia osastoja ja laatikoita, jotka on my\u00f6s tehty teknisest\u00e4 puusta, tarjoten j\u00e4rjestett\u00e4v\u00e4\u00e4 tilaa eri vaatteille ja asusteille. N\u00e4m\u00e4 ominaisuudet tekev\u00e4t s\u00e4ilytt\u00e4misest\u00e4 helpon ja k\u00e4ytt\u00e4j\u00e4yst\u00e4v\u00e4llisen.<\/li>\n<li><b>Ominaisuudet \/ Toiminta \/ Suunnittelu:<\/b> T\u00e4m\u00e4 sein\u00e4kiinnitett\u00e4v\u00e4 vaatekaappi s\u00e4\u00e4st\u00e4\u00e4 tilaa ja antaa virtaviivaisen ilmeen, erityisesti pieniss\u00e4 tiloissa. Suorakaiteen muotoinen rakenne tarjoaa runsaasti s\u00e4ilytystilaa ilman, ett\u00e4 se t\u00e4ytt\u00e4\u00e4 liikaa tilaa. Minimalistinen tyyli yhdistettyn\u00e4 kest\u00e4v\u00e4\u00e4n rakenteeseen tekee t\u00e4st\u00e4 kaapista loistavan valinnan nykyaikasiin koteihin, parantaen samalla sisustuksen yleisvaikutelmaa.<\/li>\n<li><b>Suositellut k\u00e4ytt\u00f6tarkoitukset:<\/b> Erinomainen sis\u00e4tiloihin, erityisesti olohuoneeseen, t\u00e4m\u00e4 vaatekaappi sopii useisiin tarkoituksiin, joissa tarvitaan toimivaa s\u00e4ilytyst\u00e4. Se on ideaalinen vaatekausille, p\u00e4ivitt\u00e4isille vaatteille tai vaikkapa vierasvaatteille perhetapahtumien aikana. Sen laajat s\u00e4ilytysmahdollisuudet tekev\u00e4t siit\u00e4 monik\u00e4ytt\u00f6isen eri k\u00e4ytt\u00e4jien tarpeisiin.<\/li>\n<li><b>Huolto ja yll\u00e4pito:<\/b> T\u00e4m\u00e4n kaapin puhtaanapito on helppoa. S\u00e4\u00e4nn\u00f6llinen p\u00f6lytt\u00e4minen pehme\u00e4ll\u00e4 kankaalla ja voimakkaiden kemikaalien v\u00e4ltt\u00e4minen pit\u00e4\u00e4 sen ulkon\u00e4\u00f6n hyv\u00e4n\u00e4. Kest\u00e4v\u00e4 tekninen puu kest\u00e4\u00e4 p\u00e4ivitt\u00e4ist\u00e4 k\u00e4ytt\u00f6\u00e4, joten se on loistava valinta s\u00e4\u00e4nn\u00f6lliseen k\u00e4ytt\u00f6\u00f6n. Helppo huolto varmistaa, ett\u00e4 se pysyy t\u00e4rke\u00e4n\u00e4 ja toimivana osana kotiasi pitk\u00e4\u00e4n.<\/li>\n<\/ul>\n<ul>\n<li>V\u00e4ri: Musta tammi.<\/li>\n<li>Materiaali: Tekninen puu<\/li>\n<li>Yleiset mitat: 100 x 32,5 x 35 cm (P x L x K)<\/li>\n<li>Paino: 12,6 kg<\/li>\n<li>Kest\u00e4v\u00e4<\/li>\n<li>S\u00e4ilytystila<\/li>\n<li>Laatikolla<\/li>\n<li>Kehysmateriaali: Tekninen puu<\/li>\n<li>Sis\u00e4- \/ ulkotiloissa: Vain sis\u00e4k\u00e4ytt\u00f6\u00f6n<\/li>\n<li>Toimitus-:<\/li>\n<li>1 x vaatekaappi<\/li>\n<li>Kokoonpano vaaditaan: Kyll\u00e4<\/li>\n<\/ul>\n","protected":false},"excerpt":{"rendered":"<ul>\n<li>V\u00e4ri: Musta tammi.<\/li>\n<li>Materiaali: Tekninen puu<\/li>\n<li>Yleiset mitat: 100 x 32,5 x 35 cm (P x L x K)<\/li>\n<li>Paino: 12,6 kg<\/li>\n<li>Kest\u00e4v\u00e4<\/li>\n<li>S\u00e4ilytystila<\/li>\n<li>Laatikolla<\/li>\n<li>Kehysmateriaali: Tekninen puu<\/li>\n<li>Sis\u00e4- \/ ulkotiloissa: Vain sis\u00e4k\u00e4ytt\u00f6\u00f6n<\/li>\n<li>Toimitus-:<\/li>\n<li>1 x vaatekaappi<\/li>\n<li>Kokoonpano vaaditaan: Kyll\u00e4<\/li>\n<\/ul>\n","protected":false},"featured_media":100000204886,"comment_status":"closed","ping_status":"closed","template":"","meta":[],"product_brand":[],"product_cat":[84,8539],"product_tag":[],"class_list":{"0":"post-204886","1":"product","2":"type-product","3":"status-publish","4":"has-post-thumbnail","6":"product_cat-huonekalut","7":"product_cat-kaapit-vaatekaapit","9":"first","10":"instock","11":"taxable","12":"shipping-taxable","13":"purchasable","14":"product-type-simple"},"_links":{"self":[{"href":"https:\/\/www.otiumhome.fi\/index.php\/wp-json\/wp\/v2\/product\/204886","targetHints":{"allow":["GET"]}}],"collection":[{"href":"https:\/\/www.otiumhome.fi\/index.php\/wp-json\/wp\/v2\/product"}],"about":[{"href":"https:\/\/www.otiumhome.fi\/index.php\/wp-json\/wp\/v2\/types\/product"}],"replies":[{"embeddable":true,"href":"https:\/\/www.otiumhome.fi\/index.php\/wp-json\/wp\/v2\/comments?post=204886"}],"wp:featuredmedia":[{"embeddable":true,"href":"https:\/\/www.otiumhome.fi\/index.php\/wp-json\/"}],"wp:attachment":[{"href":"https:\/\/www.otiumhome.fi\/index.php\/wp-json\/wp\/v2\/media?parent=204886"}],"wp:term":[{"taxonomy":"product_brand","embeddable":true,"href":"https:\/\/www.otiumhome.fi\/index.php\/wp-json\/wp\/v2\/product_brand?post=204886"},{"taxonomy":"product_cat","embeddable":true,"href":"https:\/\/www.otiumhome.fi\/index.php\/wp-json\/wp\/v2\/product_cat?post=204886"},{"taxonomy":"product_tag","embeddable":true,"href":"https:\/\/www.otiumhome.fi\/index.php\/wp-json\/wp\/v2\/product_tag?post=204886"}],"curies":[{"name":"wp","href":"https:\/\/api.w.org\/{rel}","templated":true}]}}