{"id":204871,"date":"2026-01-16T05:10:30","date_gmt":"2026-01-16T05:10:30","guid":{"rendered":"https:\/\/www.otiumhome.fi\/?p=204871"},"modified":"2026-01-16T05:15:36","modified_gmt":"2026-01-16T05:15:36","slug":"halli-penkki-tyynylla-ovella-betoni-harmaa-60-x-38-x-46-cm","status":"vdl_in_progress","type":"product","link":"https:\/\/www.otiumhome.fi\/index.php\/tuote\/halli-penkki-tyynylla-ovella-betoni-harmaa-60-x-38-x-46-cm\/","title":{"rendered":"Halli penkki tyynyll\u00e4 ovella Betoni Harmaa 60 x 38 x 46 cm"},"content":{"rendered":"<p>T\u00e4m\u00e4 tyylik\u00e4s moderni hallipenkki tuo yhteen nykyaikaisen tyylin ja k\u00e4yt\u00e4nn\u00f6llisyyden. Se on erottuva kaluste mihin tahansa eteiseen tai k\u00e4yt\u00e4v\u00e4\u00e4n. Puhtaat linjat ja minimalistinen muotoilu tarjoavat monipuolisen ilmeen, joka sopii moneen sisustustyyliin. Istuinpaikan alla on tilava s\u00e4ilytyslokero, joka sopii hienosti ulkovaatteille, kuten huiveille, hansikaille tai kengille. T\u00e4m\u00e4 penkki yhdist\u00e4\u00e4 tehokkaasti istuimen ja s\u00e4ilytystilan kauniissa paketissa, parantaen eteisen visuaalista vetovoimaa ja toimivuutta.<\/p>\n<ul>\n<li><b>Moderni yksinkertaisuus:<\/b> T\u00e4m\u00e4 hallipenkki on modernin suunnittelun mukainen; puhtaat linjat ja minimalistinen tyyli sulautuvat nykyaikaisiin sisustuksiin. Ilman ylim\u00e4\u00e4r\u00e4isi\u00e4 koristeita, penkki on yksinkertainen ja k\u00e4yt\u00e4nn\u00f6llinen lis\u00e4 tilaasi, sopien niin avoniin kuin pieniin eteisiin tai auloihin.<\/li>\n<li><b>Mukava istuin:<\/b> Pehme\u00e4 kangasverhoiltu tyyny tarjoaa mukavan istumapaikan; ideaalinen nopeaan lepoon tai kenkien laittamiseen. Tyynyn yksinkertainen muotoilu takaa tasaisen mukavuuden, mik\u00e4 on arvokasta kiireisiss\u00e4 paikoissa.<\/li>\n<li><b>Runsaasti s\u00e4ilytystilaa:<\/b> Istuimen alla on runsaasti piilotettua s\u00e4ilytystilaa. Nostamalla tyyny p\u00e4\u00e4see k\u00e4siksi lokeroon, jonne voit laittaa ylim\u00e4\u00e4r\u00e4iset keng\u00e4t tai sateenvarjot ja pit\u00e4\u00e4 tilan siistin\u00e4.<\/li>\n<li><b>Robusti rakenne:<\/b> Kest\u00e4v\u00e4 tekninen puu takaa penkin pitk\u00e4ik\u00e4isyyden. Se kest\u00e4\u00e4 p\u00e4ivitt\u00e4ist\u00e4 k\u00e4ytt\u00f6\u00e4 tinkim\u00e4tt\u00e4 rakenteellisesta vakaudesta.<\/li>\n<li><b>Helppo huolto:<\/b> Penkin raikkaan ilmeen yll\u00e4pito on helppoa; riitt\u00e4\u00e4, ett\u00e4 pyyhk\u00e4iset kostealla liinalla. T\u00e4m\u00e4 tekee siit\u00e4 k\u00e4ytt\u00e4j\u00e4yst\u00e4v\u00e4llisen kalusteen.<\/li>\n<\/ul>\n<p><strong>T\u00e4rke\u00e4\u00e4 tiet\u00e4\u00e4:<\/strong><\/p>\n<ul>\n<li>Enimm\u00e4ispaino 110 kg per paikka.<\/li>\n<\/ul>\n<ul>\n<li>V\u00e4ri: Betoni harmaa<\/li>\n<li>Yleiset mitat: 100 x 38 x 46 cm (P x L x K)<\/li>\n<li>Paino: 16,12 kg<\/li>\n<li>S\u00e4ilytystila<\/li>\n<li>Kest\u00e4v\u00e4<\/li>\n<li>Kauniit puun syyt<\/li>\n<li>Pehme\u00e4 ja mukava istuintyyny<\/li>\n<li>Istuinalue: 100 x 38 cm (L x S)<\/li>\n<li>Mukana 2 saranoidut ovet<\/li>\n<li>Enimm\u00e4ispaino: 110 kg per istuin<\/li>\n<li>Vain sis\u00e4k\u00e4ytt\u00f6\u00f6n<\/li>\n<li>Kokoonpano vaaditaan: Kyll\u00e4<\/li>\n<\/ul>\n","protected":false},"excerpt":{"rendered":"<ul>\n<li>V\u00e4ri: Betoni harmaa<\/li>\n<li>Yleiset mitat: 100 x 38 x 46 cm (P x L x K)<\/li>\n<li>Paino: 16,12 kg<\/li>\n<li>S\u00e4ilytystila<\/li>\n<li>Kest\u00e4v\u00e4<\/li>\n<li>Kauniit puun syyt<\/li>\n<li>Pehme\u00e4 ja mukava istuintyyny<\/li>\n<li>Istuinalue: 100 x 38 cm (L x S)<\/li>\n<li>Mukana 2 saranoidut ovet<\/li>\n<li>Enimm\u00e4ispaino: 110 kg per istuin<\/li>\n<li>Vain sis\u00e4k\u00e4ytt\u00f6\u00f6n<\/li>\n<li>Kokoonpano vaaditaan: Kyll\u00e4<\/li>\n<\/ul>\n","protected":false},"featured_media":100000204871,"comment_status":"closed","ping_status":"closed","template":"","meta":[],"product_brand":[],"product_cat":[8538,84],"product_tag":[],"class_list":{"0":"post-204871","1":"product","2":"type-product","3":"status-vdl_in_progress","4":"has-post-thumbnail","6":"product_cat-eteis-sailytyspenkit","7":"product_cat-huonekalut","9":"first","10":"instock","11":"taxable","12":"shipping-taxable","13":"product-type-simple"},"_links":{"self":[{"href":"https:\/\/www.otiumhome.fi\/index.php\/wp-json\/wp\/v2\/product\/204871","targetHints":{"allow":["GET"]}}],"collection":[{"href":"https:\/\/www.otiumhome.fi\/index.php\/wp-json\/wp\/v2\/product"}],"about":[{"href":"https:\/\/www.otiumhome.fi\/index.php\/wp-json\/wp\/v2\/types\/product"}],"replies":[{"embeddable":true,"href":"https:\/\/www.otiumhome.fi\/index.php\/wp-json\/wp\/v2\/comments?post=204871"}],"wp:featuredmedia":[{"embeddable":true,"href":"https:\/\/www.otiumhome.fi\/index.php\/wp-json\/"}],"wp:attachment":[{"href":"https:\/\/www.otiumhome.fi\/index.php\/wp-json\/wp\/v2\/media?parent=204871"}],"wp:term":[{"taxonomy":"product_brand","embeddable":true,"href":"https:\/\/www.otiumhome.fi\/index.php\/wp-json\/wp\/v2\/product_brand?post=204871"},{"taxonomy":"product_cat","embeddable":true,"href":"https:\/\/www.otiumhome.fi\/index.php\/wp-json\/wp\/v2\/product_cat?post=204871"},{"taxonomy":"product_tag","embeddable":true,"href":"https:\/\/www.otiumhome.fi\/index.php\/wp-json\/wp\/v2\/product_tag?post=204871"}],"curies":[{"name":"wp","href":"https:\/\/api.w.org\/{rel}","templated":true}]}}