{"id":204779,"date":"2026-01-15T15:40:52","date_gmt":"2026-01-15T15:40:52","guid":{"rendered":"https:\/\/www.otiumhome.fi\/?p=204779"},"modified":"2026-01-16T06:56:21","modified_gmt":"2026-01-16T06:56:21","slug":"sivupoyta-hyllylla-artisan-tammi-40-x-30-x-75-cm-tekninen-puu","status":"publish","type":"product","link":"https:\/\/www.otiumhome.fi\/index.php\/tuote\/sivupoyta-hyllylla-artisan-tammi-40-x-30-x-75-cm-tekninen-puu\/","title":{"rendered":"Sivup\u00f6yt\u00e4 hyllyll\u00e4 Artisan tammi 40 x 30 x 75 cm Tekninen puu"},"content":{"rendered":"<p>T\u00e4m\u00e4 teollinen sivup\u00f6yt\u00e4 on kiva yhdistelm\u00e4 k\u00e4yt\u00e4nn\u00f6llisyytt\u00e4 ja kauniita muotoja. Se sopii mainiosti olohuoneeseen, sohvap\u00f6yd\u00e4ksi tai lis\u00e4p\u00f6yd\u00e4ksi. Sen mattamusta ter\u00e4srunko ja hieno puupinta tuovat modernin teollisen tunnelman, ja se on silmiinpist\u00e4v\u00e4 osa sisustustasi. K\u00e4yt\u00e4 sit\u00e4 lampun, kirjan tai juoman tukena, niin saat lis\u00e4\u00e4 tyyli\u00e4 ja k\u00e4ytett\u00e4vyytt\u00e4 jokaiseen tilaan.<\/p>\n<ul>\n<li><b>Materiaalit:<\/b> T\u00e4ss\u00e4 p\u00f6yd\u00e4ss\u00e4 on kest\u00e4v\u00e4 tekninen puupinta, joka on helppo puhdistaa ja kest\u00e4v\u00e4 tahroille. Ter\u00e4srunko ja jalat tekev\u00e4t siit\u00e4 tukevan valinnan k\u00e4ytt\u00e4j\u00e4n tarpeisiin arjessa. T\u00e4m\u00e4 yhdistelm\u00e4 takaa, ett\u00e4 saat n\u00e4ytt\u00e4v\u00e4n p\u00f6yd\u00e4n, joka kest\u00e4 jokaista p\u00e4iv\u00e4\u00e4.<\/li>\n<li><b>Lis\u00e4komponentit:<\/b> Levyhyllyt tarjoavat k\u00e4yt\u00e4nn\u00f6llisen ja k\u00e4tev\u00e4n ratkaisun tavaroiden, kuten kirjojen ja koristeiden, esittelyyn ja tallentamiseen. T\u00e4m\u00e4 p\u00f6yt\u00e4 on todellinen aarre, kun puhutaan toimivuudesta ja muotoilusta.<\/li>\n<li><b>S\u00e4\u00e4dett\u00e4v\u00e4t ominaisuudet:<\/b> S\u00e4\u00e4nn\u00f6sten ansiosta p\u00f6yd\u00e4n jalat voidaan s\u00e4\u00e4t\u00e4\u00e4 niin, ett\u00e4 se pysyy vakaana ep\u00e4tasaisillakin pinnoilla, mik\u00e4 parantaa p\u00f6yd\u00e4n toimivuutta. T\u00e4m\u00e4 on plussaa, koska se sopeutuu erilaisiin ymp\u00e4rist\u00f6ihin ja varmistaa, ett\u00e4 tavarasi pysyv\u00e4t turvallisesti paikallaan.<\/li>\n<li><b>Suositellut k\u00e4ytt\u00f6tavat:<\/b> T\u00e4m\u00e4 p\u00f6yt\u00e4 on paras valinta sis\u00e4tiloihin, esimerkiksi minimalistiseen olohuoneeseen. Voit k\u00e4ytt\u00e4\u00e4 sit\u00e4 p\u00e4\u00e4typ\u00f6yt\u00e4n\u00e4 tai tyylikk\u00e4\u00e4n\u00e4 lis\u00e4kalustona. Kest\u00e4v\u00e4 rakenne houkuttelee sinua kokeilemaan erilaisia asetteluja.<\/li>\n<li><b>Huolto &amp; Yll\u00e4pito:<\/b> P\u00f6yd\u00e4n hoito on helppoa, sill\u00e4 voit vain pyyhki\u00e4 sen kuivan kankaan kanssa. Rutiinihuolto pit\u00e4\u00e4 sen hyv\u00e4ss\u00e4 kunnossa ja kauniina, mik\u00e4 parantaa tilan tunnelmaa.<\/li>\n<\/ul>\n<ul>\n<li>V\u00e4ri: Artisan tammi<\/li>\n<li>Materiaali: Tekninen puu<\/li>\n<li>Yleiset mitat: 40 x 30 x 75 cm (P x L x K)<\/li>\n<li>Paino: 4,74 kg<\/li>\n<li>S\u00e4\u00e4dett\u00e4v\u00e4t Jalat<\/li>\n<li>Kest\u00e4v\u00e4<\/li>\n<li>2 hyllyill\u00e4<\/li>\n<li>Kehysmateriaali: Ter\u00e4s<\/li>\n<li>Sis\u00e4- \/ ulkotiloissa: Vain sis\u00e4k\u00e4ytt\u00f6\u00f6n<\/li>\n<li>Toimitus-:<\/li>\n<li>1 x Sivup\u00f6yt\u00e4<\/li>\n<li>Kokoonpano vaaditaan: Kyll\u00e4<\/li>\n<\/ul>\n","protected":false},"excerpt":{"rendered":"<ul>\n<li>V\u00e4ri: Artisan tammi<\/li>\n<li>Materiaali: Tekninen puu<\/li>\n<li>Yleiset mitat: 40 x 30 x 75 cm (P x L x K)<\/li>\n<li>Paino: 4,74 kg<\/li>\n<li>S\u00e4\u00e4dett\u00e4v\u00e4t Jalat<\/li>\n<li>Kest\u00e4v\u00e4<\/li>\n<li>2 hyllyill\u00e4<\/li>\n<li>Kehysmateriaali: Ter\u00e4s<\/li>\n<li>Sis\u00e4- \/ ulkotiloissa: Vain sis\u00e4k\u00e4ytt\u00f6\u00f6n<\/li>\n<li>Toimitus-:<\/li>\n<li>1 x Sivup\u00f6yt\u00e4<\/li>\n<li>Kokoonpano vaaditaan: Kyll\u00e4<\/li>\n<\/ul>\n","protected":false},"featured_media":100000204779,"comment_status":"closed","ping_status":"closed","template":"","meta":[],"product_brand":[],"product_cat":[8534,84,8533],"product_tag":[],"class_list":{"0":"post-204779","1":"product","2":"type-product","3":"status-publish","4":"has-post-thumbnail","6":"product_cat-apupoydat","7":"product_cat-huonekalut","8":"product_cat-sivupoydat","10":"first","11":"instock","12":"taxable","13":"shipping-taxable","14":"purchasable","15":"product-type-simple"},"_links":{"self":[{"href":"https:\/\/www.otiumhome.fi\/index.php\/wp-json\/wp\/v2\/product\/204779","targetHints":{"allow":["GET"]}}],"collection":[{"href":"https:\/\/www.otiumhome.fi\/index.php\/wp-json\/wp\/v2\/product"}],"about":[{"href":"https:\/\/www.otiumhome.fi\/index.php\/wp-json\/wp\/v2\/types\/product"}],"replies":[{"embeddable":true,"href":"https:\/\/www.otiumhome.fi\/index.php\/wp-json\/wp\/v2\/comments?post=204779"}],"wp:featuredmedia":[{"embeddable":true,"href":"https:\/\/www.otiumhome.fi\/index.php\/wp-json\/"}],"wp:attachment":[{"href":"https:\/\/www.otiumhome.fi\/index.php\/wp-json\/wp\/v2\/media?parent=204779"}],"wp:term":[{"taxonomy":"product_brand","embeddable":true,"href":"https:\/\/www.otiumhome.fi\/index.php\/wp-json\/wp\/v2\/product_brand?post=204779"},{"taxonomy":"product_cat","embeddable":true,"href":"https:\/\/www.otiumhome.fi\/index.php\/wp-json\/wp\/v2\/product_cat?post=204779"},{"taxonomy":"product_tag","embeddable":true,"href":"https:\/\/www.otiumhome.fi\/index.php\/wp-json\/wp\/v2\/product_tag?post=204779"}],"curies":[{"name":"wp","href":"https:\/\/api.w.org\/{rel}","templated":true}]}}