{"id":204722,"date":"2026-01-15T13:09:43","date_gmt":"2026-01-15T13:09:43","guid":{"rendered":"https:\/\/www.otiumhome.fi\/?p=204722"},"modified":"2026-01-16T06:56:18","modified_gmt":"2026-01-16T06:56:18","slug":"konsolipoyta-hyllylla-ruskea-120-x-33-x-75-cm-kiintea-mango-puu","status":"publish","type":"product","link":"https:\/\/www.otiumhome.fi\/index.php\/tuote\/konsolipoyta-hyllylla-ruskea-120-x-33-x-75-cm-kiintea-mango-puu\/","title":{"rendered":"Konsolip\u00f6yt\u00e4 hyllyll\u00e4 Ruskea 120 x 33 x 75 cm Kiinte\u00e4 mango puu"},"content":{"rendered":"<p>T\u00e4m\u00e4 konsolip\u00f6yt\u00e4 on hieno yhdistelm\u00e4 modernia muotoilua ja toiminnallisuutta. Se sopii erityisesti k\u00e4yt\u00e4ville tai olohuoneisiin, ja sen tyylikk\u00e4\u00e4n minimaalinen muoto tuo modernia tyyli\u00e4, joka sulautuu hyvin erilaisiin sisustustyyleihin ja lis\u00e4\u00e4 k\u00e4yt\u00e4nn\u00f6n eleganssia mihin tahansa huoneeseen.<\/p>\n<ul>\n<li><b>Ter\u00e4srunko:<\/b> T\u00e4m\u00e4 konsolip\u00f6yt\u00e4 on rakennettu tukevasta ter\u00e4srakenteesta, joka tarjoaa vahvan perustan p\u00e4ivitt\u00e4iseen k\u00e4ytt\u00f6\u00f6n. Ter\u00e4ksen valinta tuo my\u00f6s tyylikk\u00e4\u00e4n, teollisen ilmeen, joka sopii erinomaisesti erilaisiin sisustusteemoihin. Kest\u00e4v\u00e4 rakenne takaa p\u00f6yd\u00e4n pitk\u00e4ik\u00e4isyyden, pit\u00e4en sen puhtaana ja uudenveroisena.<\/li>\n<li><b>Perinteiset laatikot:<\/b> P\u00f6yd\u00e4ss\u00e4 on k\u00e4tev\u00e4t muutama perinteinen laatikko, ja ne tarjoavat runsaasti tilaa jokap\u00e4iv\u00e4isille tavaroille tai koriste-esineille. N\u00e4m\u00e4 laatikot liikkuvat sujuvasti ja auttavat pit\u00e4m\u00e4\u00e4n huoneen siistin\u00e4 ja j\u00e4rjestyksess\u00e4.<\/li>\n<li><b>Moderni muotoilu:<\/b> Yksinkertaisuus ja k\u00e4yt\u00e4nn\u00f6llisyys kuuluvat t\u00e4m\u00e4n modernin konsolip\u00f6yd\u00e4n ominaisuuksiin, ja sen selke\u00e4t linjat ja v\u00e4h\u00e4inen koristeellisuus tekev\u00e4t siit\u00e4 hienon valinnan, mihin tahansa tilaan. Se sulautuu vaivatta moderniin ymp\u00e4rist\u00f6\u00f6n.<\/li>\n<li><b>Monipuolinen k\u00e4ytt\u00f6:<\/b> T\u00e4m\u00e4 konsoli on suunniteltu k\u00e4ytett\u00e4v\u00e4ksi vain sis\u00e4tiloissa, ton ihan t\u00e4ydellinen k\u00e4yt\u00e4ville tai olohuoneille. Se toimii sek\u00e4 k\u00e4yt\u00e4nn\u00f6llisen\u00e4 esineen\u00e4, joka esittelee ja s\u00e4ilytt\u00e4\u00e4 tavaroita, ett\u00e4 sisustuksena, tasapainoittaen kauneuden ja k\u00e4yt\u00e4nn\u00f6llisyyden.<\/li>\n<li><b>Kokoaminen vaaditaan:<\/b> Toimitettu 1 x konsolip\u00f6yd\u00e4n muodossa, se vaatii kokoonpanoa kahdelta henkil\u00f6lt\u00e4 ruuvausty\u00f6kalua k\u00e4ytt\u00e4en. T\u00e4ll\u00e4 varmistetaan p\u00f6yd\u00e4n kest\u00e4v\u00e4 rakenne, joka sopii jokap\u00e4iv\u00e4iseen k\u00e4ytt\u00f6\u00f6n. T\u00e4m\u00e4 vaihe on yksinkertainen, mutta v\u00e4ltt\u00e4\u00e4 vakavan toiminnan kannalta on t\u00e4rke\u00e4\u00e4.<\/li>\n<\/ul>\n<ul>\n<li>V\u00e4ri: Ruskea<\/li>\n<li>Materiaali: Kiinte\u00e4 mango puu<\/li>\n<li>Yleiset mitat: 120 x 33 x 75 cm (P x L x K)<\/li>\n<li>Paino: 18,49 kg<\/li>\n<li>Kest\u00e4v\u00e4<\/li>\n<li>S\u00e4ilytystila<\/li>\n<li>2 laatikoilla<\/li>\n<li>1 hyllyll\u00e4<\/li>\n<li>Kehysmateriaali: Ter\u00e4s<\/li>\n<li>Enimm\u00e4ispaino: 75 kg<\/li>\n<li>Vain sis\u00e4k\u00e4ytt\u00f6\u00f6n<\/li>\n<li>Toimitus-:<\/li>\n<li>1 x Console-P\u00f6yt\u00e4<\/li>\n<li>Kokoonpano vaaditaan: Kyll\u00e4<\/li>\n<\/ul>\n","protected":false},"excerpt":{"rendered":"<ul>\n<li>V\u00e4ri: Ruskea<\/li>\n<li>Materiaali: Kiinte\u00e4 mango puu<\/li>\n<li>Yleiset mitat: 120 x 33 x 75 cm (P x L x K)<\/li>\n<li>Paino: 18,49 kg<\/li>\n<li>Kest\u00e4v\u00e4<\/li>\n<li>S\u00e4ilytystila<\/li>\n<li>2 laatikoilla<\/li>\n<li>1 hyllyll\u00e4<\/li>\n<li>Kehysmateriaali: Ter\u00e4s<\/li>\n<li>Enimm\u00e4ispaino: 75 kg<\/li>\n<li>Vain sis\u00e4k\u00e4ytt\u00f6\u00f6n<\/li>\n<li>Toimitus-:<\/li>\n<li>1 x Console-P\u00f6yt\u00e4<\/li>\n<li>Kokoonpano vaaditaan: Kyll\u00e4<\/li>\n<\/ul>\n","protected":false},"featured_media":100000204722,"comment_status":"closed","ping_status":"closed","template":"","meta":[],"product_brand":[],"product_cat":[8534,84,8533],"product_tag":[],"class_list":{"0":"post-204722","1":"product","2":"type-product","3":"status-publish","4":"has-post-thumbnail","6":"product_cat-apupoydat","7":"product_cat-huonekalut","8":"product_cat-sivupoydat","10":"first","11":"instock","12":"taxable","13":"shipping-taxable","14":"purchasable","15":"product-type-simple"},"_links":{"self":[{"href":"https:\/\/www.otiumhome.fi\/index.php\/wp-json\/wp\/v2\/product\/204722","targetHints":{"allow":["GET"]}}],"collection":[{"href":"https:\/\/www.otiumhome.fi\/index.php\/wp-json\/wp\/v2\/product"}],"about":[{"href":"https:\/\/www.otiumhome.fi\/index.php\/wp-json\/wp\/v2\/types\/product"}],"replies":[{"embeddable":true,"href":"https:\/\/www.otiumhome.fi\/index.php\/wp-json\/wp\/v2\/comments?post=204722"}],"wp:featuredmedia":[{"embeddable":true,"href":"https:\/\/www.otiumhome.fi\/index.php\/wp-json\/"}],"wp:attachment":[{"href":"https:\/\/www.otiumhome.fi\/index.php\/wp-json\/wp\/v2\/media?parent=204722"}],"wp:term":[{"taxonomy":"product_brand","embeddable":true,"href":"https:\/\/www.otiumhome.fi\/index.php\/wp-json\/wp\/v2\/product_brand?post=204722"},{"taxonomy":"product_cat","embeddable":true,"href":"https:\/\/www.otiumhome.fi\/index.php\/wp-json\/wp\/v2\/product_cat?post=204722"},{"taxonomy":"product_tag","embeddable":true,"href":"https:\/\/www.otiumhome.fi\/index.php\/wp-json\/wp\/v2\/product_tag?post=204722"}],"curies":[{"name":"wp","href":"https:\/\/api.w.org\/{rel}","templated":true}]}}