{"id":204711,"date":"2026-01-15T12:29:47","date_gmt":"2026-01-15T12:29:47","guid":{"rendered":"https:\/\/www.otiumhome.fi\/?p=204711"},"modified":"2026-01-16T04:02:44","modified_gmt":"2026-01-16T04:02:44","slug":"pelikayttoon-tarkoitettu-tuoli-kulta-70-x-71-x-136-cm","status":"publish","type":"product","link":"https:\/\/www.otiumhome.fi\/index.php\/tuote\/pelikayttoon-tarkoitettu-tuoli-kulta-70-x-71-x-136-cm\/","title":{"rendered":"Pelik\u00e4ytt\u00f6\u00f6n tarkoitettu tuoli Kulta 70 x 71 x 136 cm"},"content":{"rendered":"<p>T\u00e4m\u00e4 Moderni pelituoli on tehty parantamaan pelikokemustasi. Sen moderni tyyli ja k\u00e4yt\u00e4nn\u00f6llisyys on huippuluokkaa. Sopii t\u00e4ydellisesti pelaajille ja ammattilaisille, jotka kannattaa mukavuutta pitkien ty\u00f6skentelytuntien aikana. Tuolissa on s\u00e4\u00e4dett\u00e4v\u00e4 mekanismi, jonka avulla l\u00f6yd\u00e4t itsellesi parhaan asennon. Keinonahkaverhoilu on tyylik\u00e4s ja helposti puhdistettava, mik\u00e4 tekee siit\u00e4 oivan lis\u00e4n pelihuoneelle, jossa on huomioitu sek\u00e4 estetiikka ett\u00e4 k\u00e4yt\u00e4nn\u00f6llisyys.<\/p>\n<ul>\n<li><b>Keinonahkamukavuus:<\/b> Korkealaatuisen keinonahan ansiosta t\u00e4m\u00e4 pelituoli yhdist\u00e4\u00e4 eleganssin ja kest\u00e4vyyden. Sen moderni ilme tuo tyylin peliasetukseen, ja on helppo puhdistaa.<\/li>\n<li><b>S\u00e4\u00e4dett\u00e4v\u00e4t ominaisuudet:<\/b> Kaasujousij\u00e4rjestelm\u00e4 mahdollistaa korkeus s\u00e4\u00e4t\u00f6\u00e4 helposti, joten voit muokata istumiskokemustasi. Kahvaohjattu mekanismi takaa k\u00e4tev\u00e4n asennon muutoksen mukautuen eri asentoihin.<\/li>\n<li><b>Vankka rakenne:<\/b> T\u00e4ss\u00e4 tuolissa on tukevat jalat ja tasaiset k\u00e4sinojat, jotka tarjoavat mukautuvaa tukea. Kest\u00e4v\u00e4 rakenne takaa vakauden ja pitk\u00e4ik\u00e4isyyden kaikille k\u00e4ytt\u00e4jille.<\/li>\n<li><b>Monipuolinen k\u00e4ytt\u00f6:<\/b> Ihanteellinen pelihuoneisiin tai ammattilaisille, t\u00e4m\u00e4 tuoli sopii hyvin erilaisiin ymp\u00e4rist\u00f6ihin. Sen muotoilu mahdollistaa sijoittamisen k\u00e4tev\u00e4sti eri sisustustyyleihin.<\/li>\n<li><b>Minimalistinen kokoaminen:<\/b> Tuote toimitetaan 1 x pelituoli, jonka kokoaminen on helppoa. Seuraa vain ohjeita, niin saat tyylikk\u00e4\u00e4n tuolin vaivattomasti.<\/li>\n<\/ul>\n<ul>\n<li>V\u00e4ri: Kulta<\/li>\n<li>Materiaali: Keinonahka<\/li>\n<li>Yleiset mitat: 70 x 71 x 136 cm (P x L x K)<\/li>\n<li>Varustettu kaasujousij\u00e4rjestelm\u00e4ll\u00e4 ja nailonipy\u00f6rill\u00e4<\/li>\n<li>Vain sis\u00e4k\u00e4ytt\u00f6\u00f6n<\/li>\n<li>Toimitus-:<\/li>\n<li>1 x Pelituoli<\/li>\n<li>Kokoonpano vaaditaan: Kyll\u00e4<\/li>\n<\/ul>\n","protected":false},"excerpt":{"rendered":"<ul>\n<li>V\u00e4ri: Kulta<\/li>\n<li>Materiaali: Keinonahka<\/li>\n<li>Yleiset mitat: 70 x 71 x 136 cm (P x L x K)<\/li>\n<li>Varustettu kaasujousij\u00e4rjestelm\u00e4ll\u00e4 ja nailonipy\u00f6rill\u00e4<\/li>\n<li>Vain sis\u00e4k\u00e4ytt\u00f6\u00f6n<\/li>\n<li>Toimitus-:<\/li>\n<li>1 x Pelituoli<\/li>\n<li>Kokoonpano vaaditaan: Kyll\u00e4<\/li>\n<\/ul>\n","protected":false},"featured_media":100000204711,"comment_status":"closed","ping_status":"closed","template":"","meta":[],"product_brand":[],"product_cat":[84,8643],"product_tag":[],"class_list":{"0":"post-204711","1":"product","2":"type-product","3":"status-publish","4":"has-post-thumbnail","6":"product_cat-huonekalut","7":"product_cat-tyotuolit","9":"first","10":"instock","11":"taxable","12":"shipping-taxable","13":"purchasable","14":"product-type-simple"},"_links":{"self":[{"href":"https:\/\/www.otiumhome.fi\/index.php\/wp-json\/wp\/v2\/product\/204711","targetHints":{"allow":["GET"]}}],"collection":[{"href":"https:\/\/www.otiumhome.fi\/index.php\/wp-json\/wp\/v2\/product"}],"about":[{"href":"https:\/\/www.otiumhome.fi\/index.php\/wp-json\/wp\/v2\/types\/product"}],"replies":[{"embeddable":true,"href":"https:\/\/www.otiumhome.fi\/index.php\/wp-json\/wp\/v2\/comments?post=204711"}],"wp:featuredmedia":[{"embeddable":true,"href":"https:\/\/www.otiumhome.fi\/index.php\/wp-json\/"}],"wp:attachment":[{"href":"https:\/\/www.otiumhome.fi\/index.php\/wp-json\/wp\/v2\/media?parent=204711"}],"wp:term":[{"taxonomy":"product_brand","embeddable":true,"href":"https:\/\/www.otiumhome.fi\/index.php\/wp-json\/wp\/v2\/product_brand?post=204711"},{"taxonomy":"product_cat","embeddable":true,"href":"https:\/\/www.otiumhome.fi\/index.php\/wp-json\/wp\/v2\/product_cat?post=204711"},{"taxonomy":"product_tag","embeddable":true,"href":"https:\/\/www.otiumhome.fi\/index.php\/wp-json\/wp\/v2\/product_tag?post=204711"}],"curies":[{"name":"wp","href":"https:\/\/api.w.org\/{rel}","templated":true}]}}