{"id":204339,"date":"2026-01-14T02:38:26","date_gmt":"2026-01-14T02:38:26","guid":{"rendered":"https:\/\/www.otiumhome.fi\/?p=204339"},"modified":"2026-01-14T06:46:01","modified_gmt":"2026-01-14T06:46:01","slug":"sangyn-runko-valkoinen-80-x-200-cm-massiivinen-manty","status":"publish","type":"product","link":"https:\/\/www.otiumhome.fi\/index.php\/tuote\/sangyn-runko-valkoinen-80-x-200-cm-massiivinen-manty\/","title":{"rendered":"S\u00e4ngyn runko Valkoinen 80 x 200 cm Massiivinen m\u00e4nty"},"content":{"rendered":"<p>Moderni s\u00e4nkykehys tuo tyylik\u00e4st\u00e4 eleganssia makuuhuoneeseen. Valmistettu massiivisesta m\u00e4nnyst\u00e4, t\u00e4m\u00e4 kehys on simppeli ja toimiva, joten se sopii nykyaikaiseen sisustukseen. Vankka rakenne takaa kest\u00e4vyyden ja tarjoaa tukevan pohjan rauhallisille y\u00f6unille. Suunnittelu toimii hyvin erilaisissa tyyleiss\u00e4, tuoden monipuolisuutta ja ajattoman vieh\u00e4tyksen, jossa mukavuus kohtaa nykyaikaisuuden kompaktiin pakettiin, joka on t\u00e4ydellinen kev\u00e4t- tai talviasetuksiin.<\/p>\n<ul>\n<li><b>Massiivinen m\u00e4nty rakenne<\/b> Koe voiman ja kauneuden yhdistelm\u00e4 t\u00e4ss\u00e4 modernissa s\u00e4ngyss\u00e4, joka on valmistettu t\u00e4ysin korkealaatuisesta massiivim\u00e4nnyst\u00e4. T\u00e4m\u00e4 materiaali tekee s\u00e4ngyst\u00e4si kest\u00e4v\u00e4n keskipisteen makuuhuoneeseesi, vastustaa kulutusta samalla, kun se tuo mukavaa l\u00e4mp\u00f6\u00e4 ja orgaanista vieh\u00e4tysvoimaa.<\/li>\n<li><b>Kiinte\u00e4 s\u00e4lepohja<\/b> Kun siin\u00e4 on kiinte\u00e4 s\u00e4lepohja, t\u00e4m\u00e4 malli tarjoaa tukevasti tukea, mik\u00e4 takaa vakautta ja tekee siit\u00e4 yhteensopivan erilaisten patjojen kanssa. Kiinte\u00e4t s\u00e4leet jakavat painoa tasaisesti, parantaen unesi mukavuutta ja mahdollistaen hyv\u00e4n ilmanvaihdon.<\/li>\n<li><b>Viimeistelty ja tyylik\u00e4s selk\u00e4osa<\/b> Huomio esteettisiin yksityiskohtiin; s\u00e4ngyn selk\u00e4osa on tyylikk\u00e4\u00e4sti viimeistelty, joten se on kaunis kaikista suunnista. T\u00e4m\u00e4 on t\u00e4rke\u00e4\u00e4 avonaisissa tiloissa tai kun s\u00e4nky on kaukana sein\u00e4st\u00e4.<\/li>\n<li><b>Yksinkertainen kokoamisprosessi<\/b> Kokoaminen vaatii vain pari kaveria ja ruuvimeisselin, joten s\u00e4nkykehys on nopea saada k\u00e4ytt\u00f6\u00f6n. Kaikki osat on suunniteltu hyvin istuviksi, joten kokoaminen on tehokasta ja tyydytt\u00e4v\u00e4\u00e4.<\/li>\n<li><b>Vaivaton kunnossapito<\/b> S\u00e4ngyn kehyksen puhtaana pit\u00e4minen on helppoa: vain pyyhk\u00e4ise kostealla liinalla p\u00f6ly tai roiskeet pois. Helppo hoito auttaa pit\u00e4m\u00e4\u00e4n s\u00e4ngyn n\u00e4ytt\u00e4v\u00e4n\u00e4 ja kest\u00e4v\u00e4 jo pitk\u00e4\u00e4n.<\/li>\n<\/ul>\n<ul>\n<li>V\u00e4ri: Valkoinen<\/li>\n<li>Materiaali: Massiivinen m\u00e4nty<\/li>\n<li>Kehysmateriaali: T\u00e4ysi m\u00e4nty<\/li>\n<li>Yleiset mitat: 207 x 87 x 17 cm (P x L x K)<\/li>\n<li>Patjan koko: Pieni yhden hengen s\u00e4nky (80 cm x 200 cm \/ 31&#8243; x 79&#8243;)<\/li>\n<li>Enimm\u00e4ispaino: 100 kg<\/li>\n<li>Onko slated kehys: Kyll\u00e4<\/li>\n<li>Enimm\u00e4ism\u00e4\u00e4r\u00e4 ihmisi\u00e4: 1<\/li>\n<li>Kest\u00e4v\u00e4<\/li>\n<li>S\u00e4ngyn korkeus: 31 cm<\/li>\n<li>Yhteensopiva patjan koko: 80 x 200 cm (L x P)<\/li>\n<li>Toimitus-:<\/li>\n<li>1 x S\u00e4nkykeh\u00e4<\/li>\n<\/ul>\n","protected":false},"excerpt":{"rendered":"<ul>\n<li>V\u00e4ri: Valkoinen<\/li>\n<li>Materiaali: Massiivinen m\u00e4nty<\/li>\n<li>Kehysmateriaali: T\u00e4ysi m\u00e4nty<\/li>\n<li>Yleiset mitat: 207 x 87 x 17 cm (P x L x K)<\/li>\n<li>Patjan koko: Pieni yhden hengen s\u00e4nky (80 cm x 200 cm \/ 31&#8243; x 79&#8243;)<\/li>\n<li>Enimm\u00e4ispaino: 100 kg<\/li>\n<li>Onko slated kehys: Kyll\u00e4<\/li>\n<li>Enimm\u00e4ism\u00e4\u00e4r\u00e4 ihmisi\u00e4: 1<\/li>\n<li>Kest\u00e4v\u00e4<\/li>\n<li>S\u00e4ngyn korkeus: 31 cm<\/li>\n<li>Yhteensopiva patjan koko: 80 x 200 cm (L x P)<\/li>\n<li>Toimitus-:<\/li>\n<li>1 x S\u00e4nkykeh\u00e4<\/li>\n<\/ul>\n","protected":false},"featured_media":100000204339,"comment_status":"closed","ping_status":"closed","template":"","meta":[],"product_brand":[],"product_cat":[84,8638],"product_tag":[],"class_list":{"0":"post-204339","1":"product","2":"type-product","3":"status-publish","4":"has-post-thumbnail","6":"product_cat-huonekalut","7":"product_cat-sangyt-sangynrungot","9":"first","10":"instock","11":"taxable","12":"shipping-taxable","13":"purchasable","14":"product-type-simple"},"_links":{"self":[{"href":"https:\/\/www.otiumhome.fi\/index.php\/wp-json\/wp\/v2\/product\/204339","targetHints":{"allow":["GET"]}}],"collection":[{"href":"https:\/\/www.otiumhome.fi\/index.php\/wp-json\/wp\/v2\/product"}],"about":[{"href":"https:\/\/www.otiumhome.fi\/index.php\/wp-json\/wp\/v2\/types\/product"}],"replies":[{"embeddable":true,"href":"https:\/\/www.otiumhome.fi\/index.php\/wp-json\/wp\/v2\/comments?post=204339"}],"wp:featuredmedia":[{"embeddable":true,"href":"https:\/\/www.otiumhome.fi\/index.php\/wp-json\/"}],"wp:attachment":[{"href":"https:\/\/www.otiumhome.fi\/index.php\/wp-json\/wp\/v2\/media?parent=204339"}],"wp:term":[{"taxonomy":"product_brand","embeddable":true,"href":"https:\/\/www.otiumhome.fi\/index.php\/wp-json\/wp\/v2\/product_brand?post=204339"},{"taxonomy":"product_cat","embeddable":true,"href":"https:\/\/www.otiumhome.fi\/index.php\/wp-json\/wp\/v2\/product_cat?post=204339"},{"taxonomy":"product_tag","embeddable":true,"href":"https:\/\/www.otiumhome.fi\/index.php\/wp-json\/wp\/v2\/product_tag?post=204339"}],"curies":[{"name":"wp","href":"https:\/\/api.w.org\/{rel}","templated":true}]}}