{"id":204275,"date":"2026-01-14T00:27:33","date_gmt":"2026-01-14T00:27:33","guid":{"rendered":"https:\/\/www.otiumhome.fi\/?p=204275"},"modified":"2026-01-14T00:33:50","modified_gmt":"2026-01-14T00:33:50","slug":"sangyn-runko-paatylla-ruskea-140-x-200-cm-massiivinen-manty","status":"vdl_in_progress","type":"product","link":"https:\/\/www.otiumhome.fi\/index.php\/tuote\/sangyn-runko-paatylla-ruskea-140-x-200-cm-massiivinen-manty\/","title":{"rendered":"S\u00e4ngyn runko p\u00e4\u00e4tyll\u00e4 Ruskea 140 x 200 cm Massiivinen m\u00e4nty"},"content":{"rendered":"<p>T\u00e4m\u00e4 moderni s\u00e4nkykehys yhdist\u00e4\u00e4 yksinkertaisuuden ja k\u00e4yt\u00e4nn\u00f6llisyyden, sopii t\u00e4ydellisesti nykyaikaiseen makkariin. Tehty kest\u00e4v\u00e4st\u00e4 m\u00e4nnyst\u00e4, t\u00e4\u00e4 s\u00e4nkykehys tarjoaa siiistin pinnan ja tukevan rakenteen, ilman liikaa koristelua. T\u00e4m\u00e4 alustas\u00e4nky tuo tukea erilaisille patjatyypeille ilman laatikostoa. Ihan mahtavaa syksyyn ja talveen, se lupaa mukavuutta ja tyyli\u00e4.<\/p>\n<ul>\n<li><b>Kest\u00e4v\u00e4 m\u00e4nty:<\/b> Kehys, p\u00e4\u00e4ty ja jalat on tehty laadukkaasta kest\u00e4v\u00e4st\u00e4 m\u00e4nnyst\u00e4, mik\u00e4 takaa vankan rakenteen ja tyylikk\u00e4\u00e4n pinnan. T\u00e4\u00e4 materiaali on todella kest\u00e4v\u00e4, joten s\u00e4nkykehys pysyy osana makkariasi pitk\u00e4\u00e4n.<\/li>\n<li><b>Integraaliosat:<\/b> S\u00e4nky on varustettu vahvalla alustas\u00e4lepohjalla, joka antaa hyv\u00e4\u00e4 tukea patjallesi. Kaunis p\u00e4\u00e4ty tekee ilmeest\u00e4 elegantin, ja se on tehty samasta kest\u00e4v\u00e4st\u00e4 m\u00e4nnyst\u00e4, joten tyyli on yhten\u00e4inen.<\/li>\n<li><b>USB-kyvykkyys:<\/b> Kehys sis\u00e4lt\u00e4\u00e4 USB-latauspaikan, jossa voit ladata laitteita suoraan s\u00e4ngyn vierest\u00e4. T\u00e4m\u00e4 tuo modernia k\u00e4tevyytt\u00e4 nykyaikaiseen el\u00e4m\u00e4\u00e4n.<\/li>\n<li><b>Tyylik\u00e4s moderni muotoilu:<\/b> Selke\u00e4t linjat ja v\u00e4h\u00e4iset koristelut tekev\u00e4t t\u00e4st\u00e4 s\u00e4ngyst\u00e4 esteettisen ja sopivan monenlaisiin sisustuksiin. Sen vaatimaton eleganssi parantaa nykyaikaisen makkariin vetovoimaa.<\/li>\n<li><b>Helppo huolto:<\/b> Sile\u00e4 m\u00e4ntyinen pinta tarvitsee vain kevyen pyyhinn\u00e4n kostealla liinalla, joten sen ulkon\u00e4k\u00f6 pysyy hyv\u00e4n\u00e4 hyvin pitk\u00e4\u00e4n.<\/li>\n<\/ul>\n<ul>\n<li>V\u00e4ri: Ruskea<\/li>\n<li>Materiaali: Massiivinen m\u00e4nty<\/li>\n<li>Kehysmateriaali: T\u00e4ysi m\u00e4nty<\/li>\n<li>Yleiset mitat: 212 x 145,5 x 73 cm (P x L x K)<\/li>\n<li>Patjan koko: Kahden hengen s\u00e4nky (140 cm x 200 cm \/ 55&#8243; x 79&#8243;)<\/li>\n<li>Enimm\u00e4ispaino: 200 kg<\/li>\n<li>Onko slated kehys: Kyll\u00e4<\/li>\n<li>Enimm\u00e4ism\u00e4\u00e4r\u00e4 ihmisi\u00e4: 1<\/li>\n<li>Kest\u00e4v\u00e4<\/li>\n<li>Helppo puhdistaa<\/li>\n<li>Helppo kokoaminen<\/li>\n<li>S\u00e4ngyn korkeus: 31 cm<\/li>\n<li>Kokoonpano vaaditaan: Kyll\u00e4<\/li>\n<li>Toimitus-:<\/li>\n<li>1 x s\u00e4ngynrunko<\/li>\n<li>1 x s\u00e4ngynp\u00e4\u00e4ty<\/li>\n<\/ul>\n","protected":false},"excerpt":{"rendered":"<ul>\n<li>V\u00e4ri: Ruskea<\/li>\n<li>Materiaali: Massiivinen m\u00e4nty<\/li>\n<li>Kehysmateriaali: T\u00e4ysi m\u00e4nty<\/li>\n<li>Yleiset mitat: 212 x 145,5 x 73 cm (P x L x K)<\/li>\n<li>Patjan koko: Kahden hengen s\u00e4nky (140 cm x 200 cm \/ 55&#8243; x 79&#8243;)<\/li>\n<li>Enimm\u00e4ispaino: 200 kg<\/li>\n<li>Onko slated kehys: Kyll\u00e4<\/li>\n<li>Enimm\u00e4ism\u00e4\u00e4r\u00e4 ihmisi\u00e4: 1<\/li>\n<li>Kest\u00e4v\u00e4<\/li>\n<li>Helppo puhdistaa<\/li>\n<li>Helppo kokoaminen<\/li>\n<li>S\u00e4ngyn korkeus: 31 cm<\/li>\n<li>Kokoonpano vaaditaan: Kyll\u00e4<\/li>\n<li>Toimitus-:<\/li>\n<li>1 x s\u00e4ngynrunko<\/li>\n<li>1 x s\u00e4ngynp\u00e4\u00e4ty<\/li>\n<\/ul>\n","protected":false},"featured_media":100000204275,"comment_status":"closed","ping_status":"closed","template":"","meta":[],"product_brand":[],"product_cat":[84,8638],"product_tag":[],"class_list":{"0":"post-204275","1":"product","2":"type-product","3":"status-vdl_in_progress","4":"has-post-thumbnail","6":"product_cat-huonekalut","7":"product_cat-sangyt-sangynrungot","9":"first","10":"instock","11":"taxable","12":"shipping-taxable","13":"product-type-simple"},"_links":{"self":[{"href":"https:\/\/www.otiumhome.fi\/index.php\/wp-json\/wp\/v2\/product\/204275","targetHints":{"allow":["GET"]}}],"collection":[{"href":"https:\/\/www.otiumhome.fi\/index.php\/wp-json\/wp\/v2\/product"}],"about":[{"href":"https:\/\/www.otiumhome.fi\/index.php\/wp-json\/wp\/v2\/types\/product"}],"replies":[{"embeddable":true,"href":"https:\/\/www.otiumhome.fi\/index.php\/wp-json\/wp\/v2\/comments?post=204275"}],"wp:featuredmedia":[{"embeddable":true,"href":"https:\/\/www.otiumhome.fi\/index.php\/wp-json\/"}],"wp:attachment":[{"href":"https:\/\/www.otiumhome.fi\/index.php\/wp-json\/wp\/v2\/media?parent=204275"}],"wp:term":[{"taxonomy":"product_brand","embeddable":true,"href":"https:\/\/www.otiumhome.fi\/index.php\/wp-json\/wp\/v2\/product_brand?post=204275"},{"taxonomy":"product_cat","embeddable":true,"href":"https:\/\/www.otiumhome.fi\/index.php\/wp-json\/wp\/v2\/product_cat?post=204275"},{"taxonomy":"product_tag","embeddable":true,"href":"https:\/\/www.otiumhome.fi\/index.php\/wp-json\/wp\/v2\/product_tag?post=204275"}],"curies":[{"name":"wp","href":"https:\/\/api.w.org\/{rel}","templated":true}]}}