{"id":204252,"date":"2026-01-14T00:03:47","date_gmt":"2026-01-14T00:03:47","guid":{"rendered":"https:\/\/www.otiumhome.fi\/?p=204252"},"modified":"2026-01-14T00:09:38","modified_gmt":"2026-01-14T00:09:38","slug":"sangyn-runko-paatylla-valkoinen-100-x-200-cm-massiivinen-manty","status":"vdl_in_progress","type":"product","link":"https:\/\/www.otiumhome.fi\/index.php\/tuote\/sangyn-runko-paatylla-valkoinen-100-x-200-cm-massiivinen-manty\/","title":{"rendered":"S\u00e4ngyn runko p\u00e4\u00e4tyll\u00e4 Valkoinen 100 x 200 cm Massiivinen m\u00e4nty"},"content":{"rendered":"<p>T\u00e4m\u00e4 s\u00e4ngynrunko s\u00e4ngynp\u00e4\u00e4dyll\u00e4 on moderni lis\u00e4 makuuhuoneeseesi. Valmistettu kest\u00e4v\u00e4st\u00e4 m\u00e4nnyst\u00e4, siin\u00e4 on suorakulmainen muoto, jossa on sileit\u00e4 pintoja, jotka lis\u00e4\u00e4v\u00e4t sen yleisilmett\u00e4. Se sopii t\u00e4ydellisesti minimalistiseen tai moderniin ymp\u00e4rist\u00f6\u00f6n ja tarjoaa tukevan tuen patjalle sek\u00e4 lis\u00e4\u00e4 ripauksen eleganssia ja yksinkertaisuutta nukkumatilaasi.<\/p>\n<ul>\n<li><b>Vankka m\u00e4ntyrunko:<\/b> T\u00e4m\u00e4 s\u00e4nkykaappi on valmistettu kest\u00e4v\u00e4st\u00e4 m\u00e4nnyst\u00e4, joka on tunnettu kest\u00e4vyydest\u00e4\u00e4n. Sen luotettava rakenne tuo varmuutta ja varmistaa, ett\u00e4 patjasi saa tukevan perustan. Lis\u00e4ksi puun luonnolliset syyt tuovat kauniin ilmeen mihin tahansa makuuhuoneeseen.<\/li>\n<li><b>Alustas\u00e4lepohja:<\/b> Tasainen tuki patjalle ilman pussityyny\u00e4. Tihe\u00e4t s\u00e4leet est\u00e4v\u00e4t notkumista ja tekev\u00e4t unesta rauhallisempaa ja \u00e4\u00e4nekk\u00e4ist\u00e4.<\/li>\n<li><b>Moderni yksinkertaisuus:<\/b> Suunnittelu tuo esiin puhtaat linjat, jotka sopivat moderniin tyyliin ja tekev\u00e4t huoneesta esteettisesti miellytt\u00e4v\u00e4n. T\u00e4m\u00e4 yksinkertainen vieh\u00e4tys integroituu helposti erilaisiin sisustustyyleihin.<\/li>\n<li><b>USB-virtapiste:<\/b> Varustettu mukavilla USB-porteilla, t\u00e4m\u00e4 s\u00e4nkykaappi vastaa nykyaikaisia tarpeita ja pit\u00e4\u00e4 laiteet aina kunnossa ilman ylim\u00e4\u00e4r\u00e4isi\u00e4 johtoja.<\/li>\n<li><b>Helppo huolto:<\/b> S\u00e4ngyn huoltaminen on vaivatonta, vain pyyhk\u00e4ise se kostealla liinalla. T\u00e4m\u00e4 takaa s\u00e4ngyn rungon keston ja kauneuden vuosikausiksi.<\/li>\n<\/ul>\n<ul>\n<li>V\u00e4ri: Valkoinen<\/li>\n<li>Materiaali: Massiivinen m\u00e4nty<\/li>\n<li>Kehysmateriaali: T\u00e4ysi m\u00e4nty<\/li>\n<li>Yleiset mitat: 212 x 105,5 x 73 cm (P x L x K)<\/li>\n<li>Patjan koko: Leve\u00e4 yhden hengen s\u00e4nky (100 cm x 200 cm \/ 39&#8243; x 79&#8243;)<\/li>\n<li>Enimm\u00e4ispaino: 100 kg<\/li>\n<li>Onko slated kehys: Kyll\u00e4<\/li>\n<li>Enimm\u00e4ism\u00e4\u00e4r\u00e4 ihmisi\u00e4: 1<\/li>\n<li>Kest\u00e4v\u00e4<\/li>\n<li>Helppo puhdistaa<\/li>\n<li>Helppo kokoaminen<\/li>\n<li>S\u00e4ngyn korkeus: 31 cm<\/li>\n<li>Kokoonpano vaaditaan: Kyll\u00e4<\/li>\n<li>Toimitus-:<\/li>\n<li>1 x s\u00e4ngynrunko<\/li>\n<li>1 x s\u00e4ngynp\u00e4\u00e4ty<\/li>\n<\/ul>\n","protected":false},"excerpt":{"rendered":"<ul>\n<li>V\u00e4ri: Valkoinen<\/li>\n<li>Materiaali: Massiivinen m\u00e4nty<\/li>\n<li>Kehysmateriaali: T\u00e4ysi m\u00e4nty<\/li>\n<li>Yleiset mitat: 212 x 105,5 x 73 cm (P x L x K)<\/li>\n<li>Patjan koko: Leve\u00e4 yhden hengen s\u00e4nky (100 cm x 200 cm \/ 39&#8243; x 79&#8243;)<\/li>\n<li>Enimm\u00e4ispaino: 100 kg<\/li>\n<li>Onko slated kehys: Kyll\u00e4<\/li>\n<li>Enimm\u00e4ism\u00e4\u00e4r\u00e4 ihmisi\u00e4: 1<\/li>\n<li>Kest\u00e4v\u00e4<\/li>\n<li>Helppo puhdistaa<\/li>\n<li>Helppo kokoaminen<\/li>\n<li>S\u00e4ngyn korkeus: 31 cm<\/li>\n<li>Kokoonpano vaaditaan: Kyll\u00e4<\/li>\n<li>Toimitus-:<\/li>\n<li>1 x s\u00e4ngynrunko<\/li>\n<li>1 x s\u00e4ngynp\u00e4\u00e4ty<\/li>\n<\/ul>\n","protected":false},"featured_media":100000204252,"comment_status":"closed","ping_status":"closed","template":"","meta":[],"product_brand":[],"product_cat":[84,8638],"product_tag":[],"class_list":{"0":"post-204252","1":"product","2":"type-product","3":"status-vdl_in_progress","4":"has-post-thumbnail","6":"product_cat-huonekalut","7":"product_cat-sangyt-sangynrungot","9":"first","10":"instock","11":"taxable","12":"shipping-taxable","13":"product-type-simple"},"_links":{"self":[{"href":"https:\/\/www.otiumhome.fi\/index.php\/wp-json\/wp\/v2\/product\/204252","targetHints":{"allow":["GET"]}}],"collection":[{"href":"https:\/\/www.otiumhome.fi\/index.php\/wp-json\/wp\/v2\/product"}],"about":[{"href":"https:\/\/www.otiumhome.fi\/index.php\/wp-json\/wp\/v2\/types\/product"}],"replies":[{"embeddable":true,"href":"https:\/\/www.otiumhome.fi\/index.php\/wp-json\/wp\/v2\/comments?post=204252"}],"wp:featuredmedia":[{"embeddable":true,"href":"https:\/\/www.otiumhome.fi\/index.php\/wp-json\/"}],"wp:attachment":[{"href":"https:\/\/www.otiumhome.fi\/index.php\/wp-json\/wp\/v2\/media?parent=204252"}],"wp:term":[{"taxonomy":"product_brand","embeddable":true,"href":"https:\/\/www.otiumhome.fi\/index.php\/wp-json\/wp\/v2\/product_brand?post=204252"},{"taxonomy":"product_cat","embeddable":true,"href":"https:\/\/www.otiumhome.fi\/index.php\/wp-json\/wp\/v2\/product_cat?post=204252"},{"taxonomy":"product_tag","embeddable":true,"href":"https:\/\/www.otiumhome.fi\/index.php\/wp-json\/wp\/v2\/product_tag?post=204252"}],"curies":[{"name":"wp","href":"https:\/\/api.w.org\/{rel}","templated":true}]}}