{"id":204104,"date":"2026-01-13T21:37:30","date_gmt":"2026-01-13T21:37:30","guid":{"rendered":"https:\/\/www.otiumhome.fi\/?p=204104"},"modified":"2026-01-13T21:42:44","modified_gmt":"2026-01-13T21:42:44","slug":"sangyn-runko-valkoinen-160-x-200-cm-massiivinen-manty","status":"vdl_in_progress","type":"product","link":"https:\/\/www.otiumhome.fi\/index.php\/tuote\/sangyn-runko-valkoinen-160-x-200-cm-massiivinen-manty\/","title":{"rendered":"S\u00e4ngyn runko Valkoinen 160 x 200 cm Massiivinen m\u00e4nty"},"content":{"rendered":"<p>T\u00e4\u00e4 moderni s\u00e4nkyrunko edustaa yksinkertaisuutta ja k\u00e4yt\u00e4nn\u00f6llisyytt\u00e4, puhtailla linjoilla ja v\u00e4h\u00e4isell\u00e4 koristelulla. Se on t\u00e4ydellinen nykyaikaiseen makuuhuoneeseen. Valmistettu kest\u00e4v\u00e4st\u00e4 t\u00e4ysist\u00e4 m\u00e4ntybordeista, tarjoaa t\u00e4\u00e4 s\u00e4nkyrunko tukevan, mutta tyylikk\u00e4\u00e4n ratkaisun nukkumatilallesi. Kuvittele se keskipisteen\u00e4 miss\u00e4 tahansa makuuhuoneessa, sulautuen saumattomasti eri sisustuksiin ja tarjoten luotettavaa tukea rauhallisiin \u00f6ihin.<\/p>\n<ul>\n<li><b>T\u00e4ysi m\u00e4nty materiaali:<\/b> S\u00e4nkyrunko on tehty kest\u00e4v\u00e4st\u00e4 t\u00e4ysist\u00e4 m\u00e4ntypuista, joka tuo lujuutta ja pitk\u00e4ik\u00e4isyytt\u00e4. T\u00e4m\u00e4 luonnollinen materiaali on sile\u00e4 ja siin\u00e4 on kauniit estetiikat, joten se on valinta niille, jotka arvostaa voimaa ja kauneutta makuuhuoneessaan. Kest\u00e4v\u00e4 laatu varmistaa, ett\u00e4 se pysyy osana kotia monia vuosia.<\/li>\n<li><b>Alustas\u00e4lepohja:<\/b> T\u00e4\u00e4 s\u00e4nkyrunko on varustettu alustas\u00e4lepohjalla, joka antaa tukevan ja tasaisen tuen patjalle ilman laatikkopohjan tarvetta. Sen tihe\u00e4t s\u00e4leet parantaa patjan mukavuutta ja tukevat unelaatua pitk\u00e4ik\u00e4isyyden nimiss\u00e4.<\/li>\n<li><b>Sile\u00e4 moderni suunnittelu:<\/b> Moderni muotoilu, puhtaat linjat ja sile\u00e4 viimeistely sulauttaa s\u00e4nkyrungon kauniisti moderneihin makuuhuoneisiin. Yksinkertaisuus mahdollistaa sen yhdist\u00e4misen eri sisustustyyleihin, yll\u00e4pit\u00e4m\u00e4tt\u00e4 elegantin ja hienostuneen ilmeen.<\/li>\n<li><b>Monipuolinen makuuhuoneen soveltuvuus:<\/b> T\u00e4ydellinen mihin tahansa makuuhuoneeseen, s\u00e4ngyn yksinkertainen muotoilu sopii aikuisille ja nuorille. Monipuolisuus takaa, ett\u00e4 se istuu hyvin vierashuoneeseen, p\u00e4\u00e4makuuhuoneeseen tai hienostuneena lis\u00e4n\u00e4 lastenhuoneisiin.<\/li>\n<li><b>Vaivaton huolto:<\/b> T\u00e4m\u00e4n s\u00e4nkyrungon huoltaminen on helppoa. Pyyhi se vain kostealla liinalla p\u00f6lyn poistamiseksi ja s\u00e4ilyt\u00e4 sen moitteeton ulkon\u00e4k\u00f6 ilman suuria siivouksia tai huoltorutiineja.<\/li>\n<\/ul>\n<ul>\n<li>V\u00e4ri: Valkoinen<\/li>\n<li>Materiaali: Massiivinen m\u00e4nty<\/li>\n<li>Kehysmateriaali: T\u00e4ysi m\u00e4nty<\/li>\n<li>Yleiset mitat: 207 x 167 x 40 cm (P x L x K)<\/li>\n<li>Patjan koko: King (160 cm x 200 cm \/ 63&#8243; x 79&#8243;)<\/li>\n<li>Enimm\u00e4ispaino: 200 kg<\/li>\n<li>Onko slated kehys: Kyll\u00e4<\/li>\n<li>Enimm\u00e4ism\u00e4\u00e4r\u00e4 ihmisi\u00e4: 1<\/li>\n<li>Kest\u00e4v\u00e4<\/li>\n<li>Yhteensopiva patjakoko: 160 x 200 cm (L x P)<\/li>\n<li>Kokoonpano vaaditaan: Kyll\u00e4<\/li>\n<li>Toimitus-:<\/li>\n<li>1 x S\u00e4nkykeh\u00e4<\/li>\n<\/ul>\n","protected":false},"excerpt":{"rendered":"<ul>\n<li>V\u00e4ri: Valkoinen<\/li>\n<li>Materiaali: Massiivinen m\u00e4nty<\/li>\n<li>Kehysmateriaali: T\u00e4ysi m\u00e4nty<\/li>\n<li>Yleiset mitat: 207 x 167 x 40 cm (P x L x K)<\/li>\n<li>Patjan koko: King (160 cm x 200 cm \/ 63&#8243; x 79&#8243;)<\/li>\n<li>Enimm\u00e4ispaino: 200 kg<\/li>\n<li>Onko slated kehys: Kyll\u00e4<\/li>\n<li>Enimm\u00e4ism\u00e4\u00e4r\u00e4 ihmisi\u00e4: 1<\/li>\n<li>Kest\u00e4v\u00e4<\/li>\n<li>Yhteensopiva patjakoko: 160 x 200 cm (L x P)<\/li>\n<li>Kokoonpano vaaditaan: Kyll\u00e4<\/li>\n<li>Toimitus-:<\/li>\n<li>1 x S\u00e4nkykeh\u00e4<\/li>\n<\/ul>\n","protected":false},"featured_media":100000204104,"comment_status":"closed","ping_status":"closed","template":"","meta":[],"product_brand":[],"product_cat":[84,8638],"product_tag":[],"class_list":{"0":"post-204104","1":"product","2":"type-product","3":"status-vdl_in_progress","4":"has-post-thumbnail","6":"product_cat-huonekalut","7":"product_cat-sangyt-sangynrungot","9":"first","10":"instock","11":"taxable","12":"shipping-taxable","13":"product-type-simple"},"_links":{"self":[{"href":"https:\/\/www.otiumhome.fi\/index.php\/wp-json\/wp\/v2\/product\/204104","targetHints":{"allow":["GET"]}}],"collection":[{"href":"https:\/\/www.otiumhome.fi\/index.php\/wp-json\/wp\/v2\/product"}],"about":[{"href":"https:\/\/www.otiumhome.fi\/index.php\/wp-json\/wp\/v2\/types\/product"}],"replies":[{"embeddable":true,"href":"https:\/\/www.otiumhome.fi\/index.php\/wp-json\/wp\/v2\/comments?post=204104"}],"wp:featuredmedia":[{"embeddable":true,"href":"https:\/\/www.otiumhome.fi\/index.php\/wp-json\/"}],"wp:attachment":[{"href":"https:\/\/www.otiumhome.fi\/index.php\/wp-json\/wp\/v2\/media?parent=204104"}],"wp:term":[{"taxonomy":"product_brand","embeddable":true,"href":"https:\/\/www.otiumhome.fi\/index.php\/wp-json\/wp\/v2\/product_brand?post=204104"},{"taxonomy":"product_cat","embeddable":true,"href":"https:\/\/www.otiumhome.fi\/index.php\/wp-json\/wp\/v2\/product_cat?post=204104"},{"taxonomy":"product_tag","embeddable":true,"href":"https:\/\/www.otiumhome.fi\/index.php\/wp-json\/wp\/v2\/product_tag?post=204104"}],"curies":[{"name":"wp","href":"https:\/\/api.w.org\/{rel}","templated":true}]}}