{"id":204085,"date":"2026-01-13T21:31:46","date_gmt":"2026-01-13T21:31:46","guid":{"rendered":"https:\/\/www.otiumhome.fi\/?p=204085"},"modified":"2026-01-13T21:37:24","modified_gmt":"2026-01-13T21:37:24","slug":"sangyn-runko-luonnollinen-5ft-king-size-massiivinen-manty","status":"vdl_in_progress","type":"product","link":"https:\/\/www.otiumhome.fi\/index.php\/tuote\/sangyn-runko-luonnollinen-5ft-king-size-massiivinen-manty\/","title":{"rendered":"S\u00e4ngyn runko Luonnollinen 5FT King Size Massiivinen m\u00e4nty"},"content":{"rendered":"<p>T\u00e4m\u00e4 Moderni S\u00e4ngynrunko tuo esiin yksinkertaisuuden ja eleganssin, sopien moderniin makuuhuoneeseen, jossa toiminnallisuus ja esteettisyys ovat keski\u00f6ss\u00e4. Sen minimalistinen muotoilu muuttuu helposti eri sisustustyyleihin. K\u00e4ytt\u00e4j\u00e4yst\u00e4v\u00e4llinen s\u00e4nky vet\u00e4\u00e4 puoleensa niit\u00e4, jotka arvostavat selkeit\u00e4 linjoja ja k\u00e4yt\u00e4nn\u00f6llisi\u00e4 ratkaisuja. Tyylik\u00e4s ja suorakulmainen muoto tuo huoneeseen ripauksen hienostuneisuutta. Se on t\u00e4ydellinen sek\u00e4 aikuisille ett\u00e4 lapsille, kutsuen mukavuutta ja l\u00e4mp\u00f6\u00e4 jokaiseen nukkumistilaan.<\/p>\n<ul>\n<li><b>Kiinte\u00e4 M\u00e4nnyksimateriaali:<\/b> S\u00e4nky on tehty kest\u00e4v\u00e4st\u00e4 kiinte\u00e4st\u00e4 m\u00e4nnyst\u00e4, joka on luonnollisen kaunis ja kest\u00e4v\u00e4. Se tarjoaa vankan perustan y\u00f6levolle ja yhdist\u00e4\u00e4 toimivuuden ja tyylin. Puun kauniit syyt ja l\u00e4mpim\u00e4t s\u00e4vyt tuovat luonteen makuuhuoneeseesi.<\/li>\n<li><b>Toiminnallinen S\u00e4ngynp\u00e4\u00e4ty:<\/b> M\u00e4nnyst\u00e4 valmistettu s\u00e4ngynp\u00e4\u00e4ty parantaa estetiikkaa ja tukee mukavasti lukemista tai rentoutumista y\u00f6ll\u00e4. Huolellisesti muotoillut ja kest\u00e4v\u00e4t muodot tekev\u00e4t jokaisesta rentoutumisen hetkest\u00e4 mukavan.<\/li>\n<li><b>K\u00e4yt\u00e4nn\u00f6llinen Kiinte\u00e4 S\u00e4lepohja:<\/b> S\u00e4lepohja varmistaa tukevan tuen uneen, yhdist\u00e4m\u00e4ll\u00e4 laadun ja edullisuuden. Vaikka joustavuus on v\u00e4h\u00e4ist\u00e4, se tarjoaa silti riitt\u00e4v\u00e4sti ilmanvaihtoa auttaen patjan raikkautta.<\/li>\n<li><b>Helppo Hoito ja Huolto:<\/b> S\u00e4ngynrunko on helppohoitoinen, vain kostealla liinalla pyyhkim\u00e4ll\u00e4 s\u00e4ilyt\u00e4t sen hyv\u00e4ss\u00e4 kunnossa, mik\u00e4 s\u00e4\u00e4st\u00e4\u00e4 aikaa ja vaivann\u00e4k\u00f6\u00e4.<\/li>\n<li><b>Tehokas Kokoaminen:<\/b> Komponentit on suunniteltu helpottamaan kokoamista, jotka vaativat kaksi henkil\u00f6\u00e4 ja ruuvimeisseli\u00e4, mik\u00e4 varmistaa turvallisen rakenteen. Kokoamisprosessi on sujuva ja tehokas.<\/li>\n<\/ul>\n<ul>\n<li>V\u00e4ri: Luonnollinen<\/li>\n<li>Materiaali: Massiivinen m\u00e4nty<\/li>\n<li>Kehysmateriaali: T\u00e4ysi m\u00e4nty<\/li>\n<li>Yleiset mitat: 209 x 154 x 66 cm (P x L x K)<\/li>\n<li>Patjan koko: Brittil\u00e4inen king (150 cm x 200 cm \/ 60&#8243; x 78&#8243;)<\/li>\n<li>Enimm\u00e4ispaino: 200 kg<\/li>\n<li>Onko slated kehys: Kyll\u00e4<\/li>\n<li>Enimm\u00e4ism\u00e4\u00e4r\u00e4 ihmisi\u00e4: 2<\/li>\n<li>Kest\u00e4v\u00e4<\/li>\n<li>Helppo puhdistaa<\/li>\n<li>S\u00e4ngyn korkeus: 31 cm<\/li>\n<li>Toimitus-:<\/li>\n<li>1 x s\u00e4ngynrunko<\/li>\n<li>1 x s\u00e4ngynp\u00e4\u00e4ty<\/li>\n<\/ul>\n","protected":false},"excerpt":{"rendered":"<ul>\n<li>V\u00e4ri: Luonnollinen<\/li>\n<li>Materiaali: Massiivinen m\u00e4nty<\/li>\n<li>Kehysmateriaali: T\u00e4ysi m\u00e4nty<\/li>\n<li>Yleiset mitat: 209 x 154 x 66 cm (P x L x K)<\/li>\n<li>Patjan koko: Brittil\u00e4inen king (150 cm x 200 cm \/ 60&#8243; x 78&#8243;)<\/li>\n<li>Enimm\u00e4ispaino: 200 kg<\/li>\n<li>Onko slated kehys: Kyll\u00e4<\/li>\n<li>Enimm\u00e4ism\u00e4\u00e4r\u00e4 ihmisi\u00e4: 2<\/li>\n<li>Kest\u00e4v\u00e4<\/li>\n<li>Helppo puhdistaa<\/li>\n<li>S\u00e4ngyn korkeus: 31 cm<\/li>\n<li>Toimitus-:<\/li>\n<li>1 x s\u00e4ngynrunko<\/li>\n<li>1 x s\u00e4ngynp\u00e4\u00e4ty<\/li>\n<\/ul>\n","protected":false},"featured_media":100000204085,"comment_status":"closed","ping_status":"closed","template":"","meta":[],"product_brand":[],"product_cat":[84,8638],"product_tag":[],"class_list":{"0":"post-204085","1":"product","2":"type-product","3":"status-vdl_in_progress","4":"has-post-thumbnail","6":"product_cat-huonekalut","7":"product_cat-sangyt-sangynrungot","9":"first","10":"instock","11":"taxable","12":"shipping-taxable","13":"product-type-simple"},"_links":{"self":[{"href":"https:\/\/www.otiumhome.fi\/index.php\/wp-json\/wp\/v2\/product\/204085","targetHints":{"allow":["GET"]}}],"collection":[{"href":"https:\/\/www.otiumhome.fi\/index.php\/wp-json\/wp\/v2\/product"}],"about":[{"href":"https:\/\/www.otiumhome.fi\/index.php\/wp-json\/wp\/v2\/types\/product"}],"replies":[{"embeddable":true,"href":"https:\/\/www.otiumhome.fi\/index.php\/wp-json\/wp\/v2\/comments?post=204085"}],"wp:featuredmedia":[{"embeddable":true,"href":"https:\/\/www.otiumhome.fi\/index.php\/wp-json\/"}],"wp:attachment":[{"href":"https:\/\/www.otiumhome.fi\/index.php\/wp-json\/wp\/v2\/media?parent=204085"}],"wp:term":[{"taxonomy":"product_brand","embeddable":true,"href":"https:\/\/www.otiumhome.fi\/index.php\/wp-json\/wp\/v2\/product_brand?post=204085"},{"taxonomy":"product_cat","embeddable":true,"href":"https:\/\/www.otiumhome.fi\/index.php\/wp-json\/wp\/v2\/product_cat?post=204085"},{"taxonomy":"product_tag","embeddable":true,"href":"https:\/\/www.otiumhome.fi\/index.php\/wp-json\/wp\/v2\/product_tag?post=204085"}],"curies":[{"name":"wp","href":"https:\/\/api.w.org\/{rel}","templated":true}]}}