{"id":203859,"date":"2026-01-10T22:40:55","date_gmt":"2026-01-10T22:40:55","guid":{"rendered":"https:\/\/www.otiumhome.fi\/?p=203859"},"modified":"2026-01-13T16:36:22","modified_gmt":"2026-01-13T16:36:22","slug":"parvisanky-tikkailla-ja-katoksella-valk-90x190-cm-taysi-manty","status":"publish","type":"product","link":"https:\/\/www.otiumhome.fi\/index.php\/tuote\/parvisanky-tikkailla-ja-katoksella-valk-90x190-cm-taysi-manty\/","title":{"rendered":"Parvis\u00e4nky tikkailla ja katoksella valk. 90&#215;190 cm t\u00e4ysi m\u00e4nty"},"content":{"rendered":"<p>T\u00e4m\u00e4 t\u00e4ydest\u00e4 m\u00e4nnyst\u00e4 valmistettu lasten parvis\u00e4nky sopii niin hauskanpitoon kuin tilan s\u00e4\u00e4st\u00e4miseen.<\/p>\n<\/p>\n<ul>\n<li>T\u00e4ysi m\u00e4nty: T\u00e4ysi m\u00e4ntypuu on kaunis luonnollinen materiaali. M\u00e4nnyll\u00e4 on suorat puunsyyt ja sen oksanpaikat antavat materiaalille sen ominaisen rustiikkisen ilmeen.<\/li>\n<li>T\u00e4ysi tilank\u00e4ytt\u00f6: T\u00e4m\u00e4 yhden hengen parvis\u00e4nky on korotettu 78,5 cm maanpinnan yl\u00e4puolelle, mik\u00e4 tarjoaa runsaasti tilaa s\u00e4ilytykseen tai muihin aktiviteetteihin. T\u00e4t\u00e4 aluetta voidaan k\u00e4ytt\u00e4\u00e4 s\u00e4ilytyslaatikoiden pinoamiseen, suurten lelujen s\u00e4ilytt\u00e4miseen tai jopa lasten sohvan paikaksi lukemista varten. Lis\u00e4ksi lapsesi voi k\u00e4ytt\u00e4\u00e4 s\u00e4ngyn alla olevaa tilaa salaisena tukikohtana ja nauttia mielikuvituksellisesta leikist\u00e4.<\/li>\n<li>Turvakaiteet: Lasten parvis\u00e4ngyss\u00e4 on turvakaiteet kaikilla nelj\u00e4ll\u00e4 sivulla, joten lapsesi voi nukkua ilman huolta putoamisesta.<\/li>\n<li>K\u00e4tev\u00e4t tikkaat: T\u00e4ss\u00e4 lasten parvis\u00e4ngyss\u00e4 on tikkaat, jotka helpottavat s\u00e4nkyyn nousemista ja siit\u00e4 poistumista. Ne tuovat my\u00f6s iloa ja muuntavat lastenhuoneen sis\u00e4leikkikent\u00e4ksi.<\/li>\n<li>Avoin sivuovi: Katoksessa on avoin sivuovi, joka tarjoaa lapsillesi helpon p\u00e4\u00e4syn s\u00e4nkyyn ja sielt\u00e4 pois.<\/li>\n<\/ul>\n<p>Hyv\u00e4 tiet\u00e4\u00e4:<\/p>\n<ul>\n<li>Patja ei sis\u00e4lly t\u00e4h\u00e4n s\u00e4nkyyn. Tarjoamme monipuolisen valikoiman patjoja, jotka l\u00f6yd\u00e4t tarkistamalla myym\u00e4l\u00e4mme valikoiman.<\/li>\n<\/ul>\n<p>Varoitus:<\/p>\n<ul>\n<li>Kaatumisen est\u00e4miseksi t\u00e4t\u00e4 tuotetta on k\u00e4ytett\u00e4v\u00e4 mukana toimitetun sein\u00e4kiinnityslaitteen kanssa.<\/li>\n<\/ul>\n<ul>\n<li>Asennus vaaditaan: Kyll\u00e4<\/li>\n<li><strong>S\u00e4ngyn runko:<\/strong><\/li>\n<li>V\u00e4ri: Valkoinen<\/li>\n<li>Materiaali: T\u00e4ysi m\u00e4nty<\/li>\n<li>Mitat: 195,5 x 95,5 x 113,5 cm (P x L x K)<\/li>\n<li>Makuutilan korkeus maasta: 78,5 cm<\/li>\n<li>Turvakaiteen korkeus: 30 cm<\/li>\n<li>Tikkaiden leveys: 40 cm<\/li>\n<li>Sopiva patjan koko: 90 x 190 cm (L x P) (Patja ei sis\u00e4lly tilaukseen)<\/li>\n<li>Patjan maksimipaksuus: 12 cm<\/li>\n<li>Maksimikantavuus: 80 kg<\/li>\n<li>Sopii yli 6-vuotiaille lapsille<\/li>\n<li><strong>S\u00e4ngyn katos:<\/strong><\/li>\n<li>V\u00e4ri: Valkoinen<\/li>\n<li>Materiaali: T\u00e4ysi m\u00e4nty<\/li>\n<li>Mitat: 203 x 95,5 x 142 cm (P x L x K)<\/li>\n<li><strong>Toimitus sis\u00e4lt\u00e4\u00e4:<\/strong><\/li>\n<li>1 x s\u00e4ngyn runko<\/li>\n<li>1 x S\u00e4ngyn katos<\/li>\n<li>Legal Documents:\n<p><span>Lis\u00e4tietoja huonekalujesi kaatumisen est\u00e4misest\u00e4 voit l\u00f6yt\u00e4\u00e4 <span style=\"text-decoration: underline\"><strong><a title=\"https:\/\/bit.ly\/3bVwkQp\" href=\"https:\/\/bit.ly\/3bVwkQp\" target=\"_blank\">t\u00e4\u00e4lt\u00e4<\/a><\/strong><\/span><\/span><\/p>\n<\/li>\n<\/ul>\n","protected":false},"excerpt":{"rendered":"<ul>\n<li>Asennus vaaditaan: Kyll\u00e4<\/li>\n<li><strong>S\u00e4ngyn runko:<\/strong><\/li>\n<li>V\u00e4ri: Valkoinen<\/li>\n<li>Materiaali: T\u00e4ysi m\u00e4nty<\/li>\n<li>Mitat: 195,5 x 95,5 x 113,5 cm (P x L x K)<\/li>\n<li>Makuutilan korkeus maasta: 78,5 cm<\/li>\n<li>Turvakaiteen korkeus: 30 cm<\/li>\n<li>Tikkaiden leveys: 40 cm<\/li>\n<li>Sopiva patjan koko: 90 x 190 cm (L x P) (Patja ei sis\u00e4lly tilaukseen)<\/li>\n<li>Patjan maksimipaksuus: 12 cm<\/li>\n<li>Maksimikantavuus: 80 kg<\/li>\n<li>Sopii yli 6-vuotiaille lapsille<\/li>\n<li><strong>S\u00e4ngyn katos:<\/strong><\/li>\n<li>V\u00e4ri: Valkoinen<\/li>\n<li>Materiaali: T\u00e4ysi m\u00e4nty<\/li>\n<li>Mitat: 203 x 95,5 x 142 cm (P x L x K)<\/li>\n<li><strong>Toimitus sis\u00e4lt\u00e4\u00e4:<\/strong><\/li>\n<li>1 x s\u00e4ngyn runko<\/li>\n<li>1 x S\u00e4ngyn katos<\/li>\n<li>Legal Documents:\n<p><span>Lis\u00e4tietoja huonekalujesi kaatumisen est\u00e4misest\u00e4 voit l\u00f6yt\u00e4\u00e4 <span style=\"text-decoration: underline\"><strong><a title=\"https:\/\/bit.ly\/3bVwkQp\" href=\"https:\/\/bit.ly\/3bVwkQp\" target=\"_blank\">t\u00e4\u00e4lt\u00e4<\/a><\/strong><\/span><\/span><\/p>\n<\/li>\n<\/ul>\n","protected":false},"featured_media":100000203859,"comment_status":"closed","ping_status":"closed","template":"","meta":[],"product_brand":[],"product_cat":[84,8638],"product_tag":[],"class_list":{"0":"post-203859","1":"product","2":"type-product","3":"status-publish","4":"has-post-thumbnail","6":"product_cat-huonekalut","7":"product_cat-sangyt-sangynrungot","9":"first","10":"instock","11":"taxable","12":"shipping-taxable","13":"purchasable","14":"product-type-simple"},"_links":{"self":[{"href":"https:\/\/www.otiumhome.fi\/index.php\/wp-json\/wp\/v2\/product\/203859","targetHints":{"allow":["GET"]}}],"collection":[{"href":"https:\/\/www.otiumhome.fi\/index.php\/wp-json\/wp\/v2\/product"}],"about":[{"href":"https:\/\/www.otiumhome.fi\/index.php\/wp-json\/wp\/v2\/types\/product"}],"replies":[{"embeddable":true,"href":"https:\/\/www.otiumhome.fi\/index.php\/wp-json\/wp\/v2\/comments?post=203859"}],"wp:featuredmedia":[{"embeddable":true,"href":"https:\/\/www.otiumhome.fi\/index.php\/wp-json\/"}],"wp:attachment":[{"href":"https:\/\/www.otiumhome.fi\/index.php\/wp-json\/wp\/v2\/media?parent=203859"}],"wp:term":[{"taxonomy":"product_brand","embeddable":true,"href":"https:\/\/www.otiumhome.fi\/index.php\/wp-json\/wp\/v2\/product_brand?post=203859"},{"taxonomy":"product_cat","embeddable":true,"href":"https:\/\/www.otiumhome.fi\/index.php\/wp-json\/wp\/v2\/product_cat?post=203859"},{"taxonomy":"product_tag","embeddable":true,"href":"https:\/\/www.otiumhome.fi\/index.php\/wp-json\/wp\/v2\/product_tag?post=203859"}],"curies":[{"name":"wp","href":"https:\/\/api.w.org\/{rel}","templated":true}]}}