{"id":203745,"date":"2026-01-09T16:03:32","date_gmt":"2026-01-09T16:03:32","guid":{"rendered":"https:\/\/www.otiumhome.fi\/?p=203745"},"modified":"2026-01-09T16:08:34","modified_gmt":"2026-01-09T16:08:34","slug":"paatylevy-paatylla-savupahkina-100-cm-tekninen-puu","status":"vdl_in_progress","type":"product","link":"https:\/\/www.otiumhome.fi\/index.php\/tuote\/paatylevy-paatylla-savupahkina-100-cm-tekninen-puu\/","title":{"rendered":"P\u00e4\u00e4tylevy p\u00e4\u00e4tyll\u00e4 Savup\u00e4hkin\u00e4 100 cm Tekninen puu"},"content":{"rendered":"<p>T\u00e4\u00e4 moderni p\u00e4\u00e4ty on tyylik\u00e4s keskipiste miss\u00e4 tahansa makuuhuoneessa, jota kuvaa yksinkertaisuus ja toiminnallisuus. Selke\u00e4t muodot ja minimiviimeistely tekev\u00e4t siit\u00e4 t\u00e4ydellisen sek\u00e4 nykyaikaisiin ett\u00e4 perinteisiin tiloihin, tuoden ripauksen eleganssia.<\/p>\n<ul>\n<li><b>Tekninen puumateriaali<\/b> T\u00e4\u00e4 p\u00e4\u00e4ty on tehty kest\u00e4v\u00e4st\u00e4 teknisest\u00e4 puusta, joka on t\u00e4ydellinen p\u00e4ivitt\u00e4iseen k\u00e4ytt\u00f6\u00f6n. Sen kest\u00e4vyys ja vakaus takaavat, ett\u00e4 p\u00e4\u00e4ty pysyy kunnossa ja muodossaan pitk\u00e4\u00e4n.<\/li>\n<li><b>Viimeistelty takaosa<\/b> T\u00e4\u00e4 p\u00e4\u00e4ty on viimeistelty toisilta puolilta, mik\u00e4 tekee siit\u00e4 esteettisesti miellytt\u00e4v\u00e4n my\u00f6s takaa. N\u00e4ytt\u00e4v\u00e4 muotoilu parantaa makuuhuoneen tunnelmaa ja pit\u00e4\u00e4 paikan siistin\u00e4.<\/li>\n<li><b>Yksinkertainen muotoilu<\/b> P\u00e4\u00e4dyn moderni muotoilu sointuu helposti eri makuuhuoneen tyyleihin. Sen tyylikk\u00e4\u00e4t piirteet t\u00e4ydent\u00e4v\u00e4t olemassa olevaa sisustusta vaivattomasti, tarjoten monik\u00e4ytt\u00f6isen ratkaisun.<\/li>\n<li><b>Siistit linjat<\/b> P\u00e4\u00e4dyn selke\u00e4t muodot tekev\u00e4t siit\u00e4 modernin lis\u00e4n makuuhuoneeseen. Sen k\u00e4yt\u00e4nn\u00f6llisyys on huolella suunniteltu, lis\u00e4\u00e4m\u00e4tt\u00e4 ep\u00e4j\u00e4rjestyst\u00e4 muihin elementteihin.<\/li>\n<li><b>V\u00e4h\u00e4n huoltoa<\/b> T\u00e4\u00e4 p\u00e4\u00e4ty on helppohoitoinen \u2013 riitt\u00e4\u00e4 kun pyyhit nopeasti kuiva liina, niin se pysyy siistin\u00e4 monta vuotta.<\/li>\n<\/ul>\n<ul>\n<li>V\u00e4ri: Savup\u00e4hkin\u00e4<\/li>\n<li>Materiaali: Tekninen puu<\/li>\n<li>Yleiset mitat: 102 x 7 x 100 cm (P x L x K)<\/li>\n<li>Paino: 9,56 kg<\/li>\n<li>Kest\u00e4v\u00e4<\/li>\n<li>Helppo puhdistaa<\/li>\n<li>Kehysmateriaali: Tekninen puu<\/li>\n<li>Sis\u00e4- \/ ulkotiloissa: Vain sis\u00e4k\u00e4ytt\u00f6\u00f6n<\/li>\n<li>Toimitus-:<\/li>\n<li>1 x P\u00e4\u00e4ty<\/li>\n<li>Kokoonpano vaaditaan: Kyll\u00e4<\/li>\n<\/ul>\n","protected":false},"excerpt":{"rendered":"<ul>\n<li>V\u00e4ri: Savup\u00e4hkin\u00e4<\/li>\n<li>Materiaali: Tekninen puu<\/li>\n<li>Yleiset mitat: 102 x 7 x 100 cm (P x L x K)<\/li>\n<li>Paino: 9,56 kg<\/li>\n<li>Kest\u00e4v\u00e4<\/li>\n<li>Helppo puhdistaa<\/li>\n<li>Kehysmateriaali: Tekninen puu<\/li>\n<li>Sis\u00e4- \/ ulkotiloissa: Vain sis\u00e4k\u00e4ytt\u00f6\u00f6n<\/li>\n<li>Toimitus-:<\/li>\n<li>1 x P\u00e4\u00e4ty<\/li>\n<li>Kokoonpano vaaditaan: Kyll\u00e4<\/li>\n<\/ul>\n","protected":false},"featured_media":100000203745,"comment_status":"closed","ping_status":"closed","template":"","meta":[],"product_brand":[],"product_cat":[84,8636],"product_tag":[],"class_list":{"0":"post-203745","1":"product","2":"type-product","3":"status-vdl_in_progress","4":"has-post-thumbnail","6":"product_cat-huonekalut","7":"product_cat-sangynpaadyt","9":"first","10":"instock","11":"taxable","12":"shipping-taxable","13":"product-type-simple"},"_links":{"self":[{"href":"https:\/\/www.otiumhome.fi\/index.php\/wp-json\/wp\/v2\/product\/203745","targetHints":{"allow":["GET"]}}],"collection":[{"href":"https:\/\/www.otiumhome.fi\/index.php\/wp-json\/wp\/v2\/product"}],"about":[{"href":"https:\/\/www.otiumhome.fi\/index.php\/wp-json\/wp\/v2\/types\/product"}],"replies":[{"embeddable":true,"href":"https:\/\/www.otiumhome.fi\/index.php\/wp-json\/wp\/v2\/comments?post=203745"}],"wp:featuredmedia":[{"embeddable":true,"href":"https:\/\/www.otiumhome.fi\/index.php\/wp-json\/"}],"wp:attachment":[{"href":"https:\/\/www.otiumhome.fi\/index.php\/wp-json\/wp\/v2\/media?parent=203745"}],"wp:term":[{"taxonomy":"product_brand","embeddable":true,"href":"https:\/\/www.otiumhome.fi\/index.php\/wp-json\/wp\/v2\/product_brand?post=203745"},{"taxonomy":"product_cat","embeddable":true,"href":"https:\/\/www.otiumhome.fi\/index.php\/wp-json\/wp\/v2\/product_cat?post=203745"},{"taxonomy":"product_tag","embeddable":true,"href":"https:\/\/www.otiumhome.fi\/index.php\/wp-json\/wp\/v2\/product_tag?post=203745"}],"curies":[{"name":"wp","href":"https:\/\/api.w.org\/{rel}","templated":true}]}}