{"id":203228,"date":"2026-01-08T16:00:47","date_gmt":"2026-01-08T16:00:47","guid":{"rendered":"https:\/\/www.otiumhome.fi\/?p=203228"},"modified":"2026-01-13T15:19:37","modified_gmt":"2026-01-13T15:19:37","slug":"sailytyslaatikko-musta-tammi-50-x-30-x-28-cm-tekninen-puu","status":"publish","type":"product","link":"https:\/\/www.otiumhome.fi\/index.php\/tuote\/sailytyslaatikko-musta-tammi-50-x-30-x-28-cm-tekninen-puu\/","title":{"rendered":"S\u00e4ilytyslaatikko Musta tammi 50 x 30 x 28 cm Tekninen puu"},"content":{"rendered":"<p>T\u00e4m\u00e4 s\u00e4ilytyslaatikko yhdist\u00e4\u00e4 k\u00e4yt\u00e4nn\u00f6llisyyden ja tyylin modernilla ilmeell\u00e4, joka k\u00e4y mihin tahansa olohuoneeseen. Sile\u00e4n, matta pinnan ansiosta t\u00e4m\u00e4 suorakaiteinen laatikko on sek\u00e4 kaunis ett\u00e4 k\u00e4yt\u00e4nn\u00f6llinen ratkaisu. Sen yksinkertaiset muodot ja ajankohtainen tyyli tekev\u00e4t siit\u00e4 t\u00e4ydellisen monenlaisiin sisustustyyleihin, joten se on loistava valinta niille, jotka rakastaa yksinkertaisuutta ilman, ett\u00e4 k\u00e4ytett\u00e4vyydest\u00e4 tinki\u00e4.<\/p>\n<ul>\n<li><b>Tyylik\u00e4s ilme:<\/b> Suorakaiteinen muoto tuo modernin tunnelman, ja sen sile\u00e4 pinta n\u00e4ytt\u00e4\u00e4 hyv\u00e4lt\u00e4 miss\u00e4 tahansa olohuoneessa. Se on tarpeeksi iso ollakseen sek\u00e4 koriste-esine ett\u00e4 k\u00e4yt\u00e4nn\u00f6llinen s\u00e4ilytysratkaisu.<\/li>\n<li><b>Kest\u00e4v\u00e4 rakenne:<\/b> Tekninen puu takaa, ett\u00e4 laatikko kest\u00e4\u00e4 k\u00e4yt\u00f6ss\u00e4. Materiaali on kova ja pitk\u00e4ik\u00e4inen, ja matta viimeistely tuo esiin sen vahvan muotoilun.<\/li>\n<li><b>Paljon s\u00e4ilytystilaa:<\/b> T\u00e4m\u00e4 trunkki on suunniteltu tarjoamaan runsaasti tilaa, joten se pit\u00e4\u00e4 liinat ja kausitavarat j\u00e4rjestyksess\u00e4. Se on avainelementti, joka pit\u00e4\u00e4 huoneesi siistin\u00e4 samalla kun se n\u00e4ytt\u00e4\u00e4 tyylikk\u00e4\u00e4lt\u00e4.<\/li>\n<li><b>Helppo kasata:<\/b> Tarvitset vain kaksi kaveria ja muutaman perus ty\u00f6kalun, kuten ruuvimeisselin ja poran. Helppo ohjeistus tekee kokoamisesta vaivatonta ja huoletonta.<\/li>\n<li><b>Hoito-ohjeet:<\/b> Pid\u00e4 se siistin\u00e4 pyyhkim\u00e4ll\u00e4 kuivalla liinalla ja v\u00e4lt\u00e4 hankaavia kemikaaleja. T\u00e4m\u00e4 yksinkertainen hoito pit\u00e4\u00e4 s\u00e4ilytyslaatikon hyv\u00e4n\u00e4 pitk\u00e4\u00e4n, ja se istuu kauniisti sisustukseen ilman vaivann\u00e4k\u00f6\u00e4.<\/li>\n<\/ul>\n<ul>\n<li>V\u00e4ri: Musta tammi<\/li>\n<li>Materiaali: Tekninen puu<\/li>\n<li>Viimeistely: Matta<\/li>\n<li>Yleiset mitat: 50 x 30 x 28 cm (P x L x K)<\/li>\n<li>Paino: 7,2 kg<\/li>\n<li>Runsaasti s\u00e4ilytystilaa<\/li>\n<li>Kest\u00e4v\u00e4<\/li>\n<li>Kehysmateriaali: Tekninen puu<\/li>\n<li>Sis\u00e4- \/ ulkotiloissa: Vain sis\u00e4k\u00e4ytt\u00f6\u00f6n<\/li>\n<li>Toimitus-:<\/li>\n<li>1 x S\u00e4ilytyslaatikkko<\/li>\n<li>Kokoonpano vaaditaan: Kyll\u00e4<\/li>\n<\/ul>\n","protected":false},"excerpt":{"rendered":"<ul>\n<li>V\u00e4ri: Musta tammi<\/li>\n<li>Materiaali: Tekninen puu<\/li>\n<li>Viimeistely: Matta<\/li>\n<li>Yleiset mitat: 50 x 30 x 28 cm (P x L x K)<\/li>\n<li>Paino: 7,2 kg<\/li>\n<li>Runsaasti s\u00e4ilytystilaa<\/li>\n<li>Kest\u00e4v\u00e4<\/li>\n<li>Kehysmateriaali: Tekninen puu<\/li>\n<li>Sis\u00e4- \/ ulkotiloissa: Vain sis\u00e4k\u00e4ytt\u00f6\u00f6n<\/li>\n<li>Toimitus-:<\/li>\n<li>1 x S\u00e4ilytyslaatikkko<\/li>\n<li>Kokoonpano vaaditaan: Kyll\u00e4<\/li>\n<\/ul>\n","protected":false},"featured_media":100000203228,"comment_status":"closed","ping_status":"closed","template":"","meta":[],"product_brand":[],"product_cat":[84,8564],"product_tag":[],"class_list":{"0":"post-203228","1":"product","2":"type-product","3":"status-publish","4":"has-post-thumbnail","6":"product_cat-huonekalut","7":"product_cat-sailytysarkut","9":"first","10":"instock","11":"taxable","12":"shipping-taxable","13":"purchasable","14":"product-type-simple"},"_links":{"self":[{"href":"https:\/\/www.otiumhome.fi\/index.php\/wp-json\/wp\/v2\/product\/203228","targetHints":{"allow":["GET"]}}],"collection":[{"href":"https:\/\/www.otiumhome.fi\/index.php\/wp-json\/wp\/v2\/product"}],"about":[{"href":"https:\/\/www.otiumhome.fi\/index.php\/wp-json\/wp\/v2\/types\/product"}],"replies":[{"embeddable":true,"href":"https:\/\/www.otiumhome.fi\/index.php\/wp-json\/wp\/v2\/comments?post=203228"}],"wp:featuredmedia":[{"embeddable":true,"href":"https:\/\/www.otiumhome.fi\/index.php\/wp-json\/"}],"wp:attachment":[{"href":"https:\/\/www.otiumhome.fi\/index.php\/wp-json\/wp\/v2\/media?parent=203228"}],"wp:term":[{"taxonomy":"product_brand","embeddable":true,"href":"https:\/\/www.otiumhome.fi\/index.php\/wp-json\/wp\/v2\/product_brand?post=203228"},{"taxonomy":"product_cat","embeddable":true,"href":"https:\/\/www.otiumhome.fi\/index.php\/wp-json\/wp\/v2\/product_cat?post=203228"},{"taxonomy":"product_tag","embeddable":true,"href":"https:\/\/www.otiumhome.fi\/index.php\/wp-json\/wp\/v2\/product_tag?post=203228"}],"curies":[{"name":"wp","href":"https:\/\/api.w.org\/{rel}","templated":true}]}}