{"id":203226,"date":"2026-01-08T15:48:45","date_gmt":"2026-01-08T15:48:45","guid":{"rendered":"https:\/\/www.otiumhome.fi\/?p=203226"},"modified":"2026-01-13T16:33:00","modified_gmt":"2026-01-13T16:33:00","slug":"sailytyskaappi-63-x-30-x-79-cm-kiinteaa-mahonkipuuta","status":"publish","type":"product","link":"https:\/\/www.otiumhome.fi\/index.php\/tuote\/sailytyskaappi-63-x-30-x-79-cm-kiinteaa-mahonkipuuta\/","title":{"rendered":"S\u00e4ilytyskaappi 63 x 30 x 79 cm Kiinte\u00e4\u00e4 mahonkipuuta"},"content":{"rendered":"<p>T\u00e4m\u00e4 upea s\u00e4ilytyskaappi yhdist\u00e4\u00e4 tyylin ja k\u00e4yt\u00e4nn\u00f6llisyyden, joten se on mainio valinta mihin tahansa moderniin kotiin. Kaapin yksinkertainen ja elegantti muotoilu tuo esiin mahonkipuun kauniit linjat ja tekee makuuhuoneestasi entist\u00e4 hienostuneemman. T\u00e4m\u00e4 kaappi on t\u00e4ydellinen niille, jotka arvostavat kauniita asioita mutta tarvitsevat my\u00f6s k\u00e4yt\u00e4nn\u00f6llisi\u00e4 ratkaisuja. Sen tilava sisustus on perfekti kaikenlaisten perusasioiden j\u00e4rjest\u00e4miseen helposti.<\/p>\n<ul>\n<li><b>T\u00e4ysi mahonki<\/b> T\u00e4m\u00e4 kaappi on valmistettu vankasta mahonkipuusta, joka antaa sille ylellisen ja kest\u00e4v\u00e4n ilmeen.<\/li>\n<li><b>Tilavat s\u00e4ilytysratkaisut<\/b> Useat osastot tarjoavat runsaasti tilaa vaatteille ja asusteille, pit\u00e4en kaiken j\u00e4rjestyksess\u00e4.<\/li>\n<li><b>Yhdisteleva muotoilu<\/b> Kaapin modernit linjat ja yksinkertainen tyyli sopivat mihin tahansa sisustukseen.<\/li>\n<li><b>Helppo kokoaminen<\/b> Kokoaminen onnistuu kahden henkil\u00f6n kanssa ja ruuvimeisselin avustuksella.<\/li>\n<li><b>Oma sis\u00e4tilak\u00e4ytt\u00f6\u00f6n<\/b> T\u00e4ydellinen makuuhuoneeseen, t\u00e4m\u00e4 kaappi tuo elegantteja linjoja sis\u00e4tiloihisi.<\/li>\n<\/ul>\n<ul>\n<li>Materiaali: Kiinte\u00e4\u00e4 mahonkipuuta<\/li>\n<li>Yleiset mitat: 63 x 30 x 79 cm (P x L x K)<\/li>\n<li>Paino: 15,3 kg<\/li>\n<li>Kest\u00e4v\u00e4<\/li>\n<li>Runsaasti s\u00e4ilytystilaa<\/li>\n<li>Enimm\u00e4ispaino: 85 kg<\/li>\n<li>Vain sis\u00e4k\u00e4ytt\u00f6\u00f6n<\/li>\n<li>Toimitus-:<\/li>\n<li>1 x S\u00e4ilytyskaappi<\/li>\n<li>Kokoonpano vaaditaan: Kyll\u00e4<\/li>\n<\/ul>\n","protected":false},"excerpt":{"rendered":"<ul>\n<li>Materiaali: Kiinte\u00e4\u00e4 mahonkipuuta<\/li>\n<li>Yleiset mitat: 63 x 30 x 79 cm (P x L x K)<\/li>\n<li>Paino: 15,3 kg<\/li>\n<li>Kest\u00e4v\u00e4<\/li>\n<li>Runsaasti s\u00e4ilytystilaa<\/li>\n<li>Enimm\u00e4ispaino: 85 kg<\/li>\n<li>Vain sis\u00e4k\u00e4ytt\u00f6\u00f6n<\/li>\n<li>Toimitus-:<\/li>\n<li>1 x S\u00e4ilytyskaappi<\/li>\n<li>Kokoonpano vaaditaan: Kyll\u00e4<\/li>\n<\/ul>\n","protected":false},"featured_media":100000203226,"comment_status":"closed","ping_status":"closed","template":"","meta":[],"product_brand":[],"product_cat":[84,8564],"product_tag":[],"class_list":{"0":"post-203226","1":"product","2":"type-product","3":"status-publish","4":"has-post-thumbnail","6":"product_cat-huonekalut","7":"product_cat-sailytysarkut","9":"first","10":"instock","11":"taxable","12":"shipping-taxable","13":"purchasable","14":"product-type-simple"},"_links":{"self":[{"href":"https:\/\/www.otiumhome.fi\/index.php\/wp-json\/wp\/v2\/product\/203226","targetHints":{"allow":["GET"]}}],"collection":[{"href":"https:\/\/www.otiumhome.fi\/index.php\/wp-json\/wp\/v2\/product"}],"about":[{"href":"https:\/\/www.otiumhome.fi\/index.php\/wp-json\/wp\/v2\/types\/product"}],"replies":[{"embeddable":true,"href":"https:\/\/www.otiumhome.fi\/index.php\/wp-json\/wp\/v2\/comments?post=203226"}],"wp:featuredmedia":[{"embeddable":true,"href":"https:\/\/www.otiumhome.fi\/index.php\/wp-json\/"}],"wp:attachment":[{"href":"https:\/\/www.otiumhome.fi\/index.php\/wp-json\/wp\/v2\/media?parent=203226"}],"wp:term":[{"taxonomy":"product_brand","embeddable":true,"href":"https:\/\/www.otiumhome.fi\/index.php\/wp-json\/wp\/v2\/product_brand?post=203226"},{"taxonomy":"product_cat","embeddable":true,"href":"https:\/\/www.otiumhome.fi\/index.php\/wp-json\/wp\/v2\/product_cat?post=203226"},{"taxonomy":"product_tag","embeddable":true,"href":"https:\/\/www.otiumhome.fi\/index.php\/wp-json\/wp\/v2\/product_tag?post=203226"}],"curies":[{"name":"wp","href":"https:\/\/api.w.org\/{rel}","templated":true}]}}