{"id":203225,"date":"2026-01-08T15:48:45","date_gmt":"2026-01-08T15:48:45","guid":{"rendered":"https:\/\/www.otiumhome.fi\/?p=203225"},"modified":"2026-01-13T16:33:00","modified_gmt":"2026-01-13T16:33:00","slug":"sailytysarkku-48-x-35-x-64-cm-kiinteaa-mahonkipuuta","status":"publish","type":"product","link":"https:\/\/www.otiumhome.fi\/index.php\/tuote\/sailytysarkku-48-x-35-x-64-cm-kiinteaa-mahonkipuuta\/","title":{"rendered":"S\u00e4ilytysarkku 48 x 35 x 64 cm Kiinte\u00e4\u00e4 mahonkipuuta"},"content":{"rendered":"<p>T\u00e4m\u00e4 moderni s\u00e4ilytyslokero on t\u00e4ydellinen lis\u00e4 nykyaikaiseen kotiisi, yhdist\u00e4en sek\u00e4 tyyli\u00e4 ett\u00e4 k\u00e4yt\u00e4nn\u00f6llisyytt\u00e4. Sen suorakaiteen muotoinen rakenne valmistetaan massiivisesta mahonkipuusta, ja se on visuaalisesti houkutteleva sive\u00e4 s\u00e4ilytysratkaisu, joka sopii nykyiseen estetiikkaan. T\u00e4m\u00e4 lokero pit\u00e4\u00e4 tavarat j\u00e4rjestyksess\u00e4 makuuhuoneessa, tarjoten tilaa h\u00e4mmennyksen v\u00e4ltt\u00e4miseksi ja t\u00e4ydent\u00e4en samalla tyylik\u00e4st\u00e4 sisustustasi. Suunniteltu sis\u00e4tiloihin, sen yksinkertainen muotoilu puhtailla linjoilla tekee siit\u00e4 modernin kalusteen, joka ei vaadi liikaa koristeita.<\/p>\n<ul>\n<li><b>Materiaalit<\/b> T\u00e4m\u00e4n s\u00e4ilytyslokeron rakenne on valmistettu laadukkaasta massiivisesta mahongista, joka on tunnettu kest\u00e4vyydest\u00e4\u00e4n ja kauniista viimeistelyist\u00e4\u00e4n. Mahonki on vahva ja se sopii moneen eri sisustustyyliin ja tuo eleganssia muuhun sisustukseen.<\/li>\n<li><b>Ominaisuudet<\/b> T\u00e4m\u00e4 lokero tarjoaa runsaasti s\u00e4ilytystilaa ja sen osastot tekev\u00e4t tavaroiden j\u00e4rjest\u00e4misest\u00e4 vaivatonta. Sen avara sisus on ideaalinen vaatteiden, asusteiden tai muiden tarvikkeiden s\u00e4ilytt\u00e4miseen, jolloin p\u00e4ivitt\u00e4inen el\u00e4m\u00e4 muuttuu paljon j\u00e4rjestelm\u00e4llisemm\u00e4ksi.<\/li>\n<li><b>K\u00e4ytt\u00f6tarkoitus<\/b> Kest\u00e4v\u00e4 rakenne takaa pitk\u00e4ik\u00e4isyyden. Runsas s\u00e4ilytystila tekee siit\u00e4 erinomaisen valinnan j\u00e4rjestetyn tilan yll\u00e4pit\u00e4miseen, auttaen sinua pit\u00e4m\u00e4\u00e4n tavarasi helposti j\u00e4rjestyksess\u00e4.<\/li>\n<li><b>Suositellut k\u00e4ytt\u00f6tavat<\/b> Sopii erinomaisesti makuuhuoneeseen, t\u00e4m\u00e4 moderni s\u00e4ilytyslokero ei ainoastaan t\u00e4yt\u00e4 k\u00e4yt\u00e4nn\u00f6llisi\u00e4 tarpeita vaan my\u00f6s parantaa huoneen esteettisyytt\u00e4 puhtailla linjoillaan ja tyylikk\u00e4\u00e4ll\u00e4 suunnittelullaan.<\/li>\n<li><b>Hoito &amp; Yll\u00e4pito<\/b> T\u00e4m\u00e4n kappaleen hoito on helppoa: pyyhi vain kuivalla liinalla. V\u00e4lt\u00e4 voimakkaiden kemikaalien ja hankaavien aineiden k\u00e4ytt\u00f6\u00e4, jotta lokero pysyy aina hyv\u00e4n\u00e4.<\/li>\n<\/ul>\n<ul>\n<li>Materiaali: Kiinte\u00e4\u00e4 mahonkipuuta<\/li>\n<li>Yleiset mitat: 48 x 35 x 64 cm (P x L x K)<\/li>\n<li>Paino: 9,12 kg<\/li>\n<li>Kest\u00e4v\u00e4<\/li>\n<li>Runsaasti s\u00e4ilytystilaa<\/li>\n<li>Enimm\u00e4ispaino: 75 kg<\/li>\n<li>Vain sis\u00e4k\u00e4ytt\u00f6\u00f6n<\/li>\n<li>Toimitus-:<\/li>\n<li>1 x S\u00e4ilytyskotelo<\/li>\n<li>Kokoonpano vaaditaan: Kyll\u00e4<\/li>\n<\/ul>\n","protected":false},"excerpt":{"rendered":"<ul>\n<li>Materiaali: Kiinte\u00e4\u00e4 mahonkipuuta<\/li>\n<li>Yleiset mitat: 48 x 35 x 64 cm (P x L x K)<\/li>\n<li>Paino: 9,12 kg<\/li>\n<li>Kest\u00e4v\u00e4<\/li>\n<li>Runsaasti s\u00e4ilytystilaa<\/li>\n<li>Enimm\u00e4ispaino: 75 kg<\/li>\n<li>Vain sis\u00e4k\u00e4ytt\u00f6\u00f6n<\/li>\n<li>Toimitus-:<\/li>\n<li>1 x S\u00e4ilytyskotelo<\/li>\n<li>Kokoonpano vaaditaan: Kyll\u00e4<\/li>\n<\/ul>\n","protected":false},"featured_media":100000203225,"comment_status":"closed","ping_status":"closed","template":"","meta":[],"product_brand":[],"product_cat":[84,8564],"product_tag":[],"class_list":{"0":"post-203225","1":"product","2":"type-product","3":"status-publish","4":"has-post-thumbnail","6":"product_cat-huonekalut","7":"product_cat-sailytysarkut","9":"first","10":"instock","11":"taxable","12":"shipping-taxable","13":"purchasable","14":"product-type-simple"},"_links":{"self":[{"href":"https:\/\/www.otiumhome.fi\/index.php\/wp-json\/wp\/v2\/product\/203225","targetHints":{"allow":["GET"]}}],"collection":[{"href":"https:\/\/www.otiumhome.fi\/index.php\/wp-json\/wp\/v2\/product"}],"about":[{"href":"https:\/\/www.otiumhome.fi\/index.php\/wp-json\/wp\/v2\/types\/product"}],"replies":[{"embeddable":true,"href":"https:\/\/www.otiumhome.fi\/index.php\/wp-json\/wp\/v2\/comments?post=203225"}],"wp:featuredmedia":[{"embeddable":true,"href":"https:\/\/www.otiumhome.fi\/index.php\/wp-json\/"}],"wp:attachment":[{"href":"https:\/\/www.otiumhome.fi\/index.php\/wp-json\/wp\/v2\/media?parent=203225"}],"wp:term":[{"taxonomy":"product_brand","embeddable":true,"href":"https:\/\/www.otiumhome.fi\/index.php\/wp-json\/wp\/v2\/product_brand?post=203225"},{"taxonomy":"product_cat","embeddable":true,"href":"https:\/\/www.otiumhome.fi\/index.php\/wp-json\/wp\/v2\/product_cat?post=203225"},{"taxonomy":"product_tag","embeddable":true,"href":"https:\/\/www.otiumhome.fi\/index.php\/wp-json\/wp\/v2\/product_tag?post=203225"}],"curies":[{"name":"wp","href":"https:\/\/api.w.org\/{rel}","templated":true}]}}