{"id":203224,"date":"2026-01-08T14:38:41","date_gmt":"2026-01-08T14:38:41","guid":{"rendered":"https:\/\/www.otiumhome.fi\/?p=203224"},"modified":"2026-01-14T17:04:56","modified_gmt":"2026-01-14T17:04:56","slug":"kaappi-pyoralla-musta-tammi-60-x-22-x-79-cm","status":"publish","type":"product","link":"https:\/\/www.otiumhome.fi\/index.php\/tuote\/kaappi-pyoralla-musta-tammi-60-x-22-x-79-cm\/","title":{"rendered":"Kaappi py\u00f6r\u00e4ll\u00e4 Musta tammi. 60 x 22 x 79 cm"},"content":{"rendered":"<p>T\u00e4m\u00e4 moderni s\u00e4ilytyskaappi tuo tyylikk\u00e4\u00e4n ja k\u00e4yt\u00e4nn\u00f6llisen s\u00e4ilytysratkaisun nykyaikaisiin sisustuksiin. Sen minimalistinen muotoilu paitsi parantaa tilan esteettisyytt\u00e4 antaa my\u00f6s runsaasti s\u00e4ilytystilaa. Kest\u00e4v\u00e4 rakenne varmistaa, ett\u00e4 se on pitk\u00e4ik\u00e4inen. Se sopii loistavasti olohuoneisiin, makuuhuoneisiin tai ty\u00f6huoneisiin, ja tarjoaa sek\u00e4 tyyli\u00e4 ett\u00e4 k\u00e4yt\u00e4nn\u00f6llisyytt\u00e4. Suorakaiteen muotoinen rakenne ja neutraali ilme tekev\u00e4t sen integroimisesta erilaisiin sisustustyyleihin vaivatonta, parantaen jokaista modernia tilaa.<\/p>\n<ul>\n<li><b>Runsaasti s\u00e4ilytystilaa:<\/b> T\u00e4ss\u00e4 kaapissa on paljon tilaa, joka auttaa pit\u00e4m\u00e4\u00e4n asiat j\u00e4rjestyksess\u00e4. Laajat hyllyt tarjoavat tilaa kirjoille, kodin esineille tai koristeille. Muuttaa sekasorron siistiin ja hyvin j\u00e4rjestettyyn tilaan, jolloin tavarat ovat helposti saatavilla.<\/li>\n<li><b>Moderni muotoilu:<\/b> T\u00e4m\u00e4 kaappi on saanut siistin ja minimalistisen ilmeen, joka edustaa nykyaikaista tyyli\u00e4. Virtaviivaisuus tekee siit\u00e4 helpon lis\u00e4yksen monenlaisiin ymp\u00e4rist\u00f6ihin. Voi toimia sek\u00e4 n\u00e4ytt\u00e4v\u00e4n\u00e4 keskipisteen\u00e4 ett\u00e4 osana sisustusta, yhdist\u00e4en eleganssia ja k\u00e4yt\u00e4nn\u00f6llisyytt\u00e4.<\/li>\n<li><b>Rakenteellinen kest\u00e4vyys:<\/b> Valmistettu kest\u00e4v\u00e4st\u00e4 teknisest\u00e4 puusta, kaappi on vahva ja kest\u00e4v\u00e4. T\u00e4m\u00e4 materiaali takaa tuotteen pitk\u00e4ik\u00e4isyyden ja kest\u00e4vyyden p\u00e4ivitt\u00e4isess\u00e4 k\u00e4yt\u00f6ss\u00e4. Se tulee kyll\u00e4 olemaan luotettava osuus kotitaloudessasi.<\/li>\n<li><b>Tehokas kokoaminen:<\/b> Kassemisen yhteydess\u00e4 tarvitaan vain kaksi henkil\u00f6\u00e4 ja perusv\u00e4lineit\u00e4. Selke\u00e4t ohjeet tekev\u00e4t prosessista helppoa, mik\u00e4 on mukavaa kaikille, jotka arvostavat tehokkuutta. Helppok\u00e4ytt\u00f6inen kokoaminen on yksi tuote-etenemisen t\u00e4rkeimmist\u00e4 piirteist\u00e4.<\/li>\n<li><b>Turvallinen sis\u00e4k\u00e4ytt\u00f6:<\/b> T\u00e4m\u00e4 kaappi on suunniteltu toimimaan eri huoneissa, ja se saa paikan olohuoneista tai ty\u00f6huoneista. Se tarjoaa k\u00e4yt\u00e4nn\u00f6llisi\u00e4 s\u00e4ilytysratkaisuja ja parantaa huoneiden toiminnallisuutta ja j\u00e4rjest\u00e4mist\u00e4.<\/li>\n<\/ul>\n<ul>\n<li>V\u00e4ri: Musta tammi.<\/li>\n<li>Yleiset mitat: 60 x 22 x 79 cm (P x L x K)<\/li>\n<li>3 hyllyill\u00e4<\/li>\n<li>S\u00e4ilytysm\u00e4\u00e4r\u00e4: 3<\/li>\n<li>Kokoonpano vaaditaan: Kyll\u00e4<\/li>\n<li>Toimitus-:<\/li>\n<li>1 x Kaappi<\/li>\n<\/ul>\n","protected":false},"excerpt":{"rendered":"<ul>\n<li>V\u00e4ri: Musta tammi.<\/li>\n<li>Yleiset mitat: 60 x 22 x 79 cm (P x L x K)<\/li>\n<li>3 hyllyill\u00e4<\/li>\n<li>S\u00e4ilytysm\u00e4\u00e4r\u00e4: 3<\/li>\n<li>Kokoonpano vaaditaan: Kyll\u00e4<\/li>\n<li>Toimitus-:<\/li>\n<li>1 x Kaappi<\/li>\n<\/ul>\n","protected":false},"featured_media":100000203224,"comment_status":"closed","ping_status":"closed","template":"","meta":[],"product_brand":[],"product_cat":[84,8635],"product_tag":[],"class_list":{"0":"post-203224","1":"product","2":"type-product","3":"status-publish","4":"has-post-thumbnail","6":"product_cat-huonekalut","7":"product_cat-sailytys-lukkokaapit","9":"first","10":"instock","11":"taxable","12":"shipping-taxable","13":"purchasable","14":"product-type-simple"},"_links":{"self":[{"href":"https:\/\/www.otiumhome.fi\/index.php\/wp-json\/wp\/v2\/product\/203224","targetHints":{"allow":["GET"]}}],"collection":[{"href":"https:\/\/www.otiumhome.fi\/index.php\/wp-json\/wp\/v2\/product"}],"about":[{"href":"https:\/\/www.otiumhome.fi\/index.php\/wp-json\/wp\/v2\/types\/product"}],"replies":[{"embeddable":true,"href":"https:\/\/www.otiumhome.fi\/index.php\/wp-json\/wp\/v2\/comments?post=203224"}],"wp:featuredmedia":[{"embeddable":true,"href":"https:\/\/www.otiumhome.fi\/index.php\/wp-json\/"}],"wp:attachment":[{"href":"https:\/\/www.otiumhome.fi\/index.php\/wp-json\/wp\/v2\/media?parent=203224"}],"wp:term":[{"taxonomy":"product_brand","embeddable":true,"href":"https:\/\/www.otiumhome.fi\/index.php\/wp-json\/wp\/v2\/product_brand?post=203224"},{"taxonomy":"product_cat","embeddable":true,"href":"https:\/\/www.otiumhome.fi\/index.php\/wp-json\/wp\/v2\/product_cat?post=203224"},{"taxonomy":"product_tag","embeddable":true,"href":"https:\/\/www.otiumhome.fi\/index.php\/wp-json\/wp\/v2\/product_tag?post=203224"}],"curies":[{"name":"wp","href":"https:\/\/api.w.org\/{rel}","templated":true}]}}