{"id":203211,"date":"2026-01-08T13:31:56","date_gmt":"2026-01-08T13:31:56","guid":{"rendered":"https:\/\/www.otiumhome.fi\/?p=203211"},"modified":"2026-01-13T15:59:34","modified_gmt":"2026-01-13T15:59:34","slug":"rullaava-kaappi-musta-tammi-60-x-45-x-55-cm-tekninen-puu","status":"publish","type":"product","link":"https:\/\/www.otiumhome.fi\/index.php\/tuote\/rullaava-kaappi-musta-tammi-60-x-45-x-55-cm-tekninen-puu\/","title":{"rendered":"Rullaava kaappi Musta tammi. 60 x 45 x 55 cm Tekninen puu"},"content":{"rendered":"<p>T\u00e4\u00e4 moderni s\u00e4ilytyskaappi py\u00f6rill\u00e4 tarjoaa sek\u00e4 tyylikk\u00e4\u00e4n ett\u00e4 toiminnallisen ratkaisun ty\u00f6tiloihin. Suunniteltu t\u00e4ydent\u00e4m\u00e4\u00e4n nykyaikaisia sisustuksia, t\u00e4\u00e4 kaappi on tehty puhtaitten linjojen ja v\u00e4h\u00e4isen koristelun avulla. Sen kompakti koko mahdollistaa sen sijoittamisen huomaamattomasti, mutta silti se tarjoaa runsaasti tilaa toimistotarvikkeille ja t\u00e4rkeille asiakirjoille. Se sopii t\u00e4ydellisesti ammattilaisille tai opiskelijoille, jotka haluaa tehokkuutta ja tyyli\u00e4.<\/p>\n<ul>\n<li><b>Tekninen puu<\/b> T\u00e4m\u00e4 kaappi on tehty kest\u00e4v\u00e4st\u00e4 teknisest\u00e4 puusta, mik\u00e4 takaa, ett\u00e4 se kest\u00e4\u00e4 jokap\u00e4iv\u00e4ist\u00e4 k\u00e4ytt\u00f6\u00e4 yll\u00e4pit\u00e4en samalla modernia ulkon\u00e4k\u00f6\u00e4. Se on valittu ajattomasti mahdollistaen vaivattoman k\u00e4yt\u00f6n eri ymp\u00e4rist\u00f6iss\u00e4.<\/li>\n<li><b>Runsas s\u00e4ilytystila<\/b> Kaappi tarjoaa runsaasti tilaa toimistotarvikkeille, asiakirjoille ja henkil\u00f6kohtaisille tavaroille. Hyllyt ovat tilavia, mik\u00e4 tekee j\u00e4rjest\u00e4misest\u00e4 helppoa. T\u00e4\u00e4 toimii loistavasti niin ammattilaisessa kuin kotik\u00e4yt\u00f6ss\u00e4.<\/li>\n<li><b>Liikkuvuus lukittavilla py\u00f6rill\u00e4<\/b> Kaappi on helppo siirt\u00e4\u00e4 lukittavien py\u00f6rien ansiosta, mik\u00e4 tuo sek\u00e4 liikkuvuutta ett\u00e4 vakautta. Kun l\u00f6yd\u00e4t t\u00e4ydellisen paikan, lukitse py\u00f6r\u00e4t paikoilleen.<\/li>\n<li><b>Vaivaton moderni suunnittelu<\/b> Yksinkertainen ja toiminnallinen kaappi on t\u00e4ydellinen ihmisille, jotka rakastavat minimalistista tyyli\u00e4. Puhtaat linjat ja hillitty ulkon\u00e4k\u00f6 tekev\u00e4t siit\u00e4 kauniin valinnan moderneihin ymp\u00e4rist\u00f6ihin.<\/li>\n<li><b>V\u00e4h\u00e4inen huoltotarve<\/b> T\u00e4m\u00e4 kaappi tarvitsee vain v\u00e4h\u00e4ist\u00e4 huoltoa, sill\u00e4 vahvoja kemikaaleja ei tarvita. Pyyhi vain p\u00f6ly pois, niin se pysyy kauniina ja houkuttelevana.<\/li>\n<\/ul>\n<ul>\n<li>V\u00e4ri: Musta tammi.<\/li>\n<li>Materiaali: Tekninen puu<\/li>\n<li>Yleiset mitat: 60 x 45 x 55 cm (P x L x K)<\/li>\n<li>4 hyllyill\u00e4<\/li>\n<li>Kokonaispaino: 140 kg kg<\/li>\n<li>S\u00e4ilytysm\u00e4\u00e4r\u00e4: 4<\/li>\n<li>Kokoonpano vaaditaan: Kyll\u00e4<\/li>\n<li>Toimitus-:<\/li>\n<li>1 x Rullakaappi<\/li>\n<\/ul>\n","protected":false},"excerpt":{"rendered":"<ul>\n<li>V\u00e4ri: Musta tammi.<\/li>\n<li>Materiaali: Tekninen puu<\/li>\n<li>Yleiset mitat: 60 x 45 x 55 cm (P x L x K)<\/li>\n<li>4 hyllyill\u00e4<\/li>\n<li>Kokonaispaino: 140 kg kg<\/li>\n<li>S\u00e4ilytysm\u00e4\u00e4r\u00e4: 4<\/li>\n<li>Kokoonpano vaaditaan: Kyll\u00e4<\/li>\n<li>Toimitus-:<\/li>\n<li>1 x Rullakaappi<\/li>\n<\/ul>\n","protected":false},"featured_media":100000203211,"comment_status":"closed","ping_status":"closed","template":"","meta":[],"product_brand":[],"product_cat":[84,8635],"product_tag":[],"class_list":{"0":"post-203211","1":"product","2":"type-product","3":"status-publish","4":"has-post-thumbnail","6":"product_cat-huonekalut","7":"product_cat-sailytys-lukkokaapit","9":"first","10":"instock","11":"taxable","12":"shipping-taxable","13":"purchasable","14":"product-type-simple"},"_links":{"self":[{"href":"https:\/\/www.otiumhome.fi\/index.php\/wp-json\/wp\/v2\/product\/203211","targetHints":{"allow":["GET"]}}],"collection":[{"href":"https:\/\/www.otiumhome.fi\/index.php\/wp-json\/wp\/v2\/product"}],"about":[{"href":"https:\/\/www.otiumhome.fi\/index.php\/wp-json\/wp\/v2\/types\/product"}],"replies":[{"embeddable":true,"href":"https:\/\/www.otiumhome.fi\/index.php\/wp-json\/wp\/v2\/comments?post=203211"}],"wp:featuredmedia":[{"embeddable":true,"href":"https:\/\/www.otiumhome.fi\/index.php\/wp-json\/"}],"wp:attachment":[{"href":"https:\/\/www.otiumhome.fi\/index.php\/wp-json\/wp\/v2\/media?parent=203211"}],"wp:term":[{"taxonomy":"product_brand","embeddable":true,"href":"https:\/\/www.otiumhome.fi\/index.php\/wp-json\/wp\/v2\/product_brand?post=203211"},{"taxonomy":"product_cat","embeddable":true,"href":"https:\/\/www.otiumhome.fi\/index.php\/wp-json\/wp\/v2\/product_cat?post=203211"},{"taxonomy":"product_tag","embeddable":true,"href":"https:\/\/www.otiumhome.fi\/index.php\/wp-json\/wp\/v2\/product_tag?post=203211"}],"curies":[{"name":"wp","href":"https:\/\/api.w.org\/{rel}","templated":true}]}}