{"id":203210,"date":"2026-01-08T13:31:55","date_gmt":"2026-01-08T13:31:55","guid":{"rendered":"https:\/\/www.otiumhome.fi\/?p=203210"},"modified":"2026-01-14T14:37:32","modified_gmt":"2026-01-14T14:37:32","slug":"sailytyskaappi-musta-tammi-46-x-36-x-59-cm-tekninen-puu","status":"publish","type":"product","link":"https:\/\/www.otiumhome.fi\/index.php\/tuote\/sailytyskaappi-musta-tammi-46-x-36-x-59-cm-tekninen-puu\/","title":{"rendered":"S\u00e4ilytyskaappi Musta tammi. 46 x 36 x 59 cm Tekninen puu"},"content":{"rendered":"<p>T\u00e4\u00e4 moderni ty\u00f6paja-s\u00e4ilytyskaappi on tyylik\u00e4s s\u00e4ilytysratkaisu mihin tahansa nykyaikaiseen tilaan. Suorakaiteen muotoinen kaappi yhdist\u00e4\u00e4 k\u00e4yt\u00e4nn\u00f6llisyyden ja esteettisen vieh\u00e4tyksen, ja se sopii t\u00e4ydellisesti toimistoihin, olohuoneisiin tai ty\u00f6tiloihin. Sen teknisest\u00e4 puusta valmistettu rakenne on kest\u00e4v\u00e4 ja elegantti, mik\u00e4 sulautuu vaivattomasti mihin tahansa moderniin sisustukseen, tarjoten v\u00e4h\u00e4n tyyli\u00e4 ja k\u00e4yt\u00e4nn\u00f6llisyytt\u00e4.<\/p>\n<ul>\n<li><b>Tekninen puurakenne:<\/b> T\u00e4\u00e4 kaappi on tehty teknisest\u00e4 puusta, joka on tunnettu kest\u00e4vyydest\u00e4\u00e4n. Tyylik\u00e4s viimeistely lis\u00e4\u00e4 sen vieh\u00e4tyst\u00e4, tehden siit\u00e4 hienostuneen valinnan nykyaikaisiin sisustuksiin.<\/li>\n<li><b>Runsaasti s\u00e4ilytystilaa:<\/b> Tilavat hyllyt ja laatikot pit\u00e4v\u00e4t toimistotarvikkeet, asiakirjat ja muut esineet j\u00e4rjestyksess\u00e4 ja siistin\u00e4.<\/li>\n<li><b>Vankat ter\u00e4shanat:<\/b> Kaapissa on kest\u00e4v\u00e4 D-vetimet ter\u00e4ksest\u00e4, joka on mukava tartuttaa ja t\u00e4ydent\u00e4\u00e4 modernia muotoilua.<\/li>\n<li><b>K\u00e4ytt\u00e4j\u00e4yst\u00e4v\u00e4llinen muotoilu:<\/b> Suunniteltu yksinkertaisuus mieless\u00e4, t\u00e4ynn\u00e4 puhtaita linjoja ja minimalistista tyyli\u00e4, ja se sopii eri huoneasetelmiin helposti.<\/li>\n<li><b>Huolto &amp; Yll\u00e4pito:<\/b> S\u00e4ilytt\u00e4\u00e4ksesi sen ulkoasun, v\u00e4lt\u00e4 voimakkaita kemikaaleja. S\u00e4\u00e4nn\u00f6llinen p\u00f6lytt\u00e4minen kuivalla liinalla riitt\u00e4\u00e4 sen s\u00e4ilytt\u00e4miseen.<\/li>\n<\/ul>\n<ul>\n<li>V\u00e4ri: Musta tammi.<\/li>\n<li>Materiaali: Tekninen puu<\/li>\n<li>Yleiset mitat: 46 x 36 x 59 cm (P x L x K)<\/li>\n<li>2 hyllyill\u00e4<\/li>\n<li>Laatikolla<\/li>\n<li>Kokonaispaino: 90 kg kg<\/li>\n<li>S\u00e4ilytysm\u00e4\u00e4r\u00e4: 3<\/li>\n<li>Kokoonpano vaaditaan: Kyll\u00e4<\/li>\n<li>Toimitus-:<\/li>\n<li>1 x S\u00e4ilytyskaappi<\/li>\n<\/ul>\n","protected":false},"excerpt":{"rendered":"<ul>\n<li>V\u00e4ri: Musta tammi.<\/li>\n<li>Materiaali: Tekninen puu<\/li>\n<li>Yleiset mitat: 46 x 36 x 59 cm (P x L x K)<\/li>\n<li>2 hyllyill\u00e4<\/li>\n<li>Laatikolla<\/li>\n<li>Kokonaispaino: 90 kg kg<\/li>\n<li>S\u00e4ilytysm\u00e4\u00e4r\u00e4: 3<\/li>\n<li>Kokoonpano vaaditaan: Kyll\u00e4<\/li>\n<li>Toimitus-:<\/li>\n<li>1 x S\u00e4ilytyskaappi<\/li>\n<\/ul>\n","protected":false},"featured_media":100000203210,"comment_status":"closed","ping_status":"closed","template":"","meta":[],"product_brand":[],"product_cat":[84,8635],"product_tag":[],"class_list":{"0":"post-203210","1":"product","2":"type-product","3":"status-publish","4":"has-post-thumbnail","6":"product_cat-huonekalut","7":"product_cat-sailytys-lukkokaapit","9":"first","10":"instock","11":"taxable","12":"shipping-taxable","13":"purchasable","14":"product-type-simple"},"_links":{"self":[{"href":"https:\/\/www.otiumhome.fi\/index.php\/wp-json\/wp\/v2\/product\/203210","targetHints":{"allow":["GET"]}}],"collection":[{"href":"https:\/\/www.otiumhome.fi\/index.php\/wp-json\/wp\/v2\/product"}],"about":[{"href":"https:\/\/www.otiumhome.fi\/index.php\/wp-json\/wp\/v2\/types\/product"}],"replies":[{"embeddable":true,"href":"https:\/\/www.otiumhome.fi\/index.php\/wp-json\/wp\/v2\/comments?post=203210"}],"wp:featuredmedia":[{"embeddable":true,"href":"https:\/\/www.otiumhome.fi\/index.php\/wp-json\/"}],"wp:attachment":[{"href":"https:\/\/www.otiumhome.fi\/index.php\/wp-json\/wp\/v2\/media?parent=203210"}],"wp:term":[{"taxonomy":"product_brand","embeddable":true,"href":"https:\/\/www.otiumhome.fi\/index.php\/wp-json\/wp\/v2\/product_brand?post=203210"},{"taxonomy":"product_cat","embeddable":true,"href":"https:\/\/www.otiumhome.fi\/index.php\/wp-json\/wp\/v2\/product_cat?post=203210"},{"taxonomy":"product_tag","embeddable":true,"href":"https:\/\/www.otiumhome.fi\/index.php\/wp-json\/wp\/v2\/product_tag?post=203210"}],"curies":[{"name":"wp","href":"https:\/\/api.w.org\/{rel}","templated":true}]}}