{"id":203209,"date":"2026-01-08T13:31:55","date_gmt":"2026-01-08T13:31:55","guid":{"rendered":"https:\/\/www.otiumhome.fi\/?p=203209"},"modified":"2026-01-14T14:37:29","modified_gmt":"2026-01-14T14:37:29","slug":"sailytyskaappi-musta-tammi-60-x-53-x-725-cm-tekninen-puu","status":"publish","type":"product","link":"https:\/\/www.otiumhome.fi\/index.php\/tuote\/sailytyskaappi-musta-tammi-60-x-53-x-725-cm-tekninen-puu\/","title":{"rendered":"S\u00e4ilytyskaappi Musta tammi. 60 x 53 x 72,5 cm Tekninen puu"},"content":{"rendered":"<p>T\u00e4m\u00e4 moderni toimistokaappi yhdist\u00e4\u00e4 tyyli\u00e4 ja k\u00e4yt\u00e4nn\u00f6llisyytt\u00e4, mahdollistaen toimistotarvikkeiden, asiakirjojen ja muiden tavaroiden j\u00e4rjest\u00e4misen. Sen py\u00f6re\u00e4linjainen muotoilu ja sile\u00e4 tekninen puupinta sulautuvat upeasti nykyaikaisiin toimistotiloihin, tarjoten kauniin ja k\u00e4yt\u00e4nn\u00f6llisen s\u00e4ilytysratkaisun. Suunniteltu sopimaan pieniin ty\u00f6tiloihin, t\u00e4m\u00e4 kompakti kaappi ei vie paljoa tilaa, vaan hy\u00f6dynt\u00e4\u00e4 sen tehokkaasti.<\/p>\n<ul>\n<li><b>Materiaalirakenne:<\/b> T\u00e4m\u00e4 kaappi on rakennettu teknisest\u00e4 puusta, mik\u00e4 tekee siit\u00e4 todella kest\u00e4v\u00e4n. Materiaalivalinta takaa tukevan perustan, joka pystyy tukemaan monenlaisia tavaroita. Sen sile\u00e4 pinta n\u00e4ytt\u00e4\u00e4 hyv\u00e4lt\u00e4 ja on helppo puhdistaa.<\/li>\n<li><b>Hyllyrakennus:<\/b> Kaappi on varustettu k\u00e4yt\u00e4nn\u00f6llisill\u00e4 levyhyllyill\u00e4, jotka tarjoavat joustavaa s\u00e4ilytystilaa asiakirjoille ja toimistotarvikkeille. Moderni ilme yhdistettyn\u00e4 joustavuuteen tekee siit\u00e4 todella toimivan.<\/li>\n<li><b>Toiminnalliset ominaisuudet:<\/b> Liikkuva runko lukittavilla py\u00f6rill\u00e4 helpottaa siirt\u00e4mist\u00e4. T\u00e4m\u00e4 ominaisuus on hy\u00f6dyllinen, kun toimiston tiloja muokataan tai tarvitaan tilap\u00e4isi\u00e4 muutoksia. Rakenne kest\u00e4\u00e4 my\u00f6s tihe\u00e4\u00e4 liikuttamista ilman, ett\u00e4 vakaus k\u00e4rsii.<\/li>\n<li><b>K\u00e4yt\u00e4nn\u00f6n k\u00e4yt\u00f6t:<\/b> T\u00e4m\u00e4 kaappi on suunniteltu toimitiloihin ja olohuoneisiin, miss\u00e4 se sulautuu sek\u00e4 ammattimaisiin ett\u00e4 rentoihin ymp\u00e4rist\u00f6ihin. Tyylik\u00e4s muotoilu tekee siit\u00e4 loistavan niin kotitalouksiin kuin ty\u00f6tiloihin, jossa se ly\u00f6 yhteen k\u00e4yt\u00e4nn\u00f6llisyyden ja yksinkertaisuuden.<\/li>\n<li><b>Hoito &amp; yll\u00e4pito:<\/b> Puhdista kaappi pehme\u00e4ll\u00e4 kuivalla liinalla ja v\u00e4lt\u00e4 voimakkaita kemikaaleja, jotka voivat vahingoittaa pintaa. S\u00e4\u00e4nn\u00f6llinen huolto pit\u00e4\u00e4 kaapin tyylikk\u00e4\u00e4n\u00e4 ja k\u00e4yt\u00e4nn\u00f6llisen\u00e4 vuosien ajan.<\/li>\n<\/ul>\n<ul>\n<li>V\u00e4ri: Musta tammi.<\/li>\n<li>Materiaali: Tekninen puu<\/li>\n<li>Yleiset mitat: 60 x 53 x 72,5 cm (P x L x K)<\/li>\n<li>2 hyllyill\u00e4<\/li>\n<li>Kokonaispaino: 100 kg kg<\/li>\n<li>S\u00e4ilytysm\u00e4\u00e4r\u00e4: 2<\/li>\n<li>Kokoonpano vaaditaan: Kyll\u00e4<\/li>\n<li>Toimitus-:<\/li>\n<li>1 x S\u00e4ilytyskaappi<\/li>\n<\/ul>\n","protected":false},"excerpt":{"rendered":"<ul>\n<li>V\u00e4ri: Musta tammi.<\/li>\n<li>Materiaali: Tekninen puu<\/li>\n<li>Yleiset mitat: 60 x 53 x 72,5 cm (P x L x K)<\/li>\n<li>2 hyllyill\u00e4<\/li>\n<li>Kokonaispaino: 100 kg kg<\/li>\n<li>S\u00e4ilytysm\u00e4\u00e4r\u00e4: 2<\/li>\n<li>Kokoonpano vaaditaan: Kyll\u00e4<\/li>\n<li>Toimitus-:<\/li>\n<li>1 x S\u00e4ilytyskaappi<\/li>\n<\/ul>\n","protected":false},"featured_media":100000203209,"comment_status":"closed","ping_status":"closed","template":"","meta":[],"product_brand":[],"product_cat":[84,8635],"product_tag":[],"class_list":{"0":"post-203209","1":"product","2":"type-product","3":"status-publish","4":"has-post-thumbnail","6":"product_cat-huonekalut","7":"product_cat-sailytys-lukkokaapit","9":"first","10":"instock","11":"taxable","12":"shipping-taxable","13":"purchasable","14":"product-type-simple"},"_links":{"self":[{"href":"https:\/\/www.otiumhome.fi\/index.php\/wp-json\/wp\/v2\/product\/203209","targetHints":{"allow":["GET"]}}],"collection":[{"href":"https:\/\/www.otiumhome.fi\/index.php\/wp-json\/wp\/v2\/product"}],"about":[{"href":"https:\/\/www.otiumhome.fi\/index.php\/wp-json\/wp\/v2\/types\/product"}],"replies":[{"embeddable":true,"href":"https:\/\/www.otiumhome.fi\/index.php\/wp-json\/wp\/v2\/comments?post=203209"}],"wp:featuredmedia":[{"embeddable":true,"href":"https:\/\/www.otiumhome.fi\/index.php\/wp-json\/"}],"wp:attachment":[{"href":"https:\/\/www.otiumhome.fi\/index.php\/wp-json\/wp\/v2\/media?parent=203209"}],"wp:term":[{"taxonomy":"product_brand","embeddable":true,"href":"https:\/\/www.otiumhome.fi\/index.php\/wp-json\/wp\/v2\/product_brand?post=203209"},{"taxonomy":"product_cat","embeddable":true,"href":"https:\/\/www.otiumhome.fi\/index.php\/wp-json\/wp\/v2\/product_cat?post=203209"},{"taxonomy":"product_tag","embeddable":true,"href":"https:\/\/www.otiumhome.fi\/index.php\/wp-json\/wp\/v2\/product_tag?post=203209"}],"curies":[{"name":"wp","href":"https:\/\/api.w.org\/{rel}","templated":true}]}}