{"id":203208,"date":"2026-01-08T13:31:54","date_gmt":"2026-01-08T13:31:54","guid":{"rendered":"https:\/\/www.otiumhome.fi\/?p=203208"},"modified":"2026-01-14T14:37:26","modified_gmt":"2026-01-14T14:37:26","slug":"sailytyskaappi-musta-tammi-60-x-35-x-75-cm-tekninen-puu","status":"publish","type":"product","link":"https:\/\/www.otiumhome.fi\/index.php\/tuote\/sailytyskaappi-musta-tammi-60-x-35-x-75-cm-tekninen-puu\/","title":{"rendered":"S\u00e4ilytyskaappi Musta tammi. 60 x 35 x 75 cm Tekninen puu"},"content":{"rendered":"<p>T\u00e4m\u00e4 moderni py\u00f6riv\u00e4 hyllyyksikk\u00f6 tuo tyylin ja k\u00e4yt\u00e4nn\u00f6llisyyden toimistoon tai olohuoneeseen. Sen yksinkertainen muotoilu yhdist\u00e4\u00e4 k\u00e4yt\u00e4nn\u00f6llisyyden ja visuaalisen vieh\u00e4tt\u00e4vyys. Suorat linjat ja minimalistinen tyyli t\u00e4ydent\u00e4v\u00e4t modernia toimistotilaa. Olipa sijoitettuna nurkkaan tai muualla, se auttaa pit\u00e4m\u00e4\u00e4n asiat j\u00e4rjestyksess\u00e4. Kest\u00e4v\u00e4 materiaali ja erityiset suunnitteluominaisuudet tekev\u00e4t t\u00e4st\u00e4 kaapista t\u00e4ydellisen s\u00e4ilytysratkaisun.<\/p>\n<ul>\n<li><b>Materiaalit:<\/b> Kaappi on teknist\u00e4 puuta, joka on kest\u00e4v\u00e4 ja n\u00e4ytt\u00e4\u00e4 hyv\u00e4lt\u00e4 kiilt\u00e4v\u00e4n pinnan ansiosta. T\u00e4m\u00e4 materiaali valittiin kest\u00e4vyytens\u00e4 vuoksi, ja se edelleen parantaa kaapin ulkon\u00e4k\u00f6\u00e4. Sen tekstuuri pit\u00e4\u00e4 modernin tyylin ja asettuu nykyajan sisustuksiin.<\/li>\n<li><b>Mukana tulevat osat:<\/b> Yksikk\u00f6 sis\u00e4lt\u00e4\u00e4 levyyn perustuvat hyllyt, jotka tarjoavat monipuolisen ratkaisu tavaroiden s\u00e4ilytt\u00e4miseen. Kest\u00e4v\u00e4 rakenne varmistaa, ett\u00e4 voit j\u00e4rjest\u00e4\u00e4 p\u00e4ivitt\u00e4iset esineesi helposti, mik\u00e4 tekee ty\u00f6skentelyst\u00e4 sujuvampaa.<\/li>\n<li><b>Ominaisuudet \/ Toiminta \/ Suunnittelu:<\/b> Kaappi tarjoaa paljon tilaa asiakirjoille ja muille tarvikkeille. Sen yksinkertainen, mutta toimiva muotoilu tekee siit\u00e4 ihanteellisen minimalistisiin ymp\u00e4rist\u00f6ihin.<\/li>\n<li><b>Suositellut k\u00e4ytt\u00f6tarkoitukset:<\/b> T\u00e4m\u00e4 s\u00e4ilytysyksikk\u00f6 sopii mainiosti olohuoneeseen tai toimistoon, sill\u00e4 se on monik\u00e4ytt\u00f6inen. Se sulautuu ty\u00f6ntekij\u00f6iden ymp\u00e4rist\u00f6ihin hienosti ja tuo k\u00e4yt\u00e4nn\u00f6llisyytt\u00e4.<\/li>\n<li><b>Huolto ja yll\u00e4pito:<\/b> V\u00e4lt\u00e4 kovia kemikaaleja ja hankausaineita kaapin pinnan yll\u00e4pit\u00e4miseksi. Kevyt huolto takaa kaapin n\u00e4ytt\u00e4vyyden ja pitk\u00e4ik\u00e4isyyden.<\/li>\n<\/ul>\n<ul>\n<li>V\u00e4ri: Musta tammi.<\/li>\n<li>Materiaali: Tekninen puu<\/li>\n<li>Yleiset mitat: 60 x 35 x 75 cm (P x L x K)<\/li>\n<li>3 hyllyill\u00e4<\/li>\n<li>Kokonaispaino: 120 kg kg<\/li>\n<li>S\u00e4ilytysm\u00e4\u00e4r\u00e4: 3<\/li>\n<li>Kokoonpano vaaditaan: Kyll\u00e4<\/li>\n<li>Toimitus-:<\/li>\n<li>1 x S\u00e4ilytyskaappi<\/li>\n<\/ul>\n","protected":false},"excerpt":{"rendered":"<ul>\n<li>V\u00e4ri: Musta tammi.<\/li>\n<li>Materiaali: Tekninen puu<\/li>\n<li>Yleiset mitat: 60 x 35 x 75 cm (P x L x K)<\/li>\n<li>3 hyllyill\u00e4<\/li>\n<li>Kokonaispaino: 120 kg kg<\/li>\n<li>S\u00e4ilytysm\u00e4\u00e4r\u00e4: 3<\/li>\n<li>Kokoonpano vaaditaan: Kyll\u00e4<\/li>\n<li>Toimitus-:<\/li>\n<li>1 x S\u00e4ilytyskaappi<\/li>\n<\/ul>\n","protected":false},"featured_media":100000203208,"comment_status":"closed","ping_status":"closed","template":"","meta":[],"product_brand":[],"product_cat":[84,8635],"product_tag":[],"class_list":{"0":"post-203208","1":"product","2":"type-product","3":"status-publish","4":"has-post-thumbnail","6":"product_cat-huonekalut","7":"product_cat-sailytys-lukkokaapit","9":"first","10":"instock","11":"taxable","12":"shipping-taxable","13":"purchasable","14":"product-type-simple"},"_links":{"self":[{"href":"https:\/\/www.otiumhome.fi\/index.php\/wp-json\/wp\/v2\/product\/203208","targetHints":{"allow":["GET"]}}],"collection":[{"href":"https:\/\/www.otiumhome.fi\/index.php\/wp-json\/wp\/v2\/product"}],"about":[{"href":"https:\/\/www.otiumhome.fi\/index.php\/wp-json\/wp\/v2\/types\/product"}],"replies":[{"embeddable":true,"href":"https:\/\/www.otiumhome.fi\/index.php\/wp-json\/wp\/v2\/comments?post=203208"}],"wp:featuredmedia":[{"embeddable":true,"href":"https:\/\/www.otiumhome.fi\/index.php\/wp-json\/"}],"wp:attachment":[{"href":"https:\/\/www.otiumhome.fi\/index.php\/wp-json\/wp\/v2\/media?parent=203208"}],"wp:term":[{"taxonomy":"product_brand","embeddable":true,"href":"https:\/\/www.otiumhome.fi\/index.php\/wp-json\/wp\/v2\/product_brand?post=203208"},{"taxonomy":"product_cat","embeddable":true,"href":"https:\/\/www.otiumhome.fi\/index.php\/wp-json\/wp\/v2\/product_cat?post=203208"},{"taxonomy":"product_tag","embeddable":true,"href":"https:\/\/www.otiumhome.fi\/index.php\/wp-json\/wp\/v2\/product_tag?post=203208"}],"curies":[{"name":"wp","href":"https:\/\/api.w.org\/{rel}","templated":true}]}}