{"id":203195,"date":"2026-01-08T11:17:34","date_gmt":"2026-01-08T11:17:34","guid":{"rendered":"https:\/\/www.otiumhome.fi\/?p=203195"},"modified":"2026-01-15T10:59:21","modified_gmt":"2026-01-15T10:59:21","slug":"levykaappi-artisan-tammi-121-x-38-x-48-cm-tekninen-puu","status":"publish","type":"product","link":"https:\/\/www.otiumhome.fi\/index.php\/tuote\/levykaappi-artisan-tammi-121-x-38-x-48-cm-tekninen-puu\/","title":{"rendered":"Levykaappi Artisan tammi 121 x 38 x 48 cm Tekninen puu"},"content":{"rendered":"<p>T\u00e4m\u00e4 moderni levykaappi tuo tyylik\u00e4st\u00e4 ja minimalistista muotoilua mihin tahansa olohuoneeseen, yhdist\u00e4en tyylin ja k\u00e4yt\u00e4nn\u00f6llisyyden. Se on suunniteltu s\u00e4ilytt\u00e4m\u00e4\u00e4n rakastamasi vinyylikokoelmat, toimien samalla esteettisen\u00e4 keskipisteen\u00e4 ja k\u00e4yt\u00e4nn\u00f6n s\u00e4ilytysratkaisuna musiikin yst\u00e4ville. T\u00e4m\u00e4 teknisest\u00e4 puusta rakennettu levykaappi edustaa yksinkertaisuuden ja k\u00e4yt\u00e4nn\u00f6llisyyden yhdistelm\u00e4\u00e4, joka on nykykalustuksen keskeinen piirre. Sen puhtaat linjat ja neutraali v\u00e4ri tuovat monik\u00e4ytt\u00f6isyytt\u00e4 erilaisiin sisustusteemoihin.<\/p>\n<ul>\n<li><b>Tekninen puu<\/b> Kaappi on valmistettu korkealaatuisesta teknisest\u00e4 puusta, mik\u00e4 tekee siit\u00e4 kest\u00e4v\u00e4n ja tukevan vinyylikokoelmillesi. Tekninen puu pystyy kantamaan enemm\u00e4n painoa kuin perinteiset puumateriaalit. Sile\u00e4t pinnat parantavat esteettisyytt\u00e4 ja k\u00e4ytt\u00f6mukavuutta.<\/li>\n<li><b>Sis\u00e4\u00e4nrakennetut hyllyt<\/b> Kaapin hyllyt on huolellisesti suunniteltu ja integroitu rakenteeseen, mik\u00e4 tekee s\u00e4ilytt\u00e4misest\u00e4 siistimp\u00e4\u00e4. Ne pit\u00e4v\u00e4t levyj\u00e4 tukevasti paikoillaan, est\u00e4en kokoelmasi satunnaista kaatumista.<\/li>\n<li><b>Saranoitu ovi<\/b> Kaapin saranoitu ovi helpottaa p\u00e4\u00e4sy\u00e4 levyihin ja suojaa niit\u00e4 p\u00f6lylt\u00e4. Mukautuvat ovet parantavat kaapin yleisilmett\u00e4 ja varmistavat esineiden turvallisuuden.<\/li>\n<li><b>Tilava s\u00e4ilytyskyky<\/b> Kaapin tilava sis\u00e4osa on erinomainen isoille musiikkikokoelmille. Se auttaa organisoimaan ja l\u00f6yt\u00e4m\u00e4\u00e4n levyt helposti, mik\u00e4 tekee musiikkikirjaston rakentamisesta vaivattomampaa.<\/li>\n<li><b>K\u00e4yt\u00e4nn\u00f6lliset hoito-ohjeet<\/b> Pid\u00e4 kaappi hyv\u00e4ss\u00e4 kunnossa pyyhkim\u00e4ll\u00e4 se kostealla liinalla. Kokoamiseen tarvitaan kaksi henkil\u00f6\u00e4 ja ruuvimeisseli, mik\u00e4 on t\u00e4rke\u00e4\u00e4, jotta se pysyy turvallisena ja tukevana. T\u00e4m\u00e4 pident\u00e4\u00e4 sen k\u00e4ytt\u00f6ik\u00e4\u00e4.<\/li>\n<\/ul>\n<ul>\n<li>V\u00e4ri: Artisan tammi<\/li>\n<li>Materiaali: Tekninen puu<\/li>\n<li>Yleiset mitat: 121 x 38 x 48 cm (P x L x K)<\/li>\n<li>2 hyllyill\u00e4<\/li>\n<li>Kokonaispaino: 60 kg kg<\/li>\n<li>S\u00e4ilytysm\u00e4\u00e4r\u00e4: 4<\/li>\n<li>Kokoonpano vaaditaan: Kyll\u00e4<\/li>\n<li>Toimitus-:<\/li>\n<li>1 x Levykotelo<\/li>\n<\/ul>\n","protected":false},"excerpt":{"rendered":"<ul>\n<li>V\u00e4ri: Artisan tammi<\/li>\n<li>Materiaali: Tekninen puu<\/li>\n<li>Yleiset mitat: 121 x 38 x 48 cm (P x L x K)<\/li>\n<li>2 hyllyill\u00e4<\/li>\n<li>Kokonaispaino: 60 kg kg<\/li>\n<li>S\u00e4ilytysm\u00e4\u00e4r\u00e4: 4<\/li>\n<li>Kokoonpano vaaditaan: Kyll\u00e4<\/li>\n<li>Toimitus-:<\/li>\n<li>1 x Levykotelo<\/li>\n<\/ul>\n","protected":false},"featured_media":100000203195,"comment_status":"closed","ping_status":"closed","template":"","meta":[],"product_brand":[],"product_cat":[84,8635],"product_tag":[],"class_list":{"0":"post-203195","1":"product","2":"type-product","3":"status-publish","4":"has-post-thumbnail","6":"product_cat-huonekalut","7":"product_cat-sailytys-lukkokaapit","9":"first","10":"instock","11":"taxable","12":"shipping-taxable","13":"purchasable","14":"product-type-simple"},"_links":{"self":[{"href":"https:\/\/www.otiumhome.fi\/index.php\/wp-json\/wp\/v2\/product\/203195","targetHints":{"allow":["GET"]}}],"collection":[{"href":"https:\/\/www.otiumhome.fi\/index.php\/wp-json\/wp\/v2\/product"}],"about":[{"href":"https:\/\/www.otiumhome.fi\/index.php\/wp-json\/wp\/v2\/types\/product"}],"replies":[{"embeddable":true,"href":"https:\/\/www.otiumhome.fi\/index.php\/wp-json\/wp\/v2\/comments?post=203195"}],"wp:featuredmedia":[{"embeddable":true,"href":"https:\/\/www.otiumhome.fi\/index.php\/wp-json\/"}],"wp:attachment":[{"href":"https:\/\/www.otiumhome.fi\/index.php\/wp-json\/wp\/v2\/media?parent=203195"}],"wp:term":[{"taxonomy":"product_brand","embeddable":true,"href":"https:\/\/www.otiumhome.fi\/index.php\/wp-json\/wp\/v2\/product_brand?post=203195"},{"taxonomy":"product_cat","embeddable":true,"href":"https:\/\/www.otiumhome.fi\/index.php\/wp-json\/wp\/v2\/product_cat?post=203195"},{"taxonomy":"product_tag","embeddable":true,"href":"https:\/\/www.otiumhome.fi\/index.php\/wp-json\/wp\/v2\/product_tag?post=203195"}],"curies":[{"name":"wp","href":"https:\/\/api.w.org\/{rel}","templated":true}]}}