{"id":203189,"date":"2026-01-08T06:34:00","date_gmt":"2026-01-08T06:34:00","guid":{"rendered":"https:\/\/www.otiumhome.fi\/?p=203189"},"modified":"2026-01-13T15:46:07","modified_gmt":"2026-01-13T15:46:07","slug":"korkea-kaappi-ovella-valkoinen-60-x-33-x-100-cm-taysi-mangopuu","status":"publish","type":"product","link":"https:\/\/www.otiumhome.fi\/index.php\/tuote\/korkea-kaappi-ovella-valkoinen-60-x-33-x-100-cm-taysi-mangopuu\/","title":{"rendered":"Korkea kaappi ovella Valkoinen 60 x 33 x 100 cm t\u00e4ysi mangopuu"},"content":{"rendered":"<p>T\u00e4m\u00e4 kest\u00e4v\u00e4 Mangopuukorkeakaappi on tyylik\u00e4s s\u00e4ilytysratkaisu, joka tuo sek\u00e4 vieh\u00e4tyst\u00e4 ett\u00e4 toimivuutta mihin tahansa olohuoneeseen tai ruokasaliin. Suorakaiteen muotoinen ja moderni muotoilu, virtaviivaiset linjat ja teksturoidut pinnat tekev\u00e4t siit\u00e4 monik\u00e4ytt\u00f6isen lis\u00e4n moneen sisustustyyliin. S\u00e4ilytystilaa on reilusti, joten se on just passeli pit\u00e4m\u00e4\u00e4n ruokailuv\u00e4lineet j\u00e4rjestyksess\u00e4 tai esittelem\u00e4\u00e4n suosikkikoristeita, samalla kun teksturoidut yksityiskohdat antavat sille ainutlaatuista tunnelmaa.<\/p>\n<ul>\n<li><b>Kest\u00e4v\u00e4 Mangopuusta Valmistettu<\/b> \u2013 T\u00e4m\u00e4 korkeakaappi on tehty kovasta Mangopuusta, joten se on kest\u00e4v\u00e4 ja tukevasti rakennettu. Luonnolliset puukuvioinnit tuovat l\u00e4mp\u00f6\u00e4 ja aitoutta, antaen sille ajattoman ilmeen, joka sopii sek\u00e4 moderniin ett\u00e4 perinteiseen sisustukseen.<\/li>\n<li><b>Levyhyllyt<\/b> \u2013 Levyhyllyt helpottaa tavaroiden s\u00e4ilytt\u00e4mist\u00e4. Voit laittaa astiat tai koristeet esille hyllyille, jotka tuovat vakautta ja tilaa, mik\u00e4 parantaa sen k\u00e4ytett\u00e4vyytt\u00e4.<\/li>\n<li><b>Tyylikk\u00e4\u00e4t Saranoidut Ovet<\/b> \u2013 Saranoidut ovet matta-finish nuppeineen tuo modernia fiilist\u00e4 ja helpottaa p\u00e4\u00e4sy\u00e4 s\u00e4ilytett\u00e4viin tavaroihin. T\u00e4m\u00e4 muotoilu pit\u00e4\u00e4 kaiken j\u00e4rjestyksess\u00e4 ja n\u00e4ytt\u00e4\u00e4 silti hienolta.<\/li>\n<li><b>Monipuolinen K\u00e4ytt\u00f6<\/b> \u2013 Loistava olohuoneeseen tai ruokasaliin. Korkeakaapin muotoilu ja toimivuus sopii monenlaisiin tiloihin. Se erottuu huonekaluna samalla, kun se tarjoaa runsaasti s\u00e4ilytystilaa kaikille ruokailuv\u00e4lineille tai koriste-esineille.<\/li>\n<li><b>Hoito-ohjeet<\/b> \u2013 Korkeakaapin pit\u00e4minen hyv\u00e4ss\u00e4 kunnossa on helppoa; pyyhk\u00e4ise se vain nopeasti kuivalle liinalle. V\u00e4lt\u00e4 kovia kemikaaleja ja hankausaineita suojataksesi puupintaa, jotta se pysyy kauniina pitk\u00e4\u00e4n.<\/li>\n<\/ul>\n<ul>\n<li>V\u00e4ri: Valkoinen<\/li>\n<li>Materiaali: T\u00e4ysi mangopuu<\/li>\n<li>Viimeistely: Teksturoitu<\/li>\n<li>Yleiset mitat: 60 x 33 x 100 cm (P x L x K)<\/li>\n<li>Paino: 22,6 kg<\/li>\n<li>S\u00e4ilytystila<\/li>\n<li>Kest\u00e4v\u00e4<\/li>\n<li>Laatikolla<\/li>\n<li>2 hyllyill\u00e4<\/li>\n<li>Kehysmateriaali: T\u00e4ysi mangopuu<\/li>\n<li>2 ovien kanssa<\/li>\n<li>Sis\u00e4- \/ ulkotiloissa: Vain sis\u00e4k\u00e4ytt\u00f6\u00f6n<\/li>\n<li>Toimitus-:<\/li>\n<li>1 x korkea kaappi<\/li>\n<li>Kokoonpano vaaditaan: Kyll\u00e4<\/li>\n<\/ul>\n","protected":false},"excerpt":{"rendered":"<ul>\n<li>V\u00e4ri: Valkoinen<\/li>\n<li>Materiaali: T\u00e4ysi mangopuu<\/li>\n<li>Viimeistely: Teksturoitu<\/li>\n<li>Yleiset mitat: 60 x 33 x 100 cm (P x L x K)<\/li>\n<li>Paino: 22,6 kg<\/li>\n<li>S\u00e4ilytystila<\/li>\n<li>Kest\u00e4v\u00e4<\/li>\n<li>Laatikolla<\/li>\n<li>2 hyllyill\u00e4<\/li>\n<li>Kehysmateriaali: T\u00e4ysi mangopuu<\/li>\n<li>2 ovien kanssa<\/li>\n<li>Sis\u00e4- \/ ulkotiloissa: Vain sis\u00e4k\u00e4ytt\u00f6\u00f6n<\/li>\n<li>Toimitus-:<\/li>\n<li>1 x korkea kaappi<\/li>\n<li>Kokoonpano vaaditaan: Kyll\u00e4<\/li>\n<\/ul>\n","protected":false},"featured_media":100000203189,"comment_status":"closed","ping_status":"closed","template":"","meta":[],"product_brand":[],"product_cat":[84,8635],"product_tag":[],"class_list":{"0":"post-203189","1":"product","2":"type-product","3":"status-publish","4":"has-post-thumbnail","6":"product_cat-huonekalut","7":"product_cat-sailytys-lukkokaapit","9":"first","10":"instock","11":"taxable","12":"shipping-taxable","13":"purchasable","14":"product-type-simple"},"_links":{"self":[{"href":"https:\/\/www.otiumhome.fi\/index.php\/wp-json\/wp\/v2\/product\/203189","targetHints":{"allow":["GET"]}}],"collection":[{"href":"https:\/\/www.otiumhome.fi\/index.php\/wp-json\/wp\/v2\/product"}],"about":[{"href":"https:\/\/www.otiumhome.fi\/index.php\/wp-json\/wp\/v2\/types\/product"}],"replies":[{"embeddable":true,"href":"https:\/\/www.otiumhome.fi\/index.php\/wp-json\/wp\/v2\/comments?post=203189"}],"wp:featuredmedia":[{"embeddable":true,"href":"https:\/\/www.otiumhome.fi\/index.php\/wp-json\/"}],"wp:attachment":[{"href":"https:\/\/www.otiumhome.fi\/index.php\/wp-json\/wp\/v2\/media?parent=203189"}],"wp:term":[{"taxonomy":"product_brand","embeddable":true,"href":"https:\/\/www.otiumhome.fi\/index.php\/wp-json\/wp\/v2\/product_brand?post=203189"},{"taxonomy":"product_cat","embeddable":true,"href":"https:\/\/www.otiumhome.fi\/index.php\/wp-json\/wp\/v2\/product_cat?post=203189"},{"taxonomy":"product_tag","embeddable":true,"href":"https:\/\/www.otiumhome.fi\/index.php\/wp-json\/wp\/v2\/product_tag?post=203189"}],"curies":[{"name":"wp","href":"https:\/\/api.w.org\/{rel}","templated":true}]}}