{"id":203187,"date":"2026-01-08T06:33:57","date_gmt":"2026-01-08T06:33:57","guid":{"rendered":"https:\/\/www.otiumhome.fi\/?p=203187"},"modified":"2026-01-13T16:12:33","modified_gmt":"2026-01-13T16:12:33","slug":"sivupoyta-valkoinen-60-x-33-x-75-cm-taysi-mangopuu","status":"publish","type":"product","link":"https:\/\/www.otiumhome.fi\/index.php\/tuote\/sivupoyta-valkoinen-60-x-33-x-75-cm-taysi-mangopuu\/","title":{"rendered":"Sivup\u00f6yt\u00e4 Valkoinen 60 x 33 x 75 cm t\u00e4ysi mangopuu"},"content":{"rendered":"<p>T\u00e4m\u00e4 k\u00e4tev\u00e4 sivup\u00f6yt\u00e4 on loistava lis\u00e4varasto ruokailu- tai olohuoneeseen. Suorakaiteen muoto tuo modernia ja yksinkertaista tunnelmaa puhtaine linjoineen ja minimalistisella ilmeell\u00e4. Teksturoitu viimeistely lis\u00e4\u00e4 tyylikkyytt\u00e4, sekoittuu helposti eri sisustuksiin ja pit\u00e4\u00e4 tilat siistin\u00e4.<\/p>\n<ul>\n<li><b>Kest\u00e4v\u00e4 t\u00e4ysipuu:<\/b> T\u00e4m\u00e4 sivup\u00f6yt\u00e4 on valmistettu kest\u00e4v\u00e4st\u00e4 mangopuusta, joka on tunnettu pitk\u00e4ik\u00e4isyydest\u00e4\u00e4n. Se kest\u00e4\u00e4 p\u00e4ivitt\u00e4isess\u00e4 k\u00e4yt\u00f6ss\u00e4 ja tarjoaa tyyli\u00e4 kotiisi. Luonnollinen ilme on sek\u00e4 k\u00e4yt\u00e4nn\u00f6llinen ett\u00e4 kaunis.<\/li>\n<li><b>Paljon s\u00e4ilytystilaa:<\/b> Laatikot ja lokerot tekev\u00e4t t\u00e4st\u00e4 sivup\u00f6yd\u00e4st\u00e4 t\u00e4ydellisen kaikenlaisten tavaroiden, kuten astioiden ja liinavaatteiden, j\u00e4rjest\u00e4miseen. Vanhan koulun vetimet helpottavat tavaroiden saatavuutta pit\u00e4en asiat siistin\u00e4.<\/li>\n<li><b>Tekninen puu taustalla:<\/b> Tekninen puu lis\u00e4\u00e4 sivup\u00f6yd\u00e4n tukevuutta, joten se pysyy vakaana ja kest\u00e4v\u00e4n\u00e4. Se auttaa pit\u00e4m\u00e4\u00e4n p\u00f6yd\u00e4n paikallaan, mik\u00e4 on k\u00e4tev\u00e4\u00e4 s\u00e4ilytyksess\u00e4 ja j\u00e4rjestelyss\u00e4.<\/li>\n<li><b>Kartiomaiset jalat:<\/b> Kartiomaiset jalat antavat tyylikk\u00e4\u00e4n ilmeen, kohottaen tilasi tunnelmaa. Se on hienovarainen tapa lis\u00e4t\u00e4 eleganssia niin moderneihin kuin perinteisiin sisustuksiin.<\/li>\n<li><b>K\u00e4tev\u00e4t hoito-ohjeet:<\/b> P\u00f6yd\u00e4n puhdistaminen on helppoa \u2013 riitt\u00e4\u00e4, ett\u00e4 pyyhit sen kuivalla liinalla. V\u00e4lt\u00e4 voimakkaita kemikaaleja, jotta pinta pysyy hyv\u00e4ss\u00e4 kunnossa pitk\u00e4\u00e4n.<\/li>\n<\/ul>\n<ul>\n<li>V\u00e4ri: Valkoinen<\/li>\n<li>Materiaali: T\u00e4ysi mangopuu<\/li>\n<li>Viimeistely: Teksturoitu<\/li>\n<li>Yleiset mitat: 60 x 33 x 75 cm (P x L x K)<\/li>\n<li>Paino: 18,7 kg<\/li>\n<li>S\u00e4ilytystila<\/li>\n<li>Kest\u00e4v\u00e4<\/li>\n<li>Laatikolla<\/li>\n<li>Kehysmateriaali: T\u00e4ysi mangopuu<\/li>\n<li>Sis\u00e4- \/ ulkotiloissa: Vain sis\u00e4k\u00e4ytt\u00f6\u00f6n<\/li>\n<li>Toimitus-:<\/li>\n<li>1 x Sivup\u00f6yt\u00e4<\/li>\n<li>Kokoonpano vaaditaan: Kyll\u00e4<\/li>\n<\/ul>\n","protected":false},"excerpt":{"rendered":"<ul>\n<li>V\u00e4ri: Valkoinen<\/li>\n<li>Materiaali: T\u00e4ysi mangopuu<\/li>\n<li>Viimeistely: Teksturoitu<\/li>\n<li>Yleiset mitat: 60 x 33 x 75 cm (P x L x K)<\/li>\n<li>Paino: 18,7 kg<\/li>\n<li>S\u00e4ilytystila<\/li>\n<li>Kest\u00e4v\u00e4<\/li>\n<li>Laatikolla<\/li>\n<li>Kehysmateriaali: T\u00e4ysi mangopuu<\/li>\n<li>Sis\u00e4- \/ ulkotiloissa: Vain sis\u00e4k\u00e4ytt\u00f6\u00f6n<\/li>\n<li>Toimitus-:<\/li>\n<li>1 x Sivup\u00f6yt\u00e4<\/li>\n<li>Kokoonpano vaaditaan: Kyll\u00e4<\/li>\n<\/ul>\n","protected":false},"featured_media":100000203187,"comment_status":"closed","ping_status":"closed","template":"","meta":[],"product_brand":[],"product_cat":[84,8635],"product_tag":[],"class_list":{"0":"post-203187","1":"product","2":"type-product","3":"status-publish","4":"has-post-thumbnail","6":"product_cat-huonekalut","7":"product_cat-sailytys-lukkokaapit","9":"first","10":"outofstock","11":"taxable","12":"shipping-taxable","13":"purchasable","14":"product-type-simple"},"_links":{"self":[{"href":"https:\/\/www.otiumhome.fi\/index.php\/wp-json\/wp\/v2\/product\/203187","targetHints":{"allow":["GET"]}}],"collection":[{"href":"https:\/\/www.otiumhome.fi\/index.php\/wp-json\/wp\/v2\/product"}],"about":[{"href":"https:\/\/www.otiumhome.fi\/index.php\/wp-json\/wp\/v2\/types\/product"}],"replies":[{"embeddable":true,"href":"https:\/\/www.otiumhome.fi\/index.php\/wp-json\/wp\/v2\/comments?post=203187"}],"wp:featuredmedia":[{"embeddable":true,"href":"https:\/\/www.otiumhome.fi\/index.php\/wp-json\/"}],"wp:attachment":[{"href":"https:\/\/www.otiumhome.fi\/index.php\/wp-json\/wp\/v2\/media?parent=203187"}],"wp:term":[{"taxonomy":"product_brand","embeddable":true,"href":"https:\/\/www.otiumhome.fi\/index.php\/wp-json\/wp\/v2\/product_brand?post=203187"},{"taxonomy":"product_cat","embeddable":true,"href":"https:\/\/www.otiumhome.fi\/index.php\/wp-json\/wp\/v2\/product_cat?post=203187"},{"taxonomy":"product_tag","embeddable":true,"href":"https:\/\/www.otiumhome.fi\/index.php\/wp-json\/wp\/v2\/product_tag?post=203187"}],"curies":[{"name":"wp","href":"https:\/\/api.w.org\/{rel}","templated":true}]}}