{"id":203185,"date":"2026-01-08T06:33:52","date_gmt":"2026-01-08T06:33:52","guid":{"rendered":"https:\/\/www.otiumhome.fi\/?p=203185"},"modified":"2026-01-13T16:08:49","modified_gmt":"2026-01-13T16:08:49","slug":"korkea-kaappi-vaaleanruskea-40-x-33-x-110-cm-taysi-mangopuu","status":"publish","type":"product","link":"https:\/\/www.otiumhome.fi\/index.php\/tuote\/korkea-kaappi-vaaleanruskea-40-x-33-x-110-cm-taysi-mangopuu\/","title":{"rendered":"Korkea kaappi Vaaleanruskea 40 x 33 x 110 cm t\u00e4ysi mangopuu"},"content":{"rendered":"<p>Highboard on upea kaluste, joka yhdist\u00e4\u00e4 tyylin ja toimivuuden. Suunniteltu moderniin el\u00e4m\u00e4\u00e4n, t\u00e4m\u00e4 s\u00e4ilytysrakenne on sek\u00e4 hyv\u00e4lt\u00e4 n\u00e4ytt\u00e4v\u00e4 ett\u00e4 k\u00e4yt\u00e4nn\u00f6llinen. Siin\u00e4 on siro suorakaiteen muotoinen muotoilu ja sile\u00e4 pinta, jotka luovat hienostuneen mutta hillityn tunnelman, mink\u00e4 ansiosta se on loistava lis\u00e4 mihin tahansa huoneeseen. Uniikki ilme sopii moniin sisustustyyleihin, ja se on t\u00e4ydellinen olohuoneeseen tai ruokasaliin. Jos arvostat kauneutta ja tehokasta s\u00e4ilytyst\u00e4, t\u00e4m\u00e4 highboard on ainutlaatuinen kaluste, joka tuo kotiisi sek\u00e4 tyyli\u00e4 ett\u00e4 toimivuutta.<\/p>\n<ul>\n<li><b>T\u00e4ysi mangopuun rakenne:<\/b> Highboard on tehty kokonaan mangopuun paloista, mik\u00e4 tekee siit\u00e4 kest\u00e4v\u00e4mm\u00e4n ja antaa sille kauniin ilmeen. T\u00e4m\u00e4 kovapuu kest\u00e4\u00e4 p\u00e4ivitt\u00e4ist\u00e4 k\u00e4ytt\u00f6\u00e4 ja lupaa vuosia luotettavaa palvelua.<\/li>\n<li><b>Monipuoliset s\u00e4ilytysmahdollisuudet:<\/b> T\u00e4ydellinen moderniin kotiin, t\u00e4m\u00e4 highboard tarjoaa hyllyj\u00e4, laatikoita ja saranoituja ovia, jotka helpottavat j\u00e4rjestely\u00e4. Suorat saranoid ja mattapintaiset nupit tekev\u00e4t siit\u00e4 helppok\u00e4ytt\u00f6isen tyylill\u00e4.<\/li>\n<li><b>Siro moderni esteettisyys:<\/b> Sile\u00e4n tekstuurin ja kiilt\u00e4v\u00e4n pinnan ansiosta t\u00e4m\u00e4 highboard n\u00e4ytt\u00e4\u00e4 upealta miss\u00e4 tahansa huoneessa. Saumaton muotoilu sopii moneen sisustustyyliin, modernista klassiseen.<\/li>\n<li><b>Huoneen monik\u00e4ytt\u00f6isyys:<\/b> T\u00e4m\u00e4 kaluste on t\u00e4ydellinen olohuoneeseen ja ruokailutiloihin, ja se vastaa erilaisiin s\u00e4ilytystarpeisiin. Hienojen astioiden esittely, kirjojen j\u00e4rjest\u00e4minen tai rakkaitten esineiden s\u00e4ilytt\u00e4minen \u2013 highboard muuttaa el\u00e4m\u00e4ntapaasi ja parantaa tilaa.<\/li>\n<li><b>Helppo huolto:<\/b> Pid\u00e4 huolta siit\u00e4 helposti \u2013 pyyhi se vain kuivalla liinalla p\u00f6lyn pois saamiseksi. V\u00e4lt\u00e4 voimakkaita kemikaaleja pintak\u00e4sittelyn s\u00e4ilytt\u00e4miseksi. Helppo huolto tarkoittaa, ett\u00e4 highboard pysyy kunnossa pitk\u00e4\u00e4n.<\/li>\n<\/ul>\n<ul>\n<li>V\u00e4ri: Vaaleanruskea<\/li>\n<li>Materiaali: T\u00e4ysi mangopuu<\/li>\n<li>Viimeistely: Teksturoitu<\/li>\n<li>Yleiset mitat: 40 x 33 x 110 cm (P x L x K)<\/li>\n<li>Paino: 16,1 kg<\/li>\n<li>S\u00e4ilytystila<\/li>\n<li>Kest\u00e4v\u00e4<\/li>\n<li>3 hyllyill\u00e4<\/li>\n<li>Kehysmateriaali: T\u00e4ysi mangopuu<\/li>\n<li>3 ovien kanssa<\/li>\n<li>Sis\u00e4- \/ ulkotiloissa: Vain sis\u00e4k\u00e4ytt\u00f6\u00f6n<\/li>\n<li>Toimitus-:<\/li>\n<li>1 x korkea kaappi<\/li>\n<li>Kokoonpano vaaditaan: Kyll\u00e4<\/li>\n<\/ul>\n","protected":false},"excerpt":{"rendered":"<ul>\n<li>V\u00e4ri: Vaaleanruskea<\/li>\n<li>Materiaali: T\u00e4ysi mangopuu<\/li>\n<li>Viimeistely: Teksturoitu<\/li>\n<li>Yleiset mitat: 40 x 33 x 110 cm (P x L x K)<\/li>\n<li>Paino: 16,1 kg<\/li>\n<li>S\u00e4ilytystila<\/li>\n<li>Kest\u00e4v\u00e4<\/li>\n<li>3 hyllyill\u00e4<\/li>\n<li>Kehysmateriaali: T\u00e4ysi mangopuu<\/li>\n<li>3 ovien kanssa<\/li>\n<li>Sis\u00e4- \/ ulkotiloissa: Vain sis\u00e4k\u00e4ytt\u00f6\u00f6n<\/li>\n<li>Toimitus-:<\/li>\n<li>1 x korkea kaappi<\/li>\n<li>Kokoonpano vaaditaan: Kyll\u00e4<\/li>\n<\/ul>\n","protected":false},"featured_media":100000203185,"comment_status":"closed","ping_status":"closed","template":"","meta":[],"product_brand":[],"product_cat":[84,8635],"product_tag":[],"class_list":{"0":"post-203185","1":"product","2":"type-product","3":"status-publish","4":"has-post-thumbnail","6":"product_cat-huonekalut","7":"product_cat-sailytys-lukkokaapit","9":"first","10":"instock","11":"taxable","12":"shipping-taxable","13":"purchasable","14":"product-type-simple"},"_links":{"self":[{"href":"https:\/\/www.otiumhome.fi\/index.php\/wp-json\/wp\/v2\/product\/203185","targetHints":{"allow":["GET"]}}],"collection":[{"href":"https:\/\/www.otiumhome.fi\/index.php\/wp-json\/wp\/v2\/product"}],"about":[{"href":"https:\/\/www.otiumhome.fi\/index.php\/wp-json\/wp\/v2\/types\/product"}],"replies":[{"embeddable":true,"href":"https:\/\/www.otiumhome.fi\/index.php\/wp-json\/wp\/v2\/comments?post=203185"}],"wp:featuredmedia":[{"embeddable":true,"href":"https:\/\/www.otiumhome.fi\/index.php\/wp-json\/"}],"wp:attachment":[{"href":"https:\/\/www.otiumhome.fi\/index.php\/wp-json\/wp\/v2\/media?parent=203185"}],"wp:term":[{"taxonomy":"product_brand","embeddable":true,"href":"https:\/\/www.otiumhome.fi\/index.php\/wp-json\/wp\/v2\/product_brand?post=203185"},{"taxonomy":"product_cat","embeddable":true,"href":"https:\/\/www.otiumhome.fi\/index.php\/wp-json\/wp\/v2\/product_cat?post=203185"},{"taxonomy":"product_tag","embeddable":true,"href":"https:\/\/www.otiumhome.fi\/index.php\/wp-json\/wp\/v2\/product_tag?post=203185"}],"curies":[{"name":"wp","href":"https:\/\/api.w.org\/{rel}","templated":true}]}}