{"id":203182,"date":"2026-01-08T05:10:29","date_gmt":"2026-01-08T05:10:29","guid":{"rendered":"https:\/\/www.otiumhome.fi\/?p=203182"},"modified":"2026-01-13T16:36:18","modified_gmt":"2026-01-13T16:36:18","slug":"seinakaappi-vaha-ruskea-80-x-30-x-30-cm-massiivinen-manty","status":"publish","type":"product","link":"https:\/\/www.otiumhome.fi\/index.php\/tuote\/seinakaappi-vaha-ruskea-80-x-30-x-30-cm-massiivinen-manty\/","title":{"rendered":"Sein\u00e4kaappi Vaha ruskea 80 x 30 x 30 cm Massiivinen m\u00e4nty"},"content":{"rendered":"<p>T\u00e4\u00e4 tyylik\u00e4s sein\u00e4kaappi on just oikea valinta modernille kodille, tarjoo tyylikk\u00e4\u00e4n s\u00e4ilytysratkaisun ilman tyylist\u00e4 tinkimist\u00e4. Suunniteltu minimalistinen muotoilu on just hyv\u00e4 t\u00e4ydent\u00e4\u00e4 mit\u00e4 tahansa huonetta ja samalla se tarjoaa tarvittavaa s\u00e4ilytystilaa alhaalla. Kompakti koko kunnioittaa lattiatilaasi ja sulautuu hyvin pienempiin tai jaettuihin tiloihin. Kaapin rikas ruskea v\u00e4ri toimii t\u00e4ydellisesti mink\u00e4 tahansa sisustuksen kanssa, ja suorakaiteen muotoinen rakenne viestii yksinkertaisuudesta ja eleganssista. T\u00e4ydellinen makuuhuoneeseen tai mihin tahansa muuhun huoneeseen, sein\u00e4lle asennettava kaappi s\u00e4\u00e4st\u00e4\u00e4 lattiatilaa ja pit\u00e4\u00e4 ilmeen siistin ja tyylikk\u00e4\u00e4n.<\/p>\n<ul>\n<li><b>T\u00e4ysi m\u00e4nty:<\/b> T\u00e4m\u00e4 kaappi on tehty laadukkaasta t\u00e4ysm\u00e4ntypuusta, joka on tunnettu kest\u00e4vist\u00e4 ominaisuuksista. Materiaali s\u00e4ilytt\u00e4\u00e4 luonnollisen viimeistelyn, joka antaa l\u00e4mpim\u00e4n ruskean s\u00e4vyn aikaa my\u00f6ten ja varmistaa, ett\u00e4 kaappi kest\u00e4\u00e4 p\u00e4ivitt\u00e4ist\u00e4 k\u00e4ytt\u00f6\u00e4 samalla kun se tuo l\u00e4mp\u00f6\u00e4 mihin tahansa huoneeseen.<\/li>\n<li><b>Saranat ovet:<\/b> Kaapissa on saranoidut ovet, jotka tekee hyllyille p\u00e4\u00e4syn helpoksi. Ovet on tehty tarjoamaan turvallinen sulku ja samalla v\u00e4hent\u00e4m\u00e4\u00e4n h\u00e4iri\u00f6t\u00e4 kaapin siistiss\u00e4 linjassa. Saranaj\u00e4rjestelm\u00e4 varmistaa, ett\u00e4 ovet toimii sujuvasti joka kerta, oli ne sitten auki tai kiinni.<\/li>\n<li><b>Tilaa s\u00e4\u00e4st\u00e4v\u00e4 sein\u00e4kiinnitys:<\/b> T\u00e4m\u00e4 kaappi on suunniteltu sein\u00e4lle, joten se s\u00e4\u00e4st\u00e4\u00e4 arvokasta lattiatilaa, ja se on t\u00e4ydellinen valinta kompakteille alueille. Asentaminen on helppoa, mik\u00e4 mahdollistaa vaivattoman asennuksen ja virtaviivaisen ilmeen, joka maksimoi lattiatilan.<\/li>\n<li><b>Monik\u00e4ytt\u00f6inen kaappi:<\/b> T\u00e4\u00e4 kaappi sopii talveen ja kev\u00e4\u00e4lle, ja se mukautuu eri kausien tarpeisiin, pit\u00e4\u00e4 tilasi j\u00e4rjestyksess\u00e4 ja toimii koko vuoden. Sen ajaton muotoilu varmistaa, ett\u00e4 se pysyy tyylikk\u00e4\u00e4n\u00e4, vaikka ajat muuttuu.<\/li>\n<li><b>Helppo huolto:<\/b> S\u00e4\u00e4nn\u00e4 kaapin ilme pyyhkim\u00e4ll\u00e4 se vaan kuivalla liinalla, niin saat p\u00f6lyn ja lian pois. Kest\u00e4v\u00e4 viimeistely tekee puhtaanapidosta helppoa, mik\u00e4 varmistaa, ett\u00e4 kaappi pysyy yht\u00e4 kauniina kuin ensimm\u00e4isen\u00e4 p\u00e4iv\u00e4n\u00e4.<\/li>\n<\/ul>\n<p><strong>Good to know:<\/strong><\/p>\n<ul>\n<li>Screws and plugs for inside the wall are not included We advise to find and use screws and plugs suitable specifically for your walls If you&#8217;re not sure, you can consult with a professional Please read and follow each step of the instructions<\/li>\n<\/ul>\n<ul>\n<li>V\u00e4ri: Vaha ruskea<\/li>\n<li>Materiaali: Massiivinen m\u00e4nty<\/li>\n<li>Yleiset mitat: 80 x 30 x 30 cm (P x L x K)<\/li>\n<li>Paino: 7,7 kg<\/li>\n<li>Kest\u00e4v\u00e4<\/li>\n<li>Mukana 1 sein\u00e4lle ripustettava hylly<\/li>\n<li>Mukana 2 saranoidut ovet<\/li>\n<li>Enimm\u00e4ispaino: 10 kg<\/li>\n<li>Vain sis\u00e4k\u00e4ytt\u00f6\u00f6n<\/li>\n<li>Toimitus-:<\/li>\n<li>1 x Sein\u00e4taso<\/li>\n<li>Kokoonpano vaaditaan: Kyll\u00e4<\/li>\n<li>Kiinnitys sis\u00e4lsi: Ei<\/li>\n<\/ul>\n","protected":false},"excerpt":{"rendered":"<ul>\n<li>V\u00e4ri: Vaha ruskea<\/li>\n<li>Materiaali: Massiivinen m\u00e4nty<\/li>\n<li>Yleiset mitat: 80 x 30 x 30 cm (P x L x K)<\/li>\n<li>Paino: 7,7 kg<\/li>\n<li>Kest\u00e4v\u00e4<\/li>\n<li>Mukana 1 sein\u00e4lle ripustettava hylly<\/li>\n<li>Mukana 2 saranoidut ovet<\/li>\n<li>Enimm\u00e4ispaino: 10 kg<\/li>\n<li>Vain sis\u00e4k\u00e4ytt\u00f6\u00f6n<\/li>\n<li>Toimitus-:<\/li>\n<li>1 x Sein\u00e4taso<\/li>\n<li>Kokoonpano vaaditaan: Kyll\u00e4<\/li>\n<li>Kiinnitys sis\u00e4lsi: Ei<\/li>\n<\/ul>\n","protected":false},"featured_media":100000203182,"comment_status":"closed","ping_status":"closed","template":"","meta":[],"product_brand":[],"product_cat":[84,8634],"product_tag":[],"class_list":{"0":"post-203182","1":"product","2":"type-product","3":"status-publish","4":"has-post-thumbnail","6":"product_cat-huonekalut","7":"product_cat-seinahyllyt","9":"first","10":"instock","11":"taxable","12":"shipping-taxable","13":"purchasable","14":"product-type-simple"},"_links":{"self":[{"href":"https:\/\/www.otiumhome.fi\/index.php\/wp-json\/wp\/v2\/product\/203182","targetHints":{"allow":["GET"]}}],"collection":[{"href":"https:\/\/www.otiumhome.fi\/index.php\/wp-json\/wp\/v2\/product"}],"about":[{"href":"https:\/\/www.otiumhome.fi\/index.php\/wp-json\/wp\/v2\/types\/product"}],"replies":[{"embeddable":true,"href":"https:\/\/www.otiumhome.fi\/index.php\/wp-json\/wp\/v2\/comments?post=203182"}],"wp:featuredmedia":[{"embeddable":true,"href":"https:\/\/www.otiumhome.fi\/index.php\/wp-json\/"}],"wp:attachment":[{"href":"https:\/\/www.otiumhome.fi\/index.php\/wp-json\/wp\/v2\/media?parent=203182"}],"wp:term":[{"taxonomy":"product_brand","embeddable":true,"href":"https:\/\/www.otiumhome.fi\/index.php\/wp-json\/wp\/v2\/product_brand?post=203182"},{"taxonomy":"product_cat","embeddable":true,"href":"https:\/\/www.otiumhome.fi\/index.php\/wp-json\/wp\/v2\/product_cat?post=203182"},{"taxonomy":"product_tag","embeddable":true,"href":"https:\/\/www.otiumhome.fi\/index.php\/wp-json\/wp\/v2\/product_tag?post=203182"}],"curies":[{"name":"wp","href":"https:\/\/api.w.org\/{rel}","templated":true}]}}