{"id":203097,"date":"2026-01-07T03:33:50","date_gmt":"2026-01-07T03:33:50","guid":{"rendered":"https:\/\/www.otiumhome.fi\/?p=203097"},"modified":"2026-01-13T16:17:18","modified_gmt":"2026-01-13T16:17:18","slug":"poyta-savupahkina-100-x-40-x-1005-cm-kehitetty-puu-ja-teras","status":"publish","type":"product","link":"https:\/\/www.otiumhome.fi\/index.php\/tuote\/poyta-savupahkina-100-x-40-x-1005-cm-kehitetty-puu-ja-teras\/","title":{"rendered":"P\u00f6yt\u00e4 Savup\u00e4hkin\u00e4 100 x 40 x 100,5 cm Kehitetty puu ja ter\u00e4s"},"content":{"rendered":"<p>T\u00e4m\u00e4 taitavasti valmistettu p\u00f6yt\u00e4 yhdist\u00e4\u00e4 toiminnallisuuden ja modernin muotoilun, ja se sopii loistavasti mihin tahansa kotiin tai ty\u00f6tilaan. Minimalistinen suorakaiteen muotoinen rakenne ja monipuoliset ominaisuudet tekev\u00e4t siit\u00e4 erinomaisen valinnan jokap\u00e4iv\u00e4isiin teht\u00e4viin ja satunnaisiin tee-se-itse-projekteihin. S\u00e4\u00e4dett\u00e4v\u00e4 korkeus tekee t\u00e4st\u00e4 muunneltavasta p\u00f6yd\u00e4st\u00e4 erinomaisen lis\u00e4n mihin tahansa huoneeseen, samalla kun se n\u00e4ytt\u00e4\u00e4 tyylikk\u00e4\u00e4lt\u00e4 niin yksityisiss\u00e4 kuin ammatillisissa ymp\u00e4rist\u00f6iss\u00e4.<\/p>\n<ul>\n<li><b>Laadukkaat materiaalit:<\/b> P\u00f6yd\u00e4n pinta on valmistettu teknisest\u00e4 puusta, joka antaa sile\u00e4n lopputuloksen ja ripauksen eleganssia. Vahva ter\u00e4srunko ja jalat takaavat tuen sek\u00e4 k\u00e4yt\u00e4nn\u00f6n tarpeisiin ett\u00e4 tyyliin.<\/li>\n<li><b>Korkeuden s\u00e4\u00e4t\u00f6:<\/b> S\u00e4\u00e4dett\u00e4vill\u00e4 jaloilla p\u00f6yt\u00e4 mahdollistaa k\u00e4ytt\u00e4j\u00e4n muokata korkeutta henkil\u00f6kohtaisten mieltymysten mukaan. T\u00e4m\u00e4 ominaisuus tuo mukavuutta, olitpa sitten seisomassa tai istumassa.<\/li>\n<li><b>Ajateltu muotoilu:<\/b> Modernia estetiikkaa noudattava p\u00f6yt\u00e4 on tyylik\u00e4s lis\u00e4 mihin tahansa tilaan. Sen yksinkertainen muoto k\u00e4y yhteen monien sisustustyylien kanssa, parantaen ymp\u00e4rist\u00f6\u00e4 ilman ylikuormitusta.<\/li>\n<li><b>Laaja k\u00e4ytt\u00f6:<\/b> T\u00e4m\u00e4 p\u00f6yt\u00e4 on ideaalinen olohuoneisiin, makuuhuoneisiin ja kotitoimistoihin, sopeutuen helposti erilaisiin ymp\u00e4rist\u00f6ihin. Se tarjoaa k\u00e4tev\u00e4t pinnat ty\u00f6skentelyyn, ruokailuun ja vapaa-aikaan.<\/li>\n<li><b>Huolto-ohjeet:<\/b> S\u00e4ilyt\u00e4 p\u00f6yd\u00e4n kunto pyyhkim\u00e4ll\u00e4 se kostealla liinalla ja v\u00e4lt\u00e4 voimakkaita kemikaaleja. Kiinnit\u00e4 p\u00f6yt\u00e4 sein\u00e4\u00e4n kaatumisen est\u00e4miseksi, varmistaen n\u00e4in turvallisuuden ja kest\u00e4vyyden.<\/li>\n<\/ul>\n<ul>\n<li>V\u00e4ri: Savup\u00e4hkin\u00e4<\/li>\n<li>Materiaali: Kehitetty puu ja ter\u00e4s<\/li>\n<li>Yleiset mitat: 100 x 40 x 100,5 cm (P x L x K)<\/li>\n<li>Paino: 12,95 kg<\/li>\n<li>Kest\u00e4v\u00e4<\/li>\n<li>Korkeuss\u00e4\u00e4dett\u00e4v\u00e4<\/li>\n<li>Monipuolinen k\u00e4ytt\u00f6<\/li>\n<li>Kehysmateriaali: Ter\u00e4s<\/li>\n<li>Enimm\u00e4ispaino: 75 kg<\/li>\n<li>Vain sis\u00e4k\u00e4ytt\u00f6\u00f6n<\/li>\n<li>Toimitus-:<\/li>\n<li>1 x p\u00f6yt\u00e4<\/li>\n<li>Kokoonpano vaaditaan: Kyll\u00e4<\/li>\n<\/ul>\n","protected":false},"excerpt":{"rendered":"<ul>\n<li>V\u00e4ri: Savup\u00e4hkin\u00e4<\/li>\n<li>Materiaali: Kehitetty puu ja ter\u00e4s<\/li>\n<li>Yleiset mitat: 100 x 40 x 100,5 cm (P x L x K)<\/li>\n<li>Paino: 12,95 kg<\/li>\n<li>Kest\u00e4v\u00e4<\/li>\n<li>Korkeuss\u00e4\u00e4dett\u00e4v\u00e4<\/li>\n<li>Monipuolinen k\u00e4ytt\u00f6<\/li>\n<li>Kehysmateriaali: Ter\u00e4s<\/li>\n<li>Enimm\u00e4ispaino: 75 kg<\/li>\n<li>Vain sis\u00e4k\u00e4ytt\u00f6\u00f6n<\/li>\n<li>Toimitus-:<\/li>\n<li>1 x p\u00f6yt\u00e4<\/li>\n<li>Kokoonpano vaaditaan: Kyll\u00e4<\/li>\n<\/ul>\n","protected":false},"featured_media":100000203097,"comment_status":"closed","ping_status":"closed","template":"","meta":[],"product_brand":[],"product_cat":[84],"product_tag":[],"class_list":{"0":"post-203097","1":"product","2":"type-product","3":"status-publish","4":"has-post-thumbnail","6":"product_cat-huonekalut","8":"first","9":"instock","10":"taxable","11":"shipping-taxable","12":"purchasable","13":"product-type-simple"},"_links":{"self":[{"href":"https:\/\/www.otiumhome.fi\/index.php\/wp-json\/wp\/v2\/product\/203097","targetHints":{"allow":["GET"]}}],"collection":[{"href":"https:\/\/www.otiumhome.fi\/index.php\/wp-json\/wp\/v2\/product"}],"about":[{"href":"https:\/\/www.otiumhome.fi\/index.php\/wp-json\/wp\/v2\/types\/product"}],"replies":[{"embeddable":true,"href":"https:\/\/www.otiumhome.fi\/index.php\/wp-json\/wp\/v2\/comments?post=203097"}],"wp:featuredmedia":[{"embeddable":true,"href":"https:\/\/www.otiumhome.fi\/index.php\/wp-json\/"}],"wp:attachment":[{"href":"https:\/\/www.otiumhome.fi\/index.php\/wp-json\/wp\/v2\/media?parent=203097"}],"wp:term":[{"taxonomy":"product_brand","embeddable":true,"href":"https:\/\/www.otiumhome.fi\/index.php\/wp-json\/wp\/v2\/product_brand?post=203097"},{"taxonomy":"product_cat","embeddable":true,"href":"https:\/\/www.otiumhome.fi\/index.php\/wp-json\/wp\/v2\/product_cat?post=203097"},{"taxonomy":"product_tag","embeddable":true,"href":"https:\/\/www.otiumhome.fi\/index.php\/wp-json\/wp\/v2\/product_tag?post=203097"}],"curies":[{"name":"wp","href":"https:\/\/api.w.org\/{rel}","templated":true}]}}