{"id":203072,"date":"2026-01-06T17:59:40","date_gmt":"2026-01-06T17:59:40","guid":{"rendered":"https:\/\/www.otiumhome.fi\/?p=203072"},"modified":"2026-01-06T18:05:21","modified_gmt":"2026-01-06T18:05:21","slug":"tv-yksikot-hyllylla-vaaleanruskea-105-x-33-x-46-cm-tekninen-puu","status":"vdl_in_progress","type":"product","link":"https:\/\/www.otiumhome.fi\/index.php\/tuote\/tv-yksikot-hyllylla-vaaleanruskea-105-x-33-x-46-cm-tekninen-puu\/","title":{"rendered":"TV-yksik\u00f6t hyllyll\u00e4 Vaaleanruskea 105 x 33 x 46 cm Tekninen puu"},"content":{"rendered":"<p>T\u00e4m\u00e4 moderni puinen TV-yksikk\u00f6 on tyylik\u00e4s ja k\u00e4yt\u00e4nn\u00f6llinen ratkaisu olohuoneen s\u00e4ilytykselle. Se tuo esiin k\u00e4yt\u00e4nn\u00f6llisyyden samalla kun se on tyylik\u00e4s. Sein\u00e4lle asennettava kaappi sopii t\u00e4ydellisesti nykyaikaiseen kotiin. Suorakaiteen muotoinen rakenne on tehty teknisest\u00e4 puusta, mik\u00e4 tuo puhdasta, minimalistista tyyli\u00e4 s\u00e4ilytt\u00e4en kuitenkin k\u00e4yt\u00e4nn\u00f6llisyyden. T\u00e4m\u00e4 on monipuolinen lis\u00e4, joka auttaa maksimoimaan tilan olohuoneessa ja toimii sek\u00e4 media-asemana ett\u00e4 s\u00e4ilytysratkaisuna.<\/p>\n<ul>\n<li><b>Tekninen puu:<\/b> T\u00e4m\u00e4 TV-kaappi on valmistettu laadukkaasta teknisest\u00e4 puusta, mik\u00e4 tuo vankkuutta ja tyyli\u00e4. Materiaali on valittu kest\u00e4vyyden ja sile\u00e4n pinnan vuoksi, joten tuote pysyy hyv\u00e4lt\u00e4 k\u00e4yt\u00f6ss\u00e4.<\/li>\n<li><b>Sein\u00e4lle asennettava muotoilu:<\/b> Optimoi tilasi t\u00e4m\u00e4n sein\u00e4lle ripustettavan TV-yksik\u00f6n avulla. Suunnitteltu s\u00e4\u00e4st\u00e4m\u00e4\u00e4n lattiatilaa, se on huomaamaton s\u00e4ilytysratkaisu, joka sopii nykyaikaan.<\/li>\n<li><b>Runsaat s\u00e4ilytysmahdollisuudet:<\/b> Varustettuna hyllyill\u00e4 ja laatikoilla, t\u00e4m\u00e4 kaappi tarjoaa hyvin tilaa media-laitteille, DVD:ille ja kaukos\u00e4\u00e4timille. Jokainen osasto on suunniteltu pit\u00e4m\u00e4\u00e4n olohuoneesi j\u00e4rjestyksess\u00e4.<\/li>\n<li><b>Moderni yksinkertaisuus:<\/b> T\u00e4m\u00e4 tuote korostaa puhtaita linjoja ja v\u00e4h\u00e4isi\u00e4 koristeita, ja se sulautuu helposti moniin sisustustyyleihin. Tyylik\u00e4s muotoilu parantaa huoneen yleisvaikutelmaa.<\/li>\n<li><b>Helppo kokoaminen:<\/b> T\u00e4m\u00e4 yksikk\u00f6 on helppo koota, ja se vaatii vain perus ty\u00f6kaluja, kuten ruuvimeisselin. Varmista turvallinen sein\u00e4asennus valitsemalla oikeat ruuvit ja liittimet sein\u00e4materiaalista riippuen.<\/li>\n<\/ul>\n<ul>\n<li>V\u00e4ri: Vaaleanruskea<\/li>\n<li>Materiaali: Tekninen puu<\/li>\n<li>Yleiset mitat: 105 x 33 x 46 cm (P x L x K)<\/li>\n<li>Paino: 17 kg<\/li>\n<li>S\u00e4ilytystila<\/li>\n<li>Laatikolla<\/li>\n<li>4 hyllyill\u00e4<\/li>\n<li>Kehysmateriaali: Tekninen puu<\/li>\n<li>Sis\u00e4- \/ ulkotiloissa: Vain sis\u00e4k\u00e4ytt\u00f6\u00f6n<\/li>\n<li>Toimitus-:<\/li>\n<li>1 x TV-taso<\/li>\n<li>Kokoonpano vaaditaan: Kyll\u00e4<\/li>\n<\/ul>\n","protected":false},"excerpt":{"rendered":"<ul>\n<li>V\u00e4ri: Vaaleanruskea<\/li>\n<li>Materiaali: Tekninen puu<\/li>\n<li>Yleiset mitat: 105 x 33 x 46 cm (P x L x K)<\/li>\n<li>Paino: 17 kg<\/li>\n<li>S\u00e4ilytystila<\/li>\n<li>Laatikolla<\/li>\n<li>4 hyllyill\u00e4<\/li>\n<li>Kehysmateriaali: Tekninen puu<\/li>\n<li>Sis\u00e4- \/ ulkotiloissa: Vain sis\u00e4k\u00e4ytt\u00f6\u00f6n<\/li>\n<li>Toimitus-:<\/li>\n<li>1 x TV-taso<\/li>\n<li>Kokoonpano vaaditaan: Kyll\u00e4<\/li>\n<\/ul>\n","protected":false},"featured_media":100000203072,"comment_status":"closed","ping_status":"closed","template":"","meta":[],"product_brand":[],"product_cat":[84,8567],"product_tag":[],"class_list":{"0":"post-203072","1":"product","2":"type-product","3":"status-vdl_in_progress","4":"has-post-thumbnail","6":"product_cat-huonekalut","7":"product_cat-medialaitekaapit-telineet","9":"first","10":"instock","11":"taxable","12":"shipping-taxable","13":"product-type-simple"},"_links":{"self":[{"href":"https:\/\/www.otiumhome.fi\/index.php\/wp-json\/wp\/v2\/product\/203072","targetHints":{"allow":["GET"]}}],"collection":[{"href":"https:\/\/www.otiumhome.fi\/index.php\/wp-json\/wp\/v2\/product"}],"about":[{"href":"https:\/\/www.otiumhome.fi\/index.php\/wp-json\/wp\/v2\/types\/product"}],"replies":[{"embeddable":true,"href":"https:\/\/www.otiumhome.fi\/index.php\/wp-json\/wp\/v2\/comments?post=203072"}],"wp:featuredmedia":[{"embeddable":true,"href":"https:\/\/www.otiumhome.fi\/index.php\/wp-json\/"}],"wp:attachment":[{"href":"https:\/\/www.otiumhome.fi\/index.php\/wp-json\/wp\/v2\/media?parent=203072"}],"wp:term":[{"taxonomy":"product_brand","embeddable":true,"href":"https:\/\/www.otiumhome.fi\/index.php\/wp-json\/wp\/v2\/product_brand?post=203072"},{"taxonomy":"product_cat","embeddable":true,"href":"https:\/\/www.otiumhome.fi\/index.php\/wp-json\/wp\/v2\/product_cat?post=203072"},{"taxonomy":"product_tag","embeddable":true,"href":"https:\/\/www.otiumhome.fi\/index.php\/wp-json\/wp\/v2\/product_tag?post=203072"}],"curies":[{"name":"wp","href":"https:\/\/api.w.org\/{rel}","templated":true}]}}