{"id":203069,"date":"2026-01-06T17:59:38","date_gmt":"2026-01-06T17:59:38","guid":{"rendered":"https:\/\/www.otiumhome.fi\/?p=203069"},"modified":"2026-01-13T03:35:34","modified_gmt":"2026-01-13T03:35:34","slug":"tv-yksikot-hyllylla-vaaleanruskea-70-x-33-x-46-cm-tekninen-puu","status":"publish","type":"product","link":"https:\/\/www.otiumhome.fi\/index.php\/tuote\/tv-yksikot-hyllylla-vaaleanruskea-70-x-33-x-46-cm-tekninen-puu\/","title":{"rendered":"TV-yksik\u00f6t hyllyll\u00e4 Vaaleanruskea 70 x 33 x 46 cm Tekninen puu"},"content":{"rendered":"<p>T\u00e4m\u00e4 sein\u00e4lle asennettava TV-yksikk\u00f6 on sek\u00e4 k\u00e4yt\u00e4nn\u00f6llinen ett\u00e4 tyylik\u00e4s lis\u00e4 olohuoneeseen. Sen siistit linjat ja moderni tyyli tekev\u00e4t siit\u00e4 monik\u00e4ytt\u00f6isen vaihtoehdon, joka sopii nykyaikaisiin koteihin. Se ei ole vain TV-teline, vaan tarjoaa my\u00f6s tarvittavaa s\u00e4ilytystilaa mediatarvikkeille. Yksinkertaisuus ja toiminnallisuus t\u00e4ydent\u00e4v\u00e4t eri sisustustyylej\u00e4 ilman visuaalista ylikuormitusta, tehden siit\u00e4 loistavan valinnan tyylitietoiseen kotiin.<\/p>\n<ul>\n<li><b>Kohdistettu puurakenne:<\/b> T\u00e4m\u00e4 TV-yksikk\u00f6 on tehty teknisest\u00e4 puusta, mik\u00e4 tekee siit\u00e4 sek\u00e4 kest\u00e4v\u00e4n ett\u00e4 kauniin. Tekninen puu ei v\u00e4\u00e4nny, joten se sopii pitk\u00e4lle k\u00e4yt\u00f6lle. Ohut puupinta yhdist\u00e4\u00e4 useita s\u00e4vyj\u00e4 moderniin ilmeeseen ja on tarpeeksi kest\u00e4v\u00e4 tukemaan media-laitteita.<\/li>\n<li><b>Sein\u00e4lle asennettava muotoilu:<\/b> Sein\u00e4lle asennettuna yksikk\u00f6 optimoi tilaa ja pit\u00e4\u00e4 lattiatilan siistin\u00e4. Nostamalla TV:n korkeammalle, se luo avaramman huoneen tunnelman. Erinomainen valinta pienemmille tiloille, joissa tilaa on rajoitetusti.<\/li>\n<li><b>Tilava s\u00e4ilytystila:<\/b> TV-yksik\u00f6ss\u00e4 on hyvin suunniteltuja lokeroita, laatikoita ja hyllyj\u00e4, jotka kaikki on valmistettu teknisest\u00e4 puusta. N\u00e4in voit helposti s\u00e4ilytt\u00e4\u00e4 multimedia-tarvikkeita ja asiakirjoja. Laatikoiden kahvat tekev\u00e4t k\u00e4yt\u00f6st\u00e4 vaivatonta.<\/li>\n<li><b>Musta viimeistely:<\/b> Mustat hyllyt ja takalevyt tuovat hillitty\u00e4 eleganssia. Neutraalit s\u00e4vyt kontrastoivat hienosti mustan kanssa, luoden moderneja visuaalisia elementtej\u00e4.<\/li>\n<li><b>Kooten tarpeet:<\/b> Kokoaminen vaatii ohjeita, mutta se sujuu helposti kahden hengen voimin. Ruuvit ja kiinnikkeet sein\u00e4\u00e4n eiv\u00e4t sis\u00e4lly pakettiin, mutta niit\u00e4 on helppo hankkia.<\/li>\n<\/ul>\n<ul>\n<li>V\u00e4ri: Vaaleanruskea<\/li>\n<li>Materiaali: Tekninen puu<\/li>\n<li>Yleiset mitat: 70 x 33 x 46 cm (P x L x K)<\/li>\n<li>Paino: 15,3 kg<\/li>\n<li>S\u00e4ilytystila<\/li>\n<li>Laatikolla<\/li>\n<li>2 hyllyill\u00e4<\/li>\n<li>Kehysmateriaali: Tekninen puu<\/li>\n<li>Sis\u00e4- \/ ulkotiloissa: Vain sis\u00e4k\u00e4ytt\u00f6\u00f6n<\/li>\n<li>Toimitus-:<\/li>\n<li>1 x TV-taso<\/li>\n<li>Kokoonpano vaaditaan: Kyll\u00e4<\/li>\n<\/ul>\n","protected":false},"excerpt":{"rendered":"<ul>\n<li>V\u00e4ri: Vaaleanruskea<\/li>\n<li>Materiaali: Tekninen puu<\/li>\n<li>Yleiset mitat: 70 x 33 x 46 cm (P x L x K)<\/li>\n<li>Paino: 15,3 kg<\/li>\n<li>S\u00e4ilytystila<\/li>\n<li>Laatikolla<\/li>\n<li>2 hyllyill\u00e4<\/li>\n<li>Kehysmateriaali: Tekninen puu<\/li>\n<li>Sis\u00e4- \/ ulkotiloissa: Vain sis\u00e4k\u00e4ytt\u00f6\u00f6n<\/li>\n<li>Toimitus-:<\/li>\n<li>1 x TV-taso<\/li>\n<li>Kokoonpano vaaditaan: Kyll\u00e4<\/li>\n<\/ul>\n","protected":false},"featured_media":100000203069,"comment_status":"closed","ping_status":"closed","template":"","meta":[],"product_brand":[],"product_cat":[84,8567],"product_tag":[],"class_list":{"0":"post-203069","1":"product","2":"type-product","3":"status-publish","4":"has-post-thumbnail","6":"product_cat-huonekalut","7":"product_cat-medialaitekaapit-telineet","9":"first","10":"instock","11":"taxable","12":"shipping-taxable","13":"purchasable","14":"product-type-simple"},"_links":{"self":[{"href":"https:\/\/www.otiumhome.fi\/index.php\/wp-json\/wp\/v2\/product\/203069","targetHints":{"allow":["GET"]}}],"collection":[{"href":"https:\/\/www.otiumhome.fi\/index.php\/wp-json\/wp\/v2\/product"}],"about":[{"href":"https:\/\/www.otiumhome.fi\/index.php\/wp-json\/wp\/v2\/types\/product"}],"replies":[{"embeddable":true,"href":"https:\/\/www.otiumhome.fi\/index.php\/wp-json\/wp\/v2\/comments?post=203069"}],"wp:featuredmedia":[{"embeddable":true,"href":"https:\/\/www.otiumhome.fi\/index.php\/wp-json\/"}],"wp:attachment":[{"href":"https:\/\/www.otiumhome.fi\/index.php\/wp-json\/wp\/v2\/media?parent=203069"}],"wp:term":[{"taxonomy":"product_brand","embeddable":true,"href":"https:\/\/www.otiumhome.fi\/index.php\/wp-json\/wp\/v2\/product_brand?post=203069"},{"taxonomy":"product_cat","embeddable":true,"href":"https:\/\/www.otiumhome.fi\/index.php\/wp-json\/wp\/v2\/product_cat?post=203069"},{"taxonomy":"product_tag","embeddable":true,"href":"https:\/\/www.otiumhome.fi\/index.php\/wp-json\/wp\/v2\/product_tag?post=203069"}],"curies":[{"name":"wp","href":"https:\/\/api.w.org\/{rel}","templated":true}]}}