{"id":203038,"date":"2026-01-06T05:14:40","date_gmt":"2026-01-06T05:14:40","guid":{"rendered":"https:\/\/www.otiumhome.fi\/?p=203038"},"modified":"2026-01-06T05:19:54","modified_gmt":"2026-01-06T05:19:54","slug":"kylpyhuonekaappi-musta-tammi-65-x-33-x-60-cm-tekninen-puu","status":"vdl_in_progress","type":"product","link":"https:\/\/www.otiumhome.fi\/index.php\/tuote\/kylpyhuonekaappi-musta-tammi-65-x-33-x-60-cm-tekninen-puu\/","title":{"rendered":"Kylpyhuonekaappi Musta tammi. 65 x 33 x 60 cm Tekninen puu"},"content":{"rendered":"<p>Moderni suorakaiteen muotoinen vanity storage on sein\u00e4lle asennettava peilikaappi, joka yhdist\u00e4\u00e4 k\u00e4yt\u00e4nn\u00f6llisyyden ja tyylin. Tyylik\u00e4s muotoilu toimii hyvin sek\u00e4 nykyaikaisissa ett\u00e4 perinteisiss\u00e4 kylpyhuoneseteiss\u00e4, luoden j\u00e4rjestetyn paikan hygieniatuotteille ja muille tavaroille. Kaappi on suunniteltu notkeasti, mit\u00e4 voit k\u00e4ytt\u00e4\u00e4 eri tarpeisiin.<\/p>\n<ul>\n<li><b>Tyylik\u00e4s suorakaiteen muoto<\/b> Moderni muotoilu tekee t\u00e4st\u00e4 kaapista loistavan lis\u00e4n mihin tahansa nykyaikaiseen kylpyhuoneeseen. Sen suorat linjat ja minimalistinen tyyli tuovat eleganssia, joka parantaa kylpyhuoneen tunnelmaa. Kompakti muoto hy\u00f6dynt\u00e4\u00e4 tilaa hyvin, joten se sopii pieniin ja suuriin kylpyhuoneisiin.<\/li>\n<li><b>Rakennettu teknisest\u00e4 puusta<\/b> Kest\u00e4v\u00e4 tekninen puu tekee peilikaapista pitk\u00e4\u00e4n kest\u00e4v\u00e4 ja tukeva. Materiaalin laatu takaa sen kest\u00e4v\u00e4n p\u00e4ivitt\u00e4ist\u00e4 k\u00e4ytt\u00f6\u00e4, ja sile\u00e4 viimeistely tuo lis\u00e4\u00e4 tyylikkyytt\u00e4. T\u00e4m\u00e4 valinta tekee huoltamisesta helppoa pelk\u00e4n pyyhk\u00e4isyn avulla.<\/li>\n<li><b>Runsaat s\u00e4ilytysmahdollisuudet<\/b> Varustettuna levyhyllyill\u00e4 ja laatikoilla, joita on helppo k\u00e4ytt\u00e4\u00e4, kaappi tarjoaa tilaa hygieniatuotteille ja muille tarpeellisille tavaroille. T\u00e4m\u00e4 tekee kylpyhuoneen siistin\u00e4 pit\u00e4misest\u00e4 vaivatonta ilman, ett\u00e4 p\u00e4\u00e4sy heikkenee.<\/li>\n<li><b>Saranalliset ovet ja esteett\u00f6myys<\/b> Jouhevat ovet mahdollistavat helpon p\u00e4\u00e4syn sis\u00e4lt\u00f6\u00f6n, pit\u00e4en profiilin kompaktina. Ovet avautuvat sujuvasti, mik\u00e4 takaa huolettoman k\u00e4yt\u00f6n ja siistin ymp\u00e4rist\u00f6n kaikille k\u00e4ytt\u00e4jille.<\/li>\n<li><b>Helppo huolto<\/b> Kaappi on helppo pit\u00e4\u00e4 kunnossa. Pyyhk\u00e4ise se vain kostealla liinalla, niin se pysyy siistin\u00e4. Sopii niille, jotka etsiv\u00e4t helppoa ratkaisua kylpyhuoneen esteettisen ilmeen s\u00e4ilytt\u00e4miseen.<\/li>\n<\/ul>\n<ul>\n<li>V\u00e4ri: Musta tammi.<\/li>\n<li>Materiaali: Tekninen puu<\/li>\n<li>Yleiset mitat: 65 x 33 x 60 cm (P x L x K)<\/li>\n<li>Paino: 15,8 kg<\/li>\n<li>Runsaasti s\u00e4ilytystilaa<\/li>\n<li>Laatikolla<\/li>\n<li>1 hyllyll\u00e4<\/li>\n<li>Kehysmateriaali: Tekninen puu<\/li>\n<li>1 saranoitu ovi ovella<\/li>\n<li>Sis\u00e4- \/ ulkotiloissa: Vain sis\u00e4k\u00e4ytt\u00f6\u00f6n<\/li>\n<li>Toimitus-:<\/li>\n<li>1 x Kylpyhuonekaappi<\/li>\n<li>Kokoonpano vaaditaan: Kyll\u00e4<\/li>\n<\/ul>\n","protected":false},"excerpt":{"rendered":"<ul>\n<li>V\u00e4ri: Musta tammi.<\/li>\n<li>Materiaali: Tekninen puu<\/li>\n<li>Yleiset mitat: 65 x 33 x 60 cm (P x L x K)<\/li>\n<li>Paino: 15,8 kg<\/li>\n<li>Runsaasti s\u00e4ilytystilaa<\/li>\n<li>Laatikolla<\/li>\n<li>1 hyllyll\u00e4<\/li>\n<li>Kehysmateriaali: Tekninen puu<\/li>\n<li>1 saranoitu ovi ovella<\/li>\n<li>Sis\u00e4- \/ ulkotiloissa: Vain sis\u00e4k\u00e4ytt\u00f6\u00f6n<\/li>\n<li>Toimitus-:<\/li>\n<li>1 x Kylpyhuonekaappi<\/li>\n<li>Kokoonpano vaaditaan: Kyll\u00e4<\/li>\n<\/ul>\n","protected":false},"featured_media":100000203038,"comment_status":"closed","ping_status":"closed","template":"","meta":[],"product_brand":[],"product_cat":[84,8561,8562],"product_tag":[],"class_list":{"0":"post-203038","1":"product","2":"type-product","3":"status-vdl_in_progress","4":"has-post-thumbnail","6":"product_cat-huonekalut","7":"product_cat-kampauspoydat","8":"product_cat-kylpyhuoneen-kampauspoydat","10":"first","11":"instock","12":"taxable","13":"shipping-taxable","14":"product-type-simple"},"_links":{"self":[{"href":"https:\/\/www.otiumhome.fi\/index.php\/wp-json\/wp\/v2\/product\/203038","targetHints":{"allow":["GET"]}}],"collection":[{"href":"https:\/\/www.otiumhome.fi\/index.php\/wp-json\/wp\/v2\/product"}],"about":[{"href":"https:\/\/www.otiumhome.fi\/index.php\/wp-json\/wp\/v2\/types\/product"}],"replies":[{"embeddable":true,"href":"https:\/\/www.otiumhome.fi\/index.php\/wp-json\/wp\/v2\/comments?post=203038"}],"wp:featuredmedia":[{"embeddable":true,"href":"https:\/\/www.otiumhome.fi\/index.php\/wp-json\/"}],"wp:attachment":[{"href":"https:\/\/www.otiumhome.fi\/index.php\/wp-json\/wp\/v2\/media?parent=203038"}],"wp:term":[{"taxonomy":"product_brand","embeddable":true,"href":"https:\/\/www.otiumhome.fi\/index.php\/wp-json\/wp\/v2\/product_brand?post=203038"},{"taxonomy":"product_cat","embeddable":true,"href":"https:\/\/www.otiumhome.fi\/index.php\/wp-json\/wp\/v2\/product_cat?post=203038"},{"taxonomy":"product_tag","embeddable":true,"href":"https:\/\/www.otiumhome.fi\/index.php\/wp-json\/wp\/v2\/product_tag?post=203038"}],"curies":[{"name":"wp","href":"https:\/\/api.w.org\/{rel}","templated":true}]}}