{"id":202963,"date":"2026-01-05T20:40:48","date_gmt":"2026-01-05T20:40:48","guid":{"rendered":"https:\/\/www.otiumhome.fi\/?p=202963"},"modified":"2026-01-13T15:49:43","modified_gmt":"2026-01-13T15:49:43","slug":"kylpyhuonekalustesetti-4-pcs-vaha-ruskea-massiivinen-manty","status":"publish","type":"product","link":"https:\/\/www.otiumhome.fi\/index.php\/tuote\/kylpyhuonekalustesetti-4-pcs-vaha-ruskea-massiivinen-manty\/","title":{"rendered":"Kylpyhuonekalustesetti 4 pcs Vaha ruskea Massiivinen m\u00e4nty"},"content":{"rendered":"<p>T\u00e4m\u00e4 moderni kylpyhuonekalustesetti on suunniteltu tuomaan tyylik\u00e4s ja virtaviivainen tunnelma jokaiseen kylpyhuoneeseen. Se on monipuolinen ja k\u00e4yt\u00e4nn\u00f6llinen, joka auttaa luomaan rauhoittavan ja organisoidun ymp\u00e4rist\u00f6n. Suorakaiteen muotoinen ja tyylikk\u00e4ill\u00e4 viimeistelyill\u00e4 varustettu setti sopii nykyaikaiseen sisustukseen, ja t\u00e4ysm\u00e4ntyrakenne tuo kest\u00e4vyytt\u00e4. Ihanteellinen niille, jotka arvostavat yksinkertaisuutta sek\u00e4 innovatiivisia s\u00e4ilytysratkaisuja, t\u00e4m\u00e4 sarja ilment\u00e4\u00e4 minimalistista eleganssia. Se tarjoaa mahdollisuuden mukauttaa eri makumieltymyksiin ja tiloihin, kutsuen sinut nauttimaan siistist\u00e4 ja harmonisesta ymp\u00e4rist\u00f6st\u00e4 p\u00e4iv\u00e4 p\u00e4iv\u00e4lt\u00e4.<\/p>\n<ul>\n<li><b>T\u00e4ysipuiset rakenteet:<\/b> T\u00e4m\u00e4 kylpyhuonekalustesetti on valmistettu t\u00e4ysist\u00e4 m\u00e4ntyosista, mik\u00e4 tuo kest\u00e4vyytt\u00e4 ja visuaalista vieh\u00e4tyst\u00e4. Jokainen komponentti\u2014olipa se runko, kahvat tai tausta\u2014on valmistettu huolellisesti, jotta se kest\u00e4\u00e4 k\u00e4yt\u00f6ss\u00e4. Materiaalin kaunis syy tuo ripauksen luonnon kauneutta kylpyhuoneeseesi.<\/li>\n<li><b>Muokatut s\u00e4ilytysratkaisut:<\/b> S\u00e4\u00e4dett\u00e4vien hyllyjen ansiosta setti mukautuu erilaisten s\u00e4ilytystarpeiden mukaan. T\u00e4m\u00e4 tekee j\u00e4rjest\u00e4misest\u00e4 helppoa ja varmistaa, ett\u00e4 hy\u00f6dynn\u00e4t kylpyhuoneesi tilan t\u00e4ysin.<\/li>\n<li><b>Moderni minimalistinen muotoilu:<\/b> Setiss\u00e4 on puhtaat linjat ja reunavedin, yhdist\u00e4en modernin eleganssin ja k\u00e4yt\u00e4nn\u00f6llisyyden saranoituja ovia unohtamatta. T\u00e4m\u00e4 on t\u00e4ydellinen valinta niille, jotka arvostavat sek\u00e4 tyyli\u00e4 ett\u00e4 k\u00e4yt\u00e4nn\u00f6llisyytt\u00e4.<\/li>\n<li><b>Tilan s\u00e4\u00e4st\u00e4v\u00e4 muotoilu:<\/b> Sein\u00e4\u00e4n kiinnitett\u00e4v\u00e4 rakenne vapauttaa lattiatilaa ja saa kylpyhuoneesta avaramman ja modernimman. T\u00e4m\u00e4 muotoilu on erityisesti onnistunut pieniss\u00e4 kylpyhuoneissa tai kaikille, jotka haluavat lis\u00e4\u00e4 tilan tuntua.<\/li>\n<li><b>Helppo huolto:<\/b> Kalusteet tarvitsevat vain yksinkertaista kuivaamista, jolloin ne s\u00e4ilytt\u00e4v\u00e4t kauneutensa v\u00e4h\u00e4ll\u00e4 vaivalla ja varmistavat, ett\u00e4 voit nauttia niist\u00e4 vuosien ajan.<\/li>\n<\/ul>\n<ul>\n<li>V\u00e4ri: Vaha ruskea<\/li>\n<li>Materiaali: Massiivinen m\u00e4nty<\/li>\n<li>Yleiset mitat: 35 x 30 x 160 cm (P x L x K)<\/li>\n<li>Paino: 46,2 kg<\/li>\n<li>Kest\u00e4v\u00e4<\/li>\n<li>S\u00e4ilytystila<\/li>\n<li>3 korkeuss\u00e4\u00e4t\u00f6\u00e4 erilaisten s\u00e4ilytystarpeidesi t\u00e4ytt\u00e4miseksi<\/li>\n<li>Yhdell\u00e4 laatikolla<\/li>\n<li>Mukana 6 s\u00e4\u00e4dett\u00e4v\u00e4t hyllyt<\/li>\n<li>Kehysmateriaali: T\u00e4ysi m\u00e4nty<\/li>\n<li>Mukana 5 saranoidut ovet<\/li>\n<li>Vain sis\u00e4k\u00e4ytt\u00f6\u00f6n<\/li>\n<li>Toimitus-:<\/li>\n<li>1 x Pesukonetiiviste: 60 x 40 x 80 cm(PxLxK)<\/li>\n<li>1 x Kylpyhuonekaappi: 35 x 30 x 160 cm(PxLxK)<\/li>\n<li>1 x Kylpyhuonekaappi: 35 x 30 x 90,5 cm(PxLxK)<\/li>\n<li>1 x Sein\u00e4kaappi: 35 x 30 x 60 cm(PxLxK)<\/li>\n<li>Kokoonpano vaaditaan: Kyll\u00e4<\/li>\n<\/ul>\n","protected":false},"excerpt":{"rendered":"<ul>\n<li>V\u00e4ri: Vaha ruskea<\/li>\n<li>Materiaali: Massiivinen m\u00e4nty<\/li>\n<li>Yleiset mitat: 35 x 30 x 160 cm (P x L x K)<\/li>\n<li>Paino: 46,2 kg<\/li>\n<li>Kest\u00e4v\u00e4<\/li>\n<li>S\u00e4ilytystila<\/li>\n<li>3 korkeuss\u00e4\u00e4t\u00f6\u00e4 erilaisten s\u00e4ilytystarpeidesi t\u00e4ytt\u00e4miseksi<\/li>\n<li>Yhdell\u00e4 laatikolla<\/li>\n<li>Mukana 6 s\u00e4\u00e4dett\u00e4v\u00e4t hyllyt<\/li>\n<li>Kehysmateriaali: T\u00e4ysi m\u00e4nty<\/li>\n<li>Mukana 5 saranoidut ovet<\/li>\n<li>Vain sis\u00e4k\u00e4ytt\u00f6\u00f6n<\/li>\n<li>Toimitus-:<\/li>\n<li>1 x Pesukonetiiviste: 60 x 40 x 80 cm(PxLxK)<\/li>\n<li>1 x Kylpyhuonekaappi: 35 x 30 x 160 cm(PxLxK)<\/li>\n<li>1 x Kylpyhuonekaappi: 35 x 30 x 90,5 cm(PxLxK)<\/li>\n<li>1 x Sein\u00e4kaappi: 35 x 30 x 60 cm(PxLxK)<\/li>\n<li>Kokoonpano vaaditaan: Kyll\u00e4<\/li>\n<\/ul>\n","protected":false},"featured_media":100000202963,"comment_status":"closed","ping_status":"closed","template":"","meta":[],"product_brand":[],"product_cat":[84,8560],"product_tag":[],"class_list":{"0":"post-202963","1":"product","2":"type-product","3":"status-publish","4":"has-post-thumbnail","6":"product_cat-huonekalut","7":"product_cat-kylpyhuoneen-kalusteet","9":"first","10":"instock","11":"taxable","12":"shipping-taxable","13":"purchasable","14":"product-type-simple"},"_links":{"self":[{"href":"https:\/\/www.otiumhome.fi\/index.php\/wp-json\/wp\/v2\/product\/202963","targetHints":{"allow":["GET"]}}],"collection":[{"href":"https:\/\/www.otiumhome.fi\/index.php\/wp-json\/wp\/v2\/product"}],"about":[{"href":"https:\/\/www.otiumhome.fi\/index.php\/wp-json\/wp\/v2\/types\/product"}],"replies":[{"embeddable":true,"href":"https:\/\/www.otiumhome.fi\/index.php\/wp-json\/wp\/v2\/comments?post=202963"}],"wp:featuredmedia":[{"embeddable":true,"href":"https:\/\/www.otiumhome.fi\/index.php\/wp-json\/"}],"wp:attachment":[{"href":"https:\/\/www.otiumhome.fi\/index.php\/wp-json\/wp\/v2\/media?parent=202963"}],"wp:term":[{"taxonomy":"product_brand","embeddable":true,"href":"https:\/\/www.otiumhome.fi\/index.php\/wp-json\/wp\/v2\/product_brand?post=202963"},{"taxonomy":"product_cat","embeddable":true,"href":"https:\/\/www.otiumhome.fi\/index.php\/wp-json\/wp\/v2\/product_cat?post=202963"},{"taxonomy":"product_tag","embeddable":true,"href":"https:\/\/www.otiumhome.fi\/index.php\/wp-json\/wp\/v2\/product_tag?post=202963"}],"curies":[{"name":"wp","href":"https:\/\/api.w.org\/{rel}","templated":true}]}}