{"id":202935,"date":"2026-01-05T15:05:31","date_gmt":"2026-01-05T15:05:31","guid":{"rendered":"https:\/\/www.otiumhome.fi\/?p=202935"},"modified":"2026-01-13T16:33:00","modified_gmt":"2026-01-13T16:33:00","slug":"jakkara-luonnollinen-37-x-37-x-46-cm-mahogany-puu","status":"publish","type":"product","link":"https:\/\/www.otiumhome.fi\/index.php\/tuote\/jakkara-luonnollinen-37-x-37-x-46-cm-mahogany-puu\/","title":{"rendered":"Jakkara Luonnollinen 37 x 37 x 46 cm Mahogany-puu"},"content":{"rendered":"<p>Step Ladder Stool on k\u00e4yt\u00e4nn\u00f6llinen ja tyylik\u00e4s selk\u00e4nojaton istuin, joka on valmistettu huolellisesti kivoille, jotka arvostavat yksinkertaisuutta kotinsa sisustuksessa. T\u00e4m\u00e4 ajaton huonekalu heijastaa Shaker-tyylin yksinkertaisuutta ja k\u00e4yt\u00e4nn\u00f6llisyytt\u00e4. Jakkara on monik\u00e4ytt\u00f6inen ja sit\u00e4 voi k\u00e4ytt\u00e4\u00e4 monenlaisissa ymp\u00e4rist\u00f6iss\u00e4, tuoden rustiikkista vieh\u00e4tyst\u00e4 ty\u00f6huoneesta keitti\u00f6\u00f6n tai suojatuille ulkotiloille. Mahonkipuu tuo kauniita v\u00e4ris\u00e4vyj\u00e4 ja t\u00e4ydent\u00e4\u00e4 monia sisustuksia.<\/p>\n<ul>\n<li><b>Premium-materiaalit:<\/b> Kauneus ja voima yhdistyv\u00e4t t\u00e4ss\u00e4 jakkarassa, joka on valmistettu kokonaan massiivisesta mahongista. Materiaali on eritt\u00e4in kest\u00e4v\u00e4 ja kest\u00e4\u00e4 kulutusta hyvin, tehden siit\u00e4 luotettavan valinnan p\u00e4ivitt\u00e4iseen k\u00e4ytt\u00f6\u00f6n. Mahongin kauniit tekstuurit ja s\u00e4vyt lis\u00e4\u00e4v\u00e4t luonnollista eleganssia koko suunnittelussa, joten t\u00e4m\u00e4 huonekalu pysyy arvokkaana k\u00e4ytt\u00e4jilleen vuosia.<\/li>\n<li><b>Kest\u00e4v\u00e4 rakenne:<\/b> Jakkarassa on tukevat jalat, jotka tarjoavat hyv\u00e4n tuen ja vakautta. Voit k\u00e4ytt\u00e4\u00e4 sit\u00e4 korkeiden hyllyjen saavuttamiseen tai vain istua sen p\u00e4\u00e4ll\u00e4. Jalakset luovat vankan perustan tasapainolle. K\u00e4ytt\u00e4j\u00e4t voivat luottaa jakkaran tukeen, se toimii luotettavana istuimena tai tasona monenlaisille teht\u00e4ville.<\/li>\n<li><b>Uniikki viimeistely:<\/b> \u00d6ljytty pinta ei vain suojaa jakkaraa, vaan my\u00f6s tuo esiin mahongin upean v\u00e4rin ja syykuvion. T\u00e4m\u00e4 suojaus antaa jakkaralle kauniin kiillon ja suojaa kosteudelta, luvaten pitk\u00e4\u00e4 k\u00e4ytt\u00f6ik\u00e4\u00e4 ja v\u00e4h\u00e4n huoltoa. Luonnollinen kiilto houkuttelee katseita ja esittelee jakkaran kauniin muotoilun.<\/li>\n<li><b>Monipuolinen k\u00e4ytt\u00f6:<\/b> T\u00e4m\u00e4 jakkara sopii niin sis\u00e4lle kuin suojatuille ulkotiloillekin, ja sit\u00e4 voi siirt\u00e4\u00e4 vaivattomasti paikasta toiseen. Kompakti koko ja selk\u00e4nojaton muotoilu auttavat sen sopimaan pieneen tilaan ty\u00f6huoneessa, ruokailutiloissa tai terassilla. Ihanteellinen monik\u00e4ytt\u00f6isille huonekaluille, jotka mukautuvat eri ymp\u00e4rist\u00f6ihin ja tarpeisiin.<\/li>\n<li><b>Helppo huolto:<\/b> Jakkaran upean ilmeen s\u00e4ilytt\u00e4minen vaatii vain pyyhk\u00e4isyn kuivalta kankaalta p\u00f6lyn ja roskan poistamiseksi. T\u00e4ll\u00f6in t\u00e4m\u00e4 k\u00e4yt\u00e4nn\u00f6llinen huonekalu pysyy kauniina ja tuo mukavuutta jokaiseen tilaan, t\u00e4ydent\u00e4en k\u00e4yt\u00e4nn\u00f6llist\u00e4 el\u00e4m\u00e4ntyyli\u00e4.<\/li>\n<\/ul>\n<ul>\n<li>V\u00e4ri: Luonnollinen<\/li>\n<li>Materiaali: Mahogany-puu<\/li>\n<li>Viimeistely: \u00d6ljytty<\/li>\n<li>Yleiset mitat: 37 x 37 x 46 cm (P x L x K)<\/li>\n<li>Paino: 5,72 kg<\/li>\n<li>Kest\u00e4v\u00e4<\/li>\n<li>Istuinalue: 37 x 37 cm (L x S)<\/li>\n<li>Sis\u00e4- &amp; ulkotila: Sis\u00e4- ja suojattuun ulkok\u00e4ytt\u00f6\u00f6n<\/li>\n<li>Toimitus-:<\/li>\n<li>1 x jakkara<\/li>\n<li>Kokoonpano vaaditaan: Kyll\u00e4<\/li>\n<\/ul>\n","protected":false},"excerpt":{"rendered":"<ul>\n<li>V\u00e4ri: Luonnollinen<\/li>\n<li>Materiaali: Mahogany-puu<\/li>\n<li>Viimeistely: \u00d6ljytty<\/li>\n<li>Yleiset mitat: 37 x 37 x 46 cm (P x L x K)<\/li>\n<li>Paino: 5,72 kg<\/li>\n<li>Kest\u00e4v\u00e4<\/li>\n<li>Istuinalue: 37 x 37 cm (L x S)<\/li>\n<li>Sis\u00e4- &amp; ulkotila: Sis\u00e4- ja suojattuun ulkok\u00e4ytt\u00f6\u00f6n<\/li>\n<li>Toimitus-:<\/li>\n<li>1 x jakkara<\/li>\n<li>Kokoonpano vaaditaan: Kyll\u00e4<\/li>\n<\/ul>\n","protected":false},"featured_media":100000202935,"comment_status":"closed","ping_status":"closed","template":"","meta":[],"product_brand":[],"product_cat":[84,8558],"product_tag":[],"class_list":{"0":"post-202935","1":"product","2":"type-product","3":"status-publish","4":"has-post-thumbnail","6":"product_cat-huonekalut","7":"product_cat-kokoontaitettavat-tuolit-jakkarat","9":"first","10":"instock","11":"taxable","12":"shipping-taxable","13":"purchasable","14":"product-type-simple"},"_links":{"self":[{"href":"https:\/\/www.otiumhome.fi\/index.php\/wp-json\/wp\/v2\/product\/202935","targetHints":{"allow":["GET"]}}],"collection":[{"href":"https:\/\/www.otiumhome.fi\/index.php\/wp-json\/wp\/v2\/product"}],"about":[{"href":"https:\/\/www.otiumhome.fi\/index.php\/wp-json\/wp\/v2\/types\/product"}],"replies":[{"embeddable":true,"href":"https:\/\/www.otiumhome.fi\/index.php\/wp-json\/wp\/v2\/comments?post=202935"}],"wp:featuredmedia":[{"embeddable":true,"href":"https:\/\/www.otiumhome.fi\/index.php\/wp-json\/"}],"wp:attachment":[{"href":"https:\/\/www.otiumhome.fi\/index.php\/wp-json\/wp\/v2\/media?parent=202935"}],"wp:term":[{"taxonomy":"product_brand","embeddable":true,"href":"https:\/\/www.otiumhome.fi\/index.php\/wp-json\/wp\/v2\/product_brand?post=202935"},{"taxonomy":"product_cat","embeddable":true,"href":"https:\/\/www.otiumhome.fi\/index.php\/wp-json\/wp\/v2\/product_cat?post=202935"},{"taxonomy":"product_tag","embeddable":true,"href":"https:\/\/www.otiumhome.fi\/index.php\/wp-json\/wp\/v2\/product_tag?post=202935"}],"curies":[{"name":"wp","href":"https:\/\/api.w.org\/{rel}","templated":true}]}}