{"id":202934,"date":"2026-01-05T14:59:53","date_gmt":"2026-01-05T14:59:53","guid":{"rendered":"https:\/\/www.otiumhome.fi\/?p=202934"},"modified":"2026-01-13T16:33:00","modified_gmt":"2026-01-13T16:33:00","slug":"jakkara-luonnollinen-28-x-28-x-50-cm-mahogany-puu","status":"publish","type":"product","link":"https:\/\/www.otiumhome.fi\/index.php\/tuote\/jakkara-luonnollinen-28-x-28-x-50-cm-mahogany-puu\/","title":{"rendered":"Jakkara Luonnollinen 28 x 28 x 50 cm Mahogany-puu"},"content":{"rendered":"<p>T\u00e4m\u00e4 jakkara on ajaton huonekalu, joka tuo rustiikkista vieh\u00e4tyst\u00e4 ja mukavuutta mihin tahansa tilaan. Laadukkaasta t\u00e4ysmahonkipuusta valmistettuna se n\u00e4ytt\u00e4\u00e4 upealta ja toimii hyvin sek\u00e4 sis\u00e4ll\u00e4 ett\u00e4 suojatulla ulkoterassilla. Minimalistinen, selk\u00e4nojatonti muotoilu tekee siit\u00e4 paitsi k\u00e4yt\u00e4nn\u00f6llisen my\u00f6s tyylikk\u00e4\u00e4n sisustuselementin, joka sopii moneen eri sisustustyylin. T\u00e4ydellinen yhdistelm\u00e4 yksinkertaisuutta ja eleganssia!<\/p>\n<ul>\n<li><b>Luonnollinen mahonki:<\/b> T\u00e4m\u00e4 upea jakkara on valmistettu kokonaan korkealuokkaisesta, luonnollisesta mahonkipuusta. Sen kest\u00e4vyys ja kauniit puuainesten s\u00e4vyt tarjoavat rikasta, ajattomaa estetiikkaa, jota \u00f6ljytty pinta korostaa.<\/li>\n<li><b>Kest\u00e4v\u00e4 rakenne:<\/b> Uskottava pitk\u00e4ik\u00e4isyys. Laadukkaat materiaalit ja taitava k\u00e4sity\u00f6 takaavat luotettavaa kest\u00e4vyytt\u00e4 ja perinteist\u00e4 vieh\u00e4tysvoimaa.<\/li>\n<li><b>Rustiikkinen vieh\u00e4tys:<\/b> Hy\u00f6dynn\u00e4 rustiikin muotoilun vieh\u00e4tys sen luonnollisella viimeistelyll\u00e4, joka tuo esiin puun tekstuurin kauneuden. Sopii olohuoneisiin, keitti\u00f6ihin tai patioille, sulautuu vaivattomasti eri sisustustyyleihin.<\/li>\n<li><b>Yksinkertainen hoito:<\/b> Jakkaran hoitaminen on helppoa. Pyyhi se vain kuivalla liinalla, niin se pysyy siistin\u00e4. Helppohoitoisuus takaa sen, ett\u00e4 se kest\u00e4\u00e4 vuosia kotonasi.<\/li>\n<li><b>Monipuolinen k\u00e4ytt\u00f6:<\/b> Ilman selk\u00e4nojaa oleva muotoilu tekee siit\u00e4 sopivan erilaisiin ymp\u00e4rist\u00f6ihin, niin sis\u00e4tiloihin kuin suojatuille ulkotiloille. Se on kevyt ja helppo siirt\u00e4\u00e4, joten se mukautuu istuintarpeisiisi helposti.<\/li>\n<\/ul>\n<p><strong>T\u00e4rke\u00e4\u00e4 tiet\u00e4\u00e4:<\/strong><\/p>\n<ul>\n<li>Enimm\u00e4ispaino 110 kg per paikka.<\/li>\n<\/ul>\n<ul>\n<li>V\u00e4ri: Luonnollinen<\/li>\n<li>Materiaali: Mahogany-puu<\/li>\n<li>Viimeistely: \u00d6ljytty<\/li>\n<li>Yleiset mitat: 28 x 28 x 50 cm (P x L x K)<\/li>\n<li>Paino: 2,92 kg<\/li>\n<li>Kest\u00e4v\u00e4<\/li>\n<li>Istuinalue: 28 x 28 cm (L x S)<\/li>\n<li>Sis\u00e4- ja suojattuun ulkok\u00e4ytt\u00f6\u00f6n<\/li>\n<li>Toimitus-:<\/li>\n<li>1 x jakkara<\/li>\n<\/ul>\n","protected":false},"excerpt":{"rendered":"<ul>\n<li>V\u00e4ri: Luonnollinen<\/li>\n<li>Materiaali: Mahogany-puu<\/li>\n<li>Viimeistely: \u00d6ljytty<\/li>\n<li>Yleiset mitat: 28 x 28 x 50 cm (P x L x K)<\/li>\n<li>Paino: 2,92 kg<\/li>\n<li>Kest\u00e4v\u00e4<\/li>\n<li>Istuinalue: 28 x 28 cm (L x S)<\/li>\n<li>Sis\u00e4- ja suojattuun ulkok\u00e4ytt\u00f6\u00f6n<\/li>\n<li>Toimitus-:<\/li>\n<li>1 x jakkara<\/li>\n<\/ul>\n","protected":false},"featured_media":100000202934,"comment_status":"closed","ping_status":"closed","template":"","meta":[],"product_brand":[],"product_cat":[84,8558],"product_tag":[],"class_list":{"0":"post-202934","1":"product","2":"type-product","3":"status-publish","4":"has-post-thumbnail","6":"product_cat-huonekalut","7":"product_cat-kokoontaitettavat-tuolit-jakkarat","9":"first","10":"instock","11":"taxable","12":"shipping-taxable","13":"purchasable","14":"product-type-simple"},"_links":{"self":[{"href":"https:\/\/www.otiumhome.fi\/index.php\/wp-json\/wp\/v2\/product\/202934","targetHints":{"allow":["GET"]}}],"collection":[{"href":"https:\/\/www.otiumhome.fi\/index.php\/wp-json\/wp\/v2\/product"}],"about":[{"href":"https:\/\/www.otiumhome.fi\/index.php\/wp-json\/wp\/v2\/types\/product"}],"replies":[{"embeddable":true,"href":"https:\/\/www.otiumhome.fi\/index.php\/wp-json\/wp\/v2\/comments?post=202934"}],"wp:featuredmedia":[{"embeddable":true,"href":"https:\/\/www.otiumhome.fi\/index.php\/wp-json\/"}],"wp:attachment":[{"href":"https:\/\/www.otiumhome.fi\/index.php\/wp-json\/wp\/v2\/media?parent=202934"}],"wp:term":[{"taxonomy":"product_brand","embeddable":true,"href":"https:\/\/www.otiumhome.fi\/index.php\/wp-json\/wp\/v2\/product_brand?post=202934"},{"taxonomy":"product_cat","embeddable":true,"href":"https:\/\/www.otiumhome.fi\/index.php\/wp-json\/wp\/v2\/product_cat?post=202934"},{"taxonomy":"product_tag","embeddable":true,"href":"https:\/\/www.otiumhome.fi\/index.php\/wp-json\/wp\/v2\/product_tag?post=202934"}],"curies":[{"name":"wp","href":"https:\/\/api.w.org\/{rel}","templated":true}]}}