{"id":202933,"date":"2026-01-05T14:59:52","date_gmt":"2026-01-05T14:59:52","guid":{"rendered":"https:\/\/www.otiumhome.fi\/?p=202933"},"modified":"2026-01-13T16:32:59","modified_gmt":"2026-01-13T16:32:59","slug":"jakkara-luonnollinen-30-x-30-x-47-cm-mahogany-puu","status":"publish","type":"product","link":"https:\/\/www.otiumhome.fi\/index.php\/tuote\/jakkara-luonnollinen-30-x-30-x-47-cm-mahogany-puu\/","title":{"rendered":"Jakkara Luonnollinen 30 x 30 x 47 cm Mahogany-puu"},"content":{"rendered":"<p>T\u00e4m\u00e4 selk\u00e4nojaton jakkara on ajaton istuin, joka yhdist\u00e4\u00e4 k\u00e4yt\u00e4nn\u00f6llisyyden rustiikkiseen kauneuteen. Valmistettu t\u00e4ysist\u00e4 mahonkipuista, se tuo l\u00e4mp\u00f6\u00e4 ja on ihanan teksturoitu \u2013 t\u00e4ydellinen lis\u00e4 mihin tahansa olohuoneeseen tai suojatulle alueelle. Suunnittelu korostaa luonnon karua kauneutta ja tuo mieleen menneet ajat. Ilman selk\u00e4nojaa se kannustaa moniin k\u00e4ytt\u00f6mahdollisuuksiin ja tekee sijoittamisesta helppoa muiden huonekalujen ymp\u00e4rille.<\/p>\n<ul>\n<li><b>Materiaalin hallinta:<\/b> Jakkara on valmistettu p\u00e4\u00e4asiassa t\u00e4ysist\u00e4 mahonkipuista, tunnetut niiden kest\u00e4vyydest\u00e4 ja l\u00e4mpimist\u00e4 s\u00e4vyist\u00e4. T\u00e4m\u00e4 takaa kauneuden ja pitk\u00e4ik\u00e4isyyden, jotta se pysyy kunnossa vuodesta toiseen.<\/li>\n<li><b>Luonnolliset esteettiset:<\/b> \u00d6ljytty ruskea viimeistely s\u00e4ilytt\u00e4\u00e4 jakkaran orgaanisen vieh\u00e4tyksen ja sulautuu hyvin eri v\u00e4ripalettiin. Se parantaa s\u00e4vy\u00e4, suojaa kosteudelta ja kulumiselta.<\/li>\n<li><b>Kest\u00e4v\u00e4 rakenne:<\/b> Tolppajalkarakenne tuo tukea ja vakautta. Muotoilu korostaa rustiikkista vieh\u00e4tysvoimaa ja kunnioittaa aitoa k\u00e4sity\u00f6t\u00e4.<\/li>\n<li><b>Teksturoidut viivat:<\/b> Jakkarassa on kiinnostava tekstuuri, joka tuo mielekk\u00e4\u00e4n kosketuksen ja t\u00e4ydent\u00e4\u00e4 sen visuaalista l\u00e4mp\u00f6\u00e4. T\u00e4m\u00e4 piirre ei vain lis\u00e4\u00e4 syvyytt\u00e4, vaan kutsuu my\u00f6s vuorovaikutukseen, tehden siit\u00e4 sek\u00e4 kauniin ett\u00e4 toiminnallisen taideteoksen.<\/li>\n<li><b>Yksinkertainen huolto:<\/b> Jakkaran hoitaminen on helppoa. Nopeasti kuiva liina riitt\u00e4\u00e4 s\u00e4ilytt\u00e4m\u00e4\u00e4n sen luonnollisen kiillon, joten huolto on vaivatonta.<\/li>\n<\/ul>\n<p><strong>T\u00e4rke\u00e4\u00e4 tiet\u00e4\u00e4:<\/strong><\/p>\n<ul>\n<li>Enimm\u00e4ispaino 110 kg per paikka.<\/li>\n<\/ul>\n<ul>\n<li>V\u00e4ri: Luonnollinen<\/li>\n<li>Materiaali: Mahogany-puu<\/li>\n<li>Viimeistely: \u00d6ljytty<\/li>\n<li>Yleiset mitat: 30 x 30 x 47 cm (P x L x K)<\/li>\n<li>Paino: 3,36 kg<\/li>\n<li>Kest\u00e4v\u00e4<\/li>\n<li>Istuinalue: 30 x 30 cm (L x S)<\/li>\n<li>Sis\u00e4- ja suojattuun ulkok\u00e4ytt\u00f6\u00f6n<\/li>\n<li>Toimitus-:<\/li>\n<li>1 x jakkara<\/li>\n<\/ul>\n","protected":false},"excerpt":{"rendered":"<ul>\n<li>V\u00e4ri: Luonnollinen<\/li>\n<li>Materiaali: Mahogany-puu<\/li>\n<li>Viimeistely: \u00d6ljytty<\/li>\n<li>Yleiset mitat: 30 x 30 x 47 cm (P x L x K)<\/li>\n<li>Paino: 3,36 kg<\/li>\n<li>Kest\u00e4v\u00e4<\/li>\n<li>Istuinalue: 30 x 30 cm (L x S)<\/li>\n<li>Sis\u00e4- ja suojattuun ulkok\u00e4ytt\u00f6\u00f6n<\/li>\n<li>Toimitus-:<\/li>\n<li>1 x jakkara<\/li>\n<\/ul>\n","protected":false},"featured_media":100000202933,"comment_status":"closed","ping_status":"closed","template":"","meta":[],"product_brand":[],"product_cat":[84,8558],"product_tag":[],"class_list":{"0":"post-202933","1":"product","2":"type-product","3":"status-publish","4":"has-post-thumbnail","6":"product_cat-huonekalut","7":"product_cat-kokoontaitettavat-tuolit-jakkarat","9":"first","10":"instock","11":"taxable","12":"shipping-taxable","13":"purchasable","14":"product-type-simple"},"_links":{"self":[{"href":"https:\/\/www.otiumhome.fi\/index.php\/wp-json\/wp\/v2\/product\/202933","targetHints":{"allow":["GET"]}}],"collection":[{"href":"https:\/\/www.otiumhome.fi\/index.php\/wp-json\/wp\/v2\/product"}],"about":[{"href":"https:\/\/www.otiumhome.fi\/index.php\/wp-json\/wp\/v2\/types\/product"}],"replies":[{"embeddable":true,"href":"https:\/\/www.otiumhome.fi\/index.php\/wp-json\/wp\/v2\/comments?post=202933"}],"wp:featuredmedia":[{"embeddable":true,"href":"https:\/\/www.otiumhome.fi\/index.php\/wp-json\/"}],"wp:attachment":[{"href":"https:\/\/www.otiumhome.fi\/index.php\/wp-json\/wp\/v2\/media?parent=202933"}],"wp:term":[{"taxonomy":"product_brand","embeddable":true,"href":"https:\/\/www.otiumhome.fi\/index.php\/wp-json\/wp\/v2\/product_brand?post=202933"},{"taxonomy":"product_cat","embeddable":true,"href":"https:\/\/www.otiumhome.fi\/index.php\/wp-json\/wp\/v2\/product_cat?post=202933"},{"taxonomy":"product_tag","embeddable":true,"href":"https:\/\/www.otiumhome.fi\/index.php\/wp-json\/wp\/v2\/product_tag?post=202933"}],"curies":[{"name":"wp","href":"https:\/\/api.w.org\/{rel}","templated":true}]}}