{"id":202930,"date":"2026-01-05T14:59:50","date_gmt":"2026-01-05T14:59:50","guid":{"rendered":"https:\/\/www.otiumhome.fi\/?p=202930"},"modified":"2026-01-13T16:32:59","modified_gmt":"2026-01-13T16:32:59","slug":"jakkara-luonnollinen-30-x-30-x-45-cm-tiikkipuu","status":"publish","type":"product","link":"https:\/\/www.otiumhome.fi\/index.php\/tuote\/jakkara-luonnollinen-30-x-30-x-45-cm-tiikkipuu\/","title":{"rendered":"Jakkara Luonnollinen 30 x 30 x 45 cm Tiikkipuu"},"content":{"rendered":"<p>T\u00e4m\u00e4 rustiikkinen py\u00f6re\u00e4 jakkara tuo orgaanista vieh\u00e4tyst\u00e4, samoin kuin t\u00e4ysi tiikki, yhdist\u00e4en luonnon kauniit piirteet k\u00e4yt\u00e4nn\u00f6lliseen muotoiluun. Etsitp\u00e4 sitten istuinta olohuoneeseen tai monik\u00e4ytt\u00f6ist\u00e4 esinett\u00e4 parvekkeelle, t\u00e4m\u00e4 jakkara lis\u00e4\u00e4 tyyli\u00e4 ja k\u00e4yt\u00e4nn\u00f6llisyytt\u00e4 jokaiseen tilaan. \u00d6ljytty pinta ei vain syvenn\u00e4 puun kauniita s\u00e4vyj\u00e4, vaan suojaa my\u00f6s kosteudelta, jolloin se kest\u00e4\u00e4 pitk\u00e4\u00e4n ja pysyy kauniina.<\/p>\n<ul>\n<li><b>Luonto-inspiroitunut muotoilu<\/b> T\u00e4\u00e4 jakkara tuo esiin rustiikkisen kauneuden sile\u00e4ll\u00e4 tiikkipuulla, joka tunnetaan kest\u00e4vyydest\u00e4\u00e4n. Luonnollinen \u00f6ljytty pinta syvent\u00e4\u00e4 maanl\u00e4heisi\u00e4 s\u00e4vyj\u00e4 ja suojaa kosteudelta, tehden siit\u00e4 upean lis\u00e4n mihin tahansa ymp\u00e4rist\u00f6\u00f6n. Sen yksinkertainen muotoilu s\u00e4ilytt\u00e4\u00e4 klassisen tyyppins\u00e4.<\/li>\n<li><b>Kest\u00e4v\u00e4 rakenne<\/b> Valmistettu huolellisesti korkealaatuisesta tiikkipuusta, t\u00e4\u00e4 jakkara lupaa pitk\u00e4ik\u00e4ist\u00e4 k\u00e4ytt\u00f6\u00e4. Tiikin kest\u00e4vyys kulutusta vastaan takaa luotettavuutta, olit sitten ruokailemassa tai vain esittelem\u00e4ss\u00e4 jakkaraa.<\/li>\n<li><b>Monipuolinen toiminnallisuus<\/b> T\u00e4m\u00e4 jakkara on t\u00e4ydellinen kaikenlaisiin tiloihin, niin olohuoneeseen kuin suojattuihin ulkotiloihin. Selk\u00e4nojattomana se mahdollistaa k\u00e4yt\u00e4nn\u00f6llisen istumapaikan ilman tilan hallintaa, mik\u00e4 tekee liikkumisesta helppoa. Se sopii eri sisustusteemoihin ja j\u00e4rjestelyihin vaivatta.<\/li>\n<li><b>Helppo hoito<\/b> Huolto on eritt\u00e4in helppoa, sill\u00e4 tarvitset vain kuivan liinan pyyhkimiseen, mik\u00e4 auttaa s\u00e4ilytt\u00e4m\u00e4\u00e4n sen luonnollisen kauneuden ja \u00f6ljytyn pinnan. T\u00e4\u00e4 yksinkertainen hoitorutiini varmistaa, ett\u00e4 jakkara pysyy hyv\u00e4n\u00e4 pitk\u00e4\u00e4n.<\/li>\n<li><b>Edut<\/b> Kest\u00e4v\u00e4st\u00e4 tiikist\u00e4 valmistettuna t\u00e4\u00e4 jakkara tukee ekologista ajattelua. Sen k\u00e4ytt\u00f6 parantaa ymp\u00e4rist\u00f6n kauneutta eik\u00e4 vahingoita ekosysteemi\u00e4.<\/li>\n<\/ul>\n<p> Maksimi 110 kg per tuoli. <\/p>\n<ul>\n<li>V\u00e4ri: Luonnollinen<\/li>\n<li>Materiaali: Tiikkipuu<\/li>\n<li>Viimeistely: \u00d6ljytty<\/li>\n<li>Yleiset mitat: 30 x 30 x 45 cm (P x L x K)<\/li>\n<li>Paino: 6,02 kg<\/li>\n<li>Kest\u00e4v\u00e4<\/li>\n<li>Istuinalue: 30 x 30 cm (L x S)<\/li>\n<li>Sis\u00e4- &amp; ulkotila: Sis\u00e4- ja suojattuun ulkok\u00e4ytt\u00f6\u00f6n<\/li>\n<li>Toimitus-:<\/li>\n<li>1 x jakkara<\/li>\n<\/ul>\n","protected":false},"excerpt":{"rendered":"<ul>\n<li>V\u00e4ri: Luonnollinen<\/li>\n<li>Materiaali: Tiikkipuu<\/li>\n<li>Viimeistely: \u00d6ljytty<\/li>\n<li>Yleiset mitat: 30 x 30 x 45 cm (P x L x K)<\/li>\n<li>Paino: 6,02 kg<\/li>\n<li>Kest\u00e4v\u00e4<\/li>\n<li>Istuinalue: 30 x 30 cm (L x S)<\/li>\n<li>Sis\u00e4- &amp; ulkotila: Sis\u00e4- ja suojattuun ulkok\u00e4ytt\u00f6\u00f6n<\/li>\n<li>Toimitus-:<\/li>\n<li>1 x jakkara<\/li>\n<\/ul>\n","protected":false},"featured_media":100000202930,"comment_status":"closed","ping_status":"closed","template":"","meta":[],"product_brand":[],"product_cat":[84,8558],"product_tag":[],"class_list":{"0":"post-202930","1":"product","2":"type-product","3":"status-publish","4":"has-post-thumbnail","6":"product_cat-huonekalut","7":"product_cat-kokoontaitettavat-tuolit-jakkarat","9":"first","10":"instock","11":"taxable","12":"shipping-taxable","13":"purchasable","14":"product-type-simple"},"_links":{"self":[{"href":"https:\/\/www.otiumhome.fi\/index.php\/wp-json\/wp\/v2\/product\/202930","targetHints":{"allow":["GET"]}}],"collection":[{"href":"https:\/\/www.otiumhome.fi\/index.php\/wp-json\/wp\/v2\/product"}],"about":[{"href":"https:\/\/www.otiumhome.fi\/index.php\/wp-json\/wp\/v2\/types\/product"}],"replies":[{"embeddable":true,"href":"https:\/\/www.otiumhome.fi\/index.php\/wp-json\/wp\/v2\/comments?post=202930"}],"wp:featuredmedia":[{"embeddable":true,"href":"https:\/\/www.otiumhome.fi\/index.php\/wp-json\/"}],"wp:attachment":[{"href":"https:\/\/www.otiumhome.fi\/index.php\/wp-json\/wp\/v2\/media?parent=202930"}],"wp:term":[{"taxonomy":"product_brand","embeddable":true,"href":"https:\/\/www.otiumhome.fi\/index.php\/wp-json\/wp\/v2\/product_brand?post=202930"},{"taxonomy":"product_cat","embeddable":true,"href":"https:\/\/www.otiumhome.fi\/index.php\/wp-json\/wp\/v2\/product_cat?post=202930"},{"taxonomy":"product_tag","embeddable":true,"href":"https:\/\/www.otiumhome.fi\/index.php\/wp-json\/wp\/v2\/product_tag?post=202930"}],"curies":[{"name":"wp","href":"https:\/\/api.w.org\/{rel}","templated":true}]}}