{"id":202929,"date":"2026-01-05T14:42:41","date_gmt":"2026-01-05T14:42:41","guid":{"rendered":"https:\/\/www.otiumhome.fi\/?p=202929"},"modified":"2026-01-13T16:32:54","modified_gmt":"2026-01-13T16:32:54","slug":"poyta-valkoinen-80-x-40-x-92-cm-kiinteaa-mahonkipuuta","status":"publish","type":"product","link":"https:\/\/www.otiumhome.fi\/index.php\/tuote\/poyta-valkoinen-80-x-40-x-92-cm-kiinteaa-mahonkipuuta\/","title":{"rendered":"P\u00f6yt\u00e4 Valkoinen 80 x 40 x 92 cm Kiinte\u00e4\u00e4 mahonkipuuta"},"content":{"rendered":"<p>T\u00e4m\u00e4 moderni kirjoitusp\u00f6yt\u00e4 yhdist\u00e4\u00e4 klassisen tyylin k\u00e4yt\u00e4nn\u00f6lliseen suunnitteluun, luoden ihanteellisen ty\u00f6skentelytilan kotiin tai toimistoon. Rustiikkinen ulkoasu ja moderni vivahde sopivat hienosti mihin tahansa sisustukseen. P\u00f6yt\u00e4, jonka v\u00e4rimaailmana on monik\u00e4ytt\u00f6inen ruskea ja valkoinen, palvelee sek\u00e4 kirjoittajia ett\u00e4 opiskelijoita, tarjoten oman tilan luovuudelle tai t\u00e4rkeille teht\u00e4ville keskittymiseen. Sen sile\u00e4 t\u00e4ysmahonkinen pinta tuo esiin tukevaa rakennetta, tehden siit\u00e4 enemm\u00e4n kuin vain huonekalun \u2013 t\u00e4m\u00e4 on tuottavuuskeskus.<\/p>\n<ul><\/br> <\/p>\n<li><b>Kest\u00e4v\u00e4 materiaali:<\/b> T\u00e4ss\u00e4 p\u00f6yd\u00e4ss\u00e4 on k\u00e4ytetty kokonaan t\u00e4ysmahonkia, mik\u00e4 takaa sen kest\u00e4vyyden ja luonnollisen tyylin, kest\u00e4en p\u00e4ivitt\u00e4ist\u00e4 k\u00e4ytt\u00f6\u00e4. Materiaali on vakaa ja tekee siit\u00e4 t\u00e4ydellisen jopa vaativiin t\u00f6ihin, tarjoten pitk\u00e4aikaisen ja luotettavan ty\u00f6tilan vuosiksi eteenp\u00e4in.<\/li>\n<p><\/br> <\/p>\n<li><b>Sis\u00e4lt\u00e4\u00e4 komponentit:<\/b> P\u00f6yd\u00e4ss\u00e4 on kaksi avaraa laatikkoa l\u00e4mpim\u00e4ss\u00e4 ruskeassa, tarjoten runsaasti s\u00e4ilytystilaa toimistotarvikkeille, asiakirjoille tai henkil\u00f6kohtaisille esineille. Valkoiset t\u00e4ysmahonkijalat takaavat tukevan tuen, jotta p\u00f6yt\u00e4 pysyy vakaana kaikilla pinnoilla.<\/li>\n<p><\/br> <\/p>\n<li><b>Toiminnallinen suunnittelu:<\/b> Rustiikkinen viimeistely tuo vieh\u00e4tt\u00e4v\u00e4\u00e4, vanhanaikaista tyyli\u00e4, lis\u00e4ten tilaan rouheaa charmia. P\u00f6yd\u00e4n toiminnallinen rakenne yhdist\u00e4\u00e4 tyylin ja k\u00e4yt\u00e4nn\u00f6llisyyden, t\u00e4ytt\u00e4en niin modernien kuin perinteisten tilojen tarpeet.<\/li>\n<p><\/br> <\/p>\n<li><b>Monipuolinen k\u00e4ytt\u00f6:<\/b> T\u00e4m\u00e4 p\u00f6yt\u00e4 on t\u00e4ydellinen k\u00e4ytett\u00e4v\u00e4ksi koti- tai opiskeluymp\u00e4rist\u00f6ss\u00e4. Sen mitat antavat riitt\u00e4v\u00e4sti tilaa kirjoittamiseen, opiskeluun tai tietokoneen ohjelmointiin, joten se on sopeutuva erilaisiin ymp\u00e4rist\u00f6ihin ja tarpeisiin.<\/li>\n<p><\/br> <\/p>\n<li><b>Hoito ja yll\u00e4pito:<\/b> Pid\u00e4 p\u00f6yd\u00e4n alkuper\u00e4inen kunto puhdistamalla se s\u00e4\u00e4nn\u00f6llisesti kuivalla liinalla. V\u00e4lt\u00e4 voimakkaita kemikaaleja, jotka voisivat vahingoittaa sen rustiikkista pintaa, ja pid\u00e4 sen ulkon\u00e4k\u00f6 kauniina v\u00e4h\u00e4isell\u00e4 huollolla.<\/li>\n<p><\/br><\/ul>\n<ul>\n<li>V\u00e4ri: Valkoinen<\/li>\n<li>Materiaali: Kiinte\u00e4\u00e4 mahonkipuuta<\/li>\n<li>Yleiset mitat: 80 x 40 x 92 cm (P x L x K)<\/li>\n<li>Paino: 1,462 kg<\/li>\n<li>Laatikolla<\/li>\n<li>Sis\u00e4- &amp; ulkotila: Vain sis\u00e4k\u00e4ytt\u00f6\u00f6n<\/li>\n<li>Toimitus-:<\/li>\n<li>1 x p\u00f6yt\u00e4<\/li>\n<\/ul>\n","protected":false},"excerpt":{"rendered":"<ul>\n<li>V\u00e4ri: Valkoinen<\/li>\n<li>Materiaali: Kiinte\u00e4\u00e4 mahonkipuuta<\/li>\n<li>Yleiset mitat: 80 x 40 x 92 cm (P x L x K)<\/li>\n<li>Paino: 1,462 kg<\/li>\n<li>Laatikolla<\/li>\n<li>Sis\u00e4- &amp; ulkotila: Vain sis\u00e4k\u00e4ytt\u00f6\u00f6n<\/li>\n<li>Toimitus-:<\/li>\n<li>1 x p\u00f6yt\u00e4<\/li>\n<\/ul>\n","protected":false},"featured_media":100000202929,"comment_status":"closed","ping_status":"closed","template":"","meta":[],"product_brand":[],"product_cat":[84,8551],"product_tag":[],"class_list":{"0":"post-202929","1":"product","2":"type-product","3":"status-publish","4":"has-post-thumbnail","6":"product_cat-huonekalut","7":"product_cat-kirjoituspoydat","9":"first","10":"instock","11":"taxable","12":"shipping-taxable","13":"purchasable","14":"product-type-simple"},"_links":{"self":[{"href":"https:\/\/www.otiumhome.fi\/index.php\/wp-json\/wp\/v2\/product\/202929","targetHints":{"allow":["GET"]}}],"collection":[{"href":"https:\/\/www.otiumhome.fi\/index.php\/wp-json\/wp\/v2\/product"}],"about":[{"href":"https:\/\/www.otiumhome.fi\/index.php\/wp-json\/wp\/v2\/types\/product"}],"replies":[{"embeddable":true,"href":"https:\/\/www.otiumhome.fi\/index.php\/wp-json\/wp\/v2\/comments?post=202929"}],"wp:featuredmedia":[{"embeddable":true,"href":"https:\/\/www.otiumhome.fi\/index.php\/wp-json\/"}],"wp:attachment":[{"href":"https:\/\/www.otiumhome.fi\/index.php\/wp-json\/wp\/v2\/media?parent=202929"}],"wp:term":[{"taxonomy":"product_brand","embeddable":true,"href":"https:\/\/www.otiumhome.fi\/index.php\/wp-json\/wp\/v2\/product_brand?post=202929"},{"taxonomy":"product_cat","embeddable":true,"href":"https:\/\/www.otiumhome.fi\/index.php\/wp-json\/wp\/v2\/product_cat?post=202929"},{"taxonomy":"product_tag","embeddable":true,"href":"https:\/\/www.otiumhome.fi\/index.php\/wp-json\/wp\/v2\/product_tag?post=202929"}],"curies":[{"name":"wp","href":"https:\/\/api.w.org\/{rel}","templated":true}]}}