{"id":202926,"date":"2026-01-05T14:36:27","date_gmt":"2026-01-05T14:36:27","guid":{"rendered":"https:\/\/www.otiumhome.fi\/?p=202926"},"modified":"2026-01-13T15:45:57","modified_gmt":"2026-01-13T15:45:57","slug":"kirjoituspoyta-ruskea-100-x-50-x-75-cm-kiintea-mango-puu","status":"publish","type":"product","link":"https:\/\/www.otiumhome.fi\/index.php\/tuote\/kirjoituspoyta-ruskea-100-x-50-x-75-cm-kiintea-mango-puu\/","title":{"rendered":"Kirjoitusp\u00f6yt\u00e4 Ruskea 100 x 50 x 75 cm Kiinte\u00e4 mango puu"},"content":{"rendered":"<p>T\u00e4m\u00e4 tyylik\u00e4s kirjoitusp\u00f6yt\u00e4 yhdist\u00e4\u00e4 toiminnallisuuden ja vieh\u00e4tysvoiman t\u00e4ydellisesti. Se on suunniteltu nykyaikaiseen toimistoon, sen selke\u00e4t linjat ja minimalistinen tyyli sulautuvat hyvin erilaisiin sisustustyyleihin. Kuvittele t\u00e4m\u00e4 p\u00f6yt\u00e4 ty\u00f6tilasi t\u00e4hten\u00e4, luoden rauhallista ja tehokasta tunnelmaa. Sen tyylikk\u00e4\u00e4n ilmeen avulla ty\u00f6skentely on mukavaa ja luovaa.<\/p>\n<ul><\/br><\/p>\n<li><b>T\u00e4ysi mango-puu:<\/b> Laadukkaasta mango-puusta tehty p\u00f6yt\u00e4 on tyylik\u00e4s ja kest\u00e4v\u00e4 ty\u00f6skentelyymp\u00e4rist\u00f6. Mango-puun luonnollinen rakenne tuo l\u00e4mp\u00f6\u00e4 ja eleganssia toimistoon, samalla kun se takaa pitk\u00e4n k\u00e4ytt\u00f6i\u00e4n.<\/li>\n<p><\/br><\/p>\n<li><b>Ter\u00e4srunko:<\/b> Kest\u00e4v\u00e4 ter\u00e4srunko tuo p\u00f6yd\u00e4lle vakautta ja tukea. Ter\u00e4ksen saumattomat linjat lis\u00e4\u00e4v\u00e4t modernia ilmett\u00e4, ja rakenne mukautuu helposti erilaisiin tarpeisiin.<\/li>\n<p><\/br><\/p>\n<li><b>K\u00e4yt\u00e4nn\u00f6llinen s\u00e4ilytys:<\/b> Mango-puun laatikoissa on runsaasti tilaa asiakirjoille ja toimistotarvikkeille. Laatikot toimivat sujuvasti, joten p\u00e4\u00e4set helposti k\u00e4siksi tavaroihisi, ja ty\u00f6ymp\u00e4rist\u00f6 pysyy j\u00e4rjestyksess\u00e4.<\/li>\n<p><\/br><\/p>\n<li><b>Toiminnallisuus ja tyyli:<\/b> T\u00e4m\u00e4 moderni p\u00f6yt\u00e4 ei ole vain kest\u00e4v\u00e4, vaan my\u00f6s k\u00e4yt\u00e4nn\u00f6llinen. Se on t\u00e4ydellinen kirjoittamiseen, tietokoneen k\u00e4ytt\u00f6\u00f6n tai luovalle ty\u00f6skentelylle. Sen yksinkertainen muotoilu sopii hyvin nykyaikaisiin ymp\u00e4rist\u00f6ihin.<\/li>\n<p><\/br><\/p>\n<li><b>Kokoaminen ja hoito:<\/b> Kaksi ihmist\u00e4 voi helposti koota p\u00f6yd\u00e4n ruuvimeisselin avulla. Huoltotarpeet ovat minimaaliset: pelkk\u00e4 kuiva liina riitt\u00e4\u00e4 puhdistamiseen, jotta pinta pysyy kauniina. V\u00e4lt\u00e4 voimakkaita kemikaaleja, sill\u00e4 ne voivat vahingoittaa puun tai rungon pintak\u00e4sittely\u00e4.<\/li>\n<p><\/br><\/ul>\n<ul>\n<li>V\u00e4ri: Ruskea<\/li>\n<li>Materiaali: Kiinte\u00e4 mango puu<\/li>\n<li>Yleiset mitat: 100 x 50 x 75 cm (P x L x K)<\/li>\n<li>Paino: 20,45 kg<\/li>\n<li>Kest\u00e4v\u00e4<\/li>\n<li>S\u00e4ilytystila<\/li>\n<li>2 laatikoilla<\/li>\n<li>1 hyllyll\u00e4<\/li>\n<li>Kehysmateriaali: Ter\u00e4s<\/li>\n<li>Vain sis\u00e4k\u00e4ytt\u00f6\u00f6n<\/li>\n<li>Toimitus-:<\/li>\n<li>1 x kirjoitusp\u00f6yt\u00e4<\/li>\n<li>Kokoonpano vaaditaan: Kyll\u00e4<\/li>\n<\/ul>\n","protected":false},"excerpt":{"rendered":"<ul>\n<li>V\u00e4ri: Ruskea<\/li>\n<li>Materiaali: Kiinte\u00e4 mango puu<\/li>\n<li>Yleiset mitat: 100 x 50 x 75 cm (P x L x K)<\/li>\n<li>Paino: 20,45 kg<\/li>\n<li>Kest\u00e4v\u00e4<\/li>\n<li>S\u00e4ilytystila<\/li>\n<li>2 laatikoilla<\/li>\n<li>1 hyllyll\u00e4<\/li>\n<li>Kehysmateriaali: Ter\u00e4s<\/li>\n<li>Vain sis\u00e4k\u00e4ytt\u00f6\u00f6n<\/li>\n<li>Toimitus-:<\/li>\n<li>1 x kirjoitusp\u00f6yt\u00e4<\/li>\n<li>Kokoonpano vaaditaan: Kyll\u00e4<\/li>\n<\/ul>\n","protected":false},"featured_media":100000202926,"comment_status":"closed","ping_status":"closed","template":"","meta":[],"product_brand":[],"product_cat":[84,8551],"product_tag":[],"class_list":{"0":"post-202926","1":"product","2":"type-product","3":"status-publish","4":"has-post-thumbnail","6":"product_cat-huonekalut","7":"product_cat-kirjoituspoydat","9":"first","10":"instock","11":"taxable","12":"shipping-taxable","13":"purchasable","14":"product-type-simple"},"_links":{"self":[{"href":"https:\/\/www.otiumhome.fi\/index.php\/wp-json\/wp\/v2\/product\/202926","targetHints":{"allow":["GET"]}}],"collection":[{"href":"https:\/\/www.otiumhome.fi\/index.php\/wp-json\/wp\/v2\/product"}],"about":[{"href":"https:\/\/www.otiumhome.fi\/index.php\/wp-json\/wp\/v2\/types\/product"}],"replies":[{"embeddable":true,"href":"https:\/\/www.otiumhome.fi\/index.php\/wp-json\/wp\/v2\/comments?post=202926"}],"wp:featuredmedia":[{"embeddable":true,"href":"https:\/\/www.otiumhome.fi\/index.php\/wp-json\/"}],"wp:attachment":[{"href":"https:\/\/www.otiumhome.fi\/index.php\/wp-json\/wp\/v2\/media?parent=202926"}],"wp:term":[{"taxonomy":"product_brand","embeddable":true,"href":"https:\/\/www.otiumhome.fi\/index.php\/wp-json\/wp\/v2\/product_brand?post=202926"},{"taxonomy":"product_cat","embeddable":true,"href":"https:\/\/www.otiumhome.fi\/index.php\/wp-json\/wp\/v2\/product_cat?post=202926"},{"taxonomy":"product_tag","embeddable":true,"href":"https:\/\/www.otiumhome.fi\/index.php\/wp-json\/wp\/v2\/product_tag?post=202926"}],"curies":[{"name":"wp","href":"https:\/\/api.w.org\/{rel}","templated":true}]}}