{"id":202918,"date":"2026-01-05T13:24:48","date_gmt":"2026-01-05T13:24:48","guid":{"rendered":"https:\/\/www.otiumhome.fi\/?p=202918"},"modified":"2026-01-13T15:59:36","modified_gmt":"2026-01-13T15:59:36","slug":"poyta-valkoinen-ja-luonnollinen-120-x-60-cm-mantypuu","status":"publish","type":"product","link":"https:\/\/www.otiumhome.fi\/index.php\/tuote\/poyta-valkoinen-ja-luonnollinen-120-x-60-cm-mantypuu\/","title":{"rendered":"P\u00f6yt\u00e4 Valkoinen ja Luonnollinen 120 x 60 cm M\u00e4ntypuu"},"content":{"rendered":"<p>T\u00e4m\u00e4 s\u00e4\u00e4dett\u00e4v\u00e4 p\u00f6yt\u00e4 tuo tyylin ty\u00f6tilaan. Sen pelkistetty muotoilu ja muunneltavat ominaisuudet tukevat modernia el\u00e4m\u00e4ntapaa, ja ne tuovat joustavuutta ja kauneutta mihin tahansa kotitoimistoon tai asuintilaan. Olitpa sitten piirt\u00e4m\u00e4ss\u00e4 ideoita tai osallistumassa virtuaaliseen kokoukseen, sen korkeuss\u00e4\u00e4dett\u00e4v\u00e4 toiminto takaa mukavuuden ja parhaan ty\u00f6asennon.<\/p>\n<ul>\n<li><b>Tyylikk\u00e4\u00e4t materiaalit<\/b> T\u00e4ss\u00e4 p\u00f6yd\u00e4ss\u00e4 on upea t\u00e4ysi tammi -ty\u00f6taso, joka yhdist\u00e4\u00e4 luonnonpuun l\u00e4mm\u00f6n ja ter\u00e4ksen modernin ilmeen, luoden kauniin kontrastin sisustukseen. Materiaalit on valittu paitsi kauniin ulkon\u00e4\u00f6n my\u00f6s kest\u00e4vyyden vuoksi, taaten pitk\u00e4ik\u00e4isyytt\u00e4 ja ajattomuutta.<\/li>\n<li><b>Korkeuss\u00e4\u00e4dett\u00e4v\u00e4 mekanismi<\/b> Siirry helposti istuvasta seisovaksi vain k\u00e4\u00e4nt\u00e4m\u00e4ll\u00e4 kahvaa. T\u00e4m\u00e4 joustavuus parantaa ty\u00f6ymp\u00e4rist\u00f6si, saa aikaan mukavuutta ja keskittymist\u00e4 koko p\u00e4iv\u00e4ksi.<\/li>\n<li><b>Kest\u00e4v\u00e4 rakenne<\/b> Vankka ter\u00e4srunko tekee t\u00e4st\u00e4 p\u00f6yd\u00e4st\u00e4 tukevan ja pitk\u00e4ik\u00e4isen. T\u00e4m\u00e4 vahvojen materiaalien yhdistelm\u00e4 takaa, ett\u00e4 se kest\u00e4\u00e4 p\u00e4ivitt\u00e4ist\u00e4 k\u00e4ytt\u00f6\u00e4 ja tarjoaa tukevan alustan t\u00f6ille pitk\u00e4ll\u00e4 aikav\u00e4lill\u00e4.<\/li>\n<li><b>Monipuolinen tilank\u00e4ytt\u00f6<\/b> Suunniteltu sis\u00e4k\u00e4ytt\u00f6\u00f6n, se sopii loistavasti makuuhuoneeseen, olohuoneeseen tai autotalliin. Sen muokattavuus tekee siit\u00e4 t\u00e4ydellisen moni-ilmeisiin asetelmiin ja se toimii tyylikk\u00e4\u00e4n\u00e4 keskipisteen\u00e4 kotona.<\/li>\n<li><b>K\u00e4yt\u00e4nn\u00f6n hoito<\/b> Pid\u00e4 sen ulkon\u00e4k\u00f6 kunnossa helposti noudattamalla yksinkertaisia hoito-ohjeita. V\u00e4lt\u00e4 hankaavia aineita ja voimakkaita puhdistusaineita, jotta sen pinta pysyy kiilt\u00e4v\u00e4n\u00e4 v\u00e4h\u00e4ll\u00e4 vaivalla.<\/li>\n<\/ul>\n<ul>\n<li>V\u00e4ri: Valkoinen ja luonnollinen<\/li>\n<li>Materiaali: M\u00e4ntypuu<\/li>\n<li>Yleiset mitat: 120 x 60 x 115,5 cm (P x L x K)<\/li>\n<li>Korkeuss\u00e4\u00e4dett\u00e4v\u00e4<\/li>\n<li>Leveyss\u00e4\u00e4dett\u00e4v\u00e4<\/li>\n<li>Kest\u00e4v\u00e4<\/li>\n<li>S\u00e4\u00e4dett\u00e4v\u00e4t min\/max -mitat: 73,5-115,5 cm<\/li>\n<li>Kehysmateriaali: Ter\u00e4s<\/li>\n<li>Vain sis\u00e4k\u00e4ytt\u00f6\u00f6n<\/li>\n<li>Toimitus-:<\/li>\n<li>1 x p\u00f6yt\u00e4<\/li>\n<li>Kokoonpano vaaditaan: Kyll\u00e4<\/li>\n<\/ul>\n","protected":false},"excerpt":{"rendered":"<ul>\n<li>V\u00e4ri: Valkoinen ja luonnollinen<\/li>\n<li>Materiaali: M\u00e4ntypuu<\/li>\n<li>Yleiset mitat: 120 x 60 x 115,5 cm (P x L x K)<\/li>\n<li>Korkeuss\u00e4\u00e4dett\u00e4v\u00e4<\/li>\n<li>Leveyss\u00e4\u00e4dett\u00e4v\u00e4<\/li>\n<li>Kest\u00e4v\u00e4<\/li>\n<li>S\u00e4\u00e4dett\u00e4v\u00e4t min\/max -mitat: 73,5-115,5 cm<\/li>\n<li>Kehysmateriaali: Ter\u00e4s<\/li>\n<li>Vain sis\u00e4k\u00e4ytt\u00f6\u00f6n<\/li>\n<li>Toimitus-:<\/li>\n<li>1 x p\u00f6yt\u00e4<\/li>\n<li>Kokoonpano vaaditaan: Kyll\u00e4<\/li>\n<\/ul>\n","protected":false},"featured_media":100000202918,"comment_status":"closed","ping_status":"closed","template":"","meta":[],"product_brand":[],"product_cat":[84,8551],"product_tag":[],"class_list":{"0":"post-202918","1":"product","2":"type-product","3":"status-publish","4":"has-post-thumbnail","6":"product_cat-huonekalut","7":"product_cat-kirjoituspoydat","9":"first","10":"instock","11":"taxable","12":"shipping-taxable","13":"purchasable","14":"product-type-simple"},"_links":{"self":[{"href":"https:\/\/www.otiumhome.fi\/index.php\/wp-json\/wp\/v2\/product\/202918","targetHints":{"allow":["GET"]}}],"collection":[{"href":"https:\/\/www.otiumhome.fi\/index.php\/wp-json\/wp\/v2\/product"}],"about":[{"href":"https:\/\/www.otiumhome.fi\/index.php\/wp-json\/wp\/v2\/types\/product"}],"replies":[{"embeddable":true,"href":"https:\/\/www.otiumhome.fi\/index.php\/wp-json\/wp\/v2\/comments?post=202918"}],"wp:featuredmedia":[{"embeddable":true,"href":"https:\/\/www.otiumhome.fi\/index.php\/wp-json\/"}],"wp:attachment":[{"href":"https:\/\/www.otiumhome.fi\/index.php\/wp-json\/wp\/v2\/media?parent=202918"}],"wp:term":[{"taxonomy":"product_brand","embeddable":true,"href":"https:\/\/www.otiumhome.fi\/index.php\/wp-json\/wp\/v2\/product_brand?post=202918"},{"taxonomy":"product_cat","embeddable":true,"href":"https:\/\/www.otiumhome.fi\/index.php\/wp-json\/wp\/v2\/product_cat?post=202918"},{"taxonomy":"product_tag","embeddable":true,"href":"https:\/\/www.otiumhome.fi\/index.php\/wp-json\/wp\/v2\/product_tag?post=202918"}],"curies":[{"name":"wp","href":"https:\/\/api.w.org\/{rel}","templated":true}]}}