{"id":202916,"date":"2026-01-05T12:24:54","date_gmt":"2026-01-05T12:24:54","guid":{"rendered":"https:\/\/www.otiumhome.fi\/?p=202916"},"modified":"2026-01-13T17:14:02","modified_gmt":"2026-01-13T17:14:02","slug":"poyta-ovella-musta-tammi-koko-50-x-115-x-75-cm-tekninen-puu","status":"publish","type":"product","link":"https:\/\/www.otiumhome.fi\/index.php\/tuote\/poyta-ovella-musta-tammi-koko-50-x-115-x-75-cm-tekninen-puu\/","title":{"rendered":"P\u00f6yt\u00e4 ovella Musta tammi. Koko 50 x 115 x 75 cm Tekninen puu"},"content":{"rendered":"<p>T\u00e4m\u00e4 moderni kirjoitusp\u00f6yt\u00e4 on kompaktin kokoinen mutta eritt\u00e4in toiminnallinen. Se lis\u00e4\u00e4 tyyli\u00e4 ja k\u00e4yt\u00e4nn\u00f6llisyytt\u00e4 mihin tahansa toimistoon tai opiskeluhuoneeseen. P\u00f6yd\u00e4n tyylikk\u00e4\u00e4t linjat ja minimalistinen muotoilu, teknisesti k\u00e4sitelty puu, takaa kest\u00e4vyyden ja sulautuu kauniisti kodin sisustukseen. T\u00e4m\u00e4 p\u00f6yt\u00e4 on t\u00e4ydellinen kirjoittamiseen tai l\u00e4pp\u00e4rin k\u00e4ytt\u00f6\u00f6n, ja se t\u00e4ytt\u00e4\u00e4 nykyaikaisen el\u00e4m\u00e4n esteettiset ja k\u00e4yt\u00e4nn\u00f6n tarpeet.<\/p>\n<ul>\n<li><b>Materiaalit:<\/b> Huolella valituista korkealaatuisista teknisist\u00e4 puista valmistettu p\u00f6yt\u00e4 tarjoaa tukevan alustan monille ty\u00f6teht\u00e4ville. Kest\u00e4vyys varmistaa, ett\u00e4 p\u00f6yt\u00e4 kest\u00e4\u00e4 p\u00e4ivitt\u00e4ist\u00e4 k\u00e4ytt\u00f6\u00e4 ja on pitk\u00e4aikainen lis\u00e4 ty\u00f6tilaan.<\/li>\n<li><b>Included Components:<\/b> T\u00e4m\u00e4 kirjoitusp\u00f6yt\u00e4 sis\u00e4lt\u00e4\u00e4 k\u00e4yt\u00e4nn\u00f6lliset laatikot kahvoilla helppoa s\u00e4ilytyst\u00e4 varten. Ne mahdollistavat nopeat p\u00e4\u00e4syn t\u00e4rkeisiin tavaroihin ja pit\u00e4v\u00e4t ymp\u00e4rist\u00f6n siistin\u00e4, mik\u00e4 tekee siit\u00e4 loistavan opiskelijalle tai ammattilaiselle.<\/li>\n<li><b>Ominaisuudet \/ Toiminta \/ Suunnittelu:<\/b> P\u00f6yd\u00e4n suunnittelussa on priorisoitu k\u00e4yt\u00e4nn\u00f6llinen toiminnallisuus, suuressa ty\u00f6pinnassa on paljon tilaa kirjoittamiseen, l\u00e4pp\u00e4rin k\u00e4ytt\u00f6\u00f6n tai muuhun. Tyylik\u00e4s muoto yhdist\u00e4\u00e4 esteettisyyden ja k\u00e4yt\u00e4nn\u00f6llisyyden, tehden siit\u00e4 monik\u00e4ytt\u00f6isen kalusteen opiskeluhuoneeseen tai olohuoneeseen.<\/li>\n<li><b>Suositellut k\u00e4ytt\u00e4\u00e4:<\/b> P\u00f6yt\u00e4 on suunniteltu sis\u00e4tiloihin ja se sopii mainiosti opiskeluhuoneisiin ja toimistoihin, palvellen niit\u00e4, jotka etsii j\u00e4rjestetty\u00e4, tyylik\u00e4st\u00e4 ja k\u00e4yt\u00e4nn\u00f6llist\u00e4 pintaa p\u00e4ivitt\u00e4isiin asioihinsa.<\/li>\n<li><b>Hoito &amp; Yll\u00e4pito:<\/b> Pid\u00e4 p\u00f6yd\u00e4n ilme raikkaana pyyhkim\u00e4ll\u00e4 se pehme\u00e4ll\u00e4 liinalla s\u00e4\u00e4nn\u00f6llisesti. Itsepintaisista tahroista voit pyyhki\u00e4 kostealla liinalla ja kuivaa heti. V\u00e4lt\u00e4 voimakkaita kemikaaleja, jotta teknisen puun laatu pysyy hyv\u00e4n\u00e4.<\/li>\n<\/ul>\n<ul>\n<li>V\u00e4ri: Musta tammi.<\/li>\n<li>Materiaali: Tekninen puu<\/li>\n<li>Yleiset mitat: 50 x 115 x 75 cm (P x L x K)<\/li>\n<li>Paino: 27 kg<\/li>\n<li>Kest\u00e4v\u00e4<\/li>\n<li>Laatikolla<\/li>\n<li>Kehysmateriaali: Tekninen puu<\/li>\n<li>1 ovella<\/li>\n<li>Sis\u00e4- \/ ulkotiloissa: Vain sis\u00e4k\u00e4ytt\u00f6\u00f6n<\/li>\n<li>Toimitus-:<\/li>\n<li>1 x p\u00f6yt\u00e4<\/li>\n<li>Kokoonpano vaaditaan: Kyll\u00e4<\/li>\n<\/ul>\n","protected":false},"excerpt":{"rendered":"<ul>\n<li>V\u00e4ri: Musta tammi.<\/li>\n<li>Materiaali: Tekninen puu<\/li>\n<li>Yleiset mitat: 50 x 115 x 75 cm (P x L x K)<\/li>\n<li>Paino: 27 kg<\/li>\n<li>Kest\u00e4v\u00e4<\/li>\n<li>Laatikolla<\/li>\n<li>Kehysmateriaali: Tekninen puu<\/li>\n<li>1 ovella<\/li>\n<li>Sis\u00e4- \/ ulkotiloissa: Vain sis\u00e4k\u00e4ytt\u00f6\u00f6n<\/li>\n<li>Toimitus-:<\/li>\n<li>1 x p\u00f6yt\u00e4<\/li>\n<li>Kokoonpano vaaditaan: Kyll\u00e4<\/li>\n<\/ul>\n","protected":false},"featured_media":100000202916,"comment_status":"closed","ping_status":"closed","template":"","meta":[],"product_brand":[],"product_cat":[84,8551],"product_tag":[],"class_list":{"0":"post-202916","1":"product","2":"type-product","3":"status-publish","4":"has-post-thumbnail","6":"product_cat-huonekalut","7":"product_cat-kirjoituspoydat","9":"first","10":"instock","11":"taxable","12":"shipping-taxable","13":"purchasable","14":"product-type-simple"},"_links":{"self":[{"href":"https:\/\/www.otiumhome.fi\/index.php\/wp-json\/wp\/v2\/product\/202916","targetHints":{"allow":["GET"]}}],"collection":[{"href":"https:\/\/www.otiumhome.fi\/index.php\/wp-json\/wp\/v2\/product"}],"about":[{"href":"https:\/\/www.otiumhome.fi\/index.php\/wp-json\/wp\/v2\/types\/product"}],"replies":[{"embeddable":true,"href":"https:\/\/www.otiumhome.fi\/index.php\/wp-json\/wp\/v2\/comments?post=202916"}],"wp:featuredmedia":[{"embeddable":true,"href":"https:\/\/www.otiumhome.fi\/index.php\/wp-json\/"}],"wp:attachment":[{"href":"https:\/\/www.otiumhome.fi\/index.php\/wp-json\/wp\/v2\/media?parent=202916"}],"wp:term":[{"taxonomy":"product_brand","embeddable":true,"href":"https:\/\/www.otiumhome.fi\/index.php\/wp-json\/wp\/v2\/product_brand?post=202916"},{"taxonomy":"product_cat","embeddable":true,"href":"https:\/\/www.otiumhome.fi\/index.php\/wp-json\/wp\/v2\/product_cat?post=202916"},{"taxonomy":"product_tag","embeddable":true,"href":"https:\/\/www.otiumhome.fi\/index.php\/wp-json\/wp\/v2\/product_tag?post=202916"}],"curies":[{"name":"wp","href":"https:\/\/api.w.org\/{rel}","templated":true}]}}