{"id":202903,"date":"2026-01-05T12:19:41","date_gmt":"2026-01-05T12:19:41","guid":{"rendered":"https:\/\/www.otiumhome.fi\/?p=202903"},"modified":"2026-01-13T17:00:50","modified_gmt":"2026-01-13T17:00:50","slug":"poyta-laatikon-kanssa-musta-tammi-80-x-40-x-75-cm-tekninen-puu","status":"publish","type":"product","link":"https:\/\/www.otiumhome.fi\/index.php\/tuote\/poyta-laatikon-kanssa-musta-tammi-80-x-40-x-75-cm-tekninen-puu\/","title":{"rendered":"P\u00f6yt\u00e4 laatikon kanssa Musta tammi. 80 x 40 x 75 cm Tekninen puu"},"content":{"rendered":"<p>Moderni p\u00f6yt\u00e4 on tyylik\u00e4s kirjoitusp\u00f6yt\u00e4, joka sopii hyvin niille, jotka arvostavat minimalismia ja k\u00e4yt\u00e4nn\u00f6llisyytt\u00e4. Sen siisti muotoilu ja laadukas k\u00e4sity\u00f6 parantavat opiskeluhuoneen tai toimiston ulkon\u00e4k\u00f6\u00e4. Ihanteellinen kirjoittamiseen tai tietokoneen k\u00e4ytt\u00f6\u00f6n, t\u00e4m\u00e4 p\u00f6yt\u00e4 antaa k\u00e4yt\u00e4nn\u00f6llisen ty\u00f6tilan ilman turhaa rauhattomuutta. Se sopii t\u00e4ydellisesti pienille alueille, jotka kaipaavat visuaalista nostetta.<\/p>\n<ul>\n<li><b>Tekninen puu k\u00e4sity\u00f6:<\/b> T\u00e4m\u00e4 materiaali on valittu sen kauniin pinnan vuoksi, ja se on kest\u00e4v\u00e4 ja helppohoitoinen. Se est\u00e4\u00e4 muodonmuutoksia ja taipumista, pit\u00e4en p\u00f6yd\u00e4n ilmeen siistin\u00e4 p\u00e4ivitt\u00e4isess\u00e4 k\u00e4yt\u00f6ss\u00e4.<\/li>\n<li><b>Laatikkotila:<\/b> P\u00f6yd\u00e4ss\u00e4 on k\u00e4yt\u00e4nn\u00f6lliset laatikot, jotka on valmistettu teknisest\u00e4 puusta. N\u00e4iss\u00e4 on tilaa kirjoitusv\u00e4lineille, muistiinpanoille tai muille tarvikkeille, mik\u00e4 auttaa pit\u00e4m\u00e4\u00e4n ty\u00f6tilan siistin\u00e4.<\/li>\n<li><b>Moderni estetiikka:<\/b> P\u00f6yd\u00e4ss\u00e4 on suorat linjat ja yksinkertainen design, joka sopii moneen sisustustyyliin. T\u00e4m\u00e4 tekee siit\u00e4 hienostuneen keskipisteen miss\u00e4 tahansa huoneessa.<\/li>\n<li><b>Tilank\u00e4yt\u00f6n tehokkuus:<\/b> Kompaktin koon ansiosta t\u00e4m\u00e4 p\u00f6yt\u00e4 on t\u00e4ydellinen pieniin tiloihin. Se maksimoi ty\u00f6skentelymahdollisuudet ahtailla alueilla.<\/li>\n<li><b>Yksinkertainen kokoaminen:<\/b> Suunniteltu helppoon kokoamiseen. Tarvitset vain ruuvimeisselin ja yhden henkil\u00f6n. Kokoonpano on nopeaa ja vaivattomasti, jotta p\u00e4\u00e4set nauttimaan p\u00f6yd\u00e4st\u00e4 nopeasti.<\/li>\n<\/ul>\n<ul>\n<li>V\u00e4ri: Musta tammi.<\/li>\n<li>Materiaali: Tekninen puu<\/li>\n<li>Yleiset mitat: 80 x 40 x 75 cm (P x L x K)<\/li>\n<li>Paino: 16,5 kg<\/li>\n<li>Kest\u00e4v\u00e4<\/li>\n<li>Laatikolla<\/li>\n<li>Sis\u00e4- \/ ulkotiloissa: Vain sis\u00e4k\u00e4ytt\u00f6\u00f6n<\/li>\n<li>Toimitus-:<\/li>\n<li>1 x p\u00f6yt\u00e4<\/li>\n<li>Kokoonpano vaaditaan: Kyll\u00e4<\/li>\n<\/ul>\n","protected":false},"excerpt":{"rendered":"<ul>\n<li>V\u00e4ri: Musta tammi.<\/li>\n<li>Materiaali: Tekninen puu<\/li>\n<li>Yleiset mitat: 80 x 40 x 75 cm (P x L x K)<\/li>\n<li>Paino: 16,5 kg<\/li>\n<li>Kest\u00e4v\u00e4<\/li>\n<li>Laatikolla<\/li>\n<li>Sis\u00e4- \/ ulkotiloissa: Vain sis\u00e4k\u00e4ytt\u00f6\u00f6n<\/li>\n<li>Toimitus-:<\/li>\n<li>1 x p\u00f6yt\u00e4<\/li>\n<li>Kokoonpano vaaditaan: Kyll\u00e4<\/li>\n<\/ul>\n","protected":false},"featured_media":100000202903,"comment_status":"closed","ping_status":"closed","template":"","meta":[],"product_brand":[],"product_cat":[84,8551],"product_tag":[],"class_list":{"0":"post-202903","1":"product","2":"type-product","3":"status-publish","4":"has-post-thumbnail","6":"product_cat-huonekalut","7":"product_cat-kirjoituspoydat","9":"first","10":"instock","11":"taxable","12":"shipping-taxable","13":"purchasable","14":"product-type-simple"},"_links":{"self":[{"href":"https:\/\/www.otiumhome.fi\/index.php\/wp-json\/wp\/v2\/product\/202903","targetHints":{"allow":["GET"]}}],"collection":[{"href":"https:\/\/www.otiumhome.fi\/index.php\/wp-json\/wp\/v2\/product"}],"about":[{"href":"https:\/\/www.otiumhome.fi\/index.php\/wp-json\/wp\/v2\/types\/product"}],"replies":[{"embeddable":true,"href":"https:\/\/www.otiumhome.fi\/index.php\/wp-json\/wp\/v2\/comments?post=202903"}],"wp:featuredmedia":[{"embeddable":true,"href":"https:\/\/www.otiumhome.fi\/index.php\/wp-json\/"}],"wp:attachment":[{"href":"https:\/\/www.otiumhome.fi\/index.php\/wp-json\/wp\/v2\/media?parent=202903"}],"wp:term":[{"taxonomy":"product_brand","embeddable":true,"href":"https:\/\/www.otiumhome.fi\/index.php\/wp-json\/wp\/v2\/product_brand?post=202903"},{"taxonomy":"product_cat","embeddable":true,"href":"https:\/\/www.otiumhome.fi\/index.php\/wp-json\/wp\/v2\/product_cat?post=202903"},{"taxonomy":"product_tag","embeddable":true,"href":"https:\/\/www.otiumhome.fi\/index.php\/wp-json\/wp\/v2\/product_tag?post=202903"}],"curies":[{"name":"wp","href":"https:\/\/api.w.org\/{rel}","templated":true}]}}