{"id":202827,"date":"2026-01-05T10:49:52","date_gmt":"2026-01-05T10:49:52","guid":{"rendered":"https:\/\/www.otiumhome.fi\/?p=202827"},"modified":"2026-01-17T12:35:34","modified_gmt":"2026-01-17T12:35:34","slug":"poyta-2-pcs-vanha-puu","status":"publish","type":"product","link":"https:\/\/www.otiumhome.fi\/index.php\/tuote\/poyta-2-pcs-vanha-puu\/","title":{"rendered":"P\u00f6yt\u00e4 2 pcs Vanha puu"},"content":{"rendered":"<p>T\u00e4m\u00e4 Tekninen puu ty\u00f6p\u00f6yt\u00e4 tarjoaa hienostunutta estetiikkaa ja k\u00e4yt\u00e4nn\u00f6llisyytt\u00e4, mik\u00e4 vet\u00e4\u00e4 puoleensa nykyaikaista ammattilaista. P\u00f6yt\u00e4 on loistava valinta toimistohuoneeseen sen tyylikk\u00e4iden linjojen ja v\u00e4h\u00e4isen koristelun my\u00f6t\u00e4, jotka ovat nykyaikaisen tyylin ytimess\u00e4. Laaja ty\u00f6skentelyalue houkuttelee luovuutta ja tuottavuutta. Luo ymp\u00e4rist\u00f6, joka kukoistaa yksinkertaisuudesta, k\u00e4ytt\u00e4en t\u00e4t\u00e4 p\u00f6yt\u00e4\u00e4 ty\u00f6tilan ankkurina. Sen ruskea viimeistely l\u00e4hes sulautuu mihin tahansa sisustukseen ja tuo huoneeseen eleganssia ja l\u00e4mp\u00f6\u00e4.<\/p>\n<ul>\n<li><b>Tekninen puu pinta<\/b> Rakennettu laadukkaasta teknisest\u00e4 puusta, kest\u00e4v\u00e4 ja voi kest\u00e4\u00e4 p\u00e4ivitt\u00e4ist\u00e4 k\u00e4ytt\u00f6\u00e4. T\u00e4m\u00e4 materiaali tarjoaa hyv\u00e4n tasapainon kest\u00e4vyyden ja estetiikan suhteen. Odota tyylik\u00e4st\u00e4, nykyaikaista ilmett\u00e4, joka k\u00e4y moneen eri ymp\u00e4rist\u00f6\u00f6n.<\/li>\n<li><b>Saranoidun oven s\u00e4ilytys<\/b> T\u00e4m\u00e4 p\u00f6yd\u00e4ss\u00e4 on saranoitu ovi, joka aukeaa varastotilan lis\u00e4\u00e4miseksi. Voit turvallisesti s\u00e4ilytt\u00e4\u00e4 kaikki tarpeesi, paperit ja muut toimistotarvikkeet. T\u00e4m\u00e4 rakenne auttaa pit\u00e4m\u00e4\u00e4n ty\u00f6tilasi j\u00e4rjestyksess\u00e4, v\u00e4hent\u00e4\u00e4 sotkua ja edist\u00e4\u00e4 harmonista ty\u00f6ymp\u00e4rist\u00f6\u00e4.<\/li>\n<li><b>Levyhyllyt<\/b> Hyllyt tarjoavat joustavia s\u00e4ilytysratkaisuja kirjojen ja koristeiden j\u00e4rjestelyyn. Ne ovat k\u00e4tevi\u00e4 ja tuovat visuaalista vieh\u00e4tyst\u00e4, sopii hyvin aktiivisiin ty\u00f6paikkoihin tai opiskelutiloihin. Design on vakaa ja helppok\u00e4ytt\u00f6inen, s\u00e4ilytt\u00e4en samalla tyylikk\u00e4\u00e4n ilmeen.<\/li>\n<li><b>Yksinkertaisuus ytimess\u00e4<\/b> T\u00e4m\u00e4n p\u00f6yd\u00e4n muotoilu perustuu modernin esteettisen ajattelun periaatteisiin, tarjoten k\u00e4yt\u00e4nn\u00f6n toiminnallisuutta ilman tarpeetonta monimutkaisuutta. Sen puhdas muoto tuo esiin toiminnalliset ty\u00f6skentelytavat, tukee luovia pyrkimyksi\u00e4 ja ammatillisia teht\u00e4vi\u00e4.<\/li>\n<li><b>Helppo yll\u00e4pito<\/b> P\u00f6yd\u00e4n puhdistus k\u00e4y helposti, sill\u00e4 siihen riitt\u00e4\u00e4 kostealla liinalla pyyhkiminen. Materiaalivalinnat varmistavat, ett\u00e4 p\u00f6yt\u00e4 pysyy vieh\u00e4tt\u00e4v\u00e4n\u00e4 pitk\u00e4\u00e4n ja kest\u00e4\u00e4 p\u00e4ivitt\u00e4ist\u00e4 k\u00e4ytt\u00f6\u00e4. T\u00e4m\u00e4 yksinkertainen hoitorutiini parantaa p\u00f6yd\u00e4n k\u00e4yt\u00e4nn\u00f6llisyytt\u00e4 ja tekee siit\u00e4 loistavan sijoituksen siistiin ja tyylikk\u00e4\u00e4n ty\u00f6tilaan.<\/li>\n<\/ul>\n<ul>\n<li>V\u00e4ri: Vanha puu<\/li>\n<li>Yleiset mitat: 133,5 x 50 x 124 cm (P x L x K)<\/li>\n<li>Mukana 3 saranoidut ovet<\/li>\n<li>Kest\u00e4v\u00e4<\/li>\n<li>Kokoonpano vaaditaan: Kyll\u00e4<\/li>\n<li>Toimitus-:<\/li>\n<li>1 x P\u00f6yt\u00e4: 102 x 50 x 124 cm (PxLxK)<\/li>\n<li>1 x Korkea kaappi: 31.5 x 32 x 122.5 cm (PxLxK)<\/li>\n<\/ul>\n","protected":false},"excerpt":{"rendered":"<ul>\n<li>V\u00e4ri: Vanha puu<\/li>\n<li>Yleiset mitat: 133,5 x 50 x 124 cm (P x L x K)<\/li>\n<li>Mukana 3 saranoidut ovet<\/li>\n<li>Kest\u00e4v\u00e4<\/li>\n<li>Kokoonpano vaaditaan: Kyll\u00e4<\/li>\n<li>Toimitus-:<\/li>\n<li>1 x P\u00f6yt\u00e4: 102 x 50 x 124 cm (PxLxK)<\/li>\n<li>1 x Korkea kaappi: 31.5 x 32 x 122.5 cm (PxLxK)<\/li>\n<\/ul>\n","protected":false},"featured_media":100000202827,"comment_status":"closed","ping_status":"closed","template":"","meta":[],"product_brand":[],"product_cat":[84,8551],"product_tag":[],"class_list":{"0":"post-202827","1":"product","2":"type-product","3":"status-publish","4":"has-post-thumbnail","6":"product_cat-huonekalut","7":"product_cat-kirjoituspoydat","9":"first","10":"instock","11":"taxable","12":"shipping-taxable","13":"purchasable","14":"product-type-simple"},"_links":{"self":[{"href":"https:\/\/www.otiumhome.fi\/index.php\/wp-json\/wp\/v2\/product\/202827","targetHints":{"allow":["GET"]}}],"collection":[{"href":"https:\/\/www.otiumhome.fi\/index.php\/wp-json\/wp\/v2\/product"}],"about":[{"href":"https:\/\/www.otiumhome.fi\/index.php\/wp-json\/wp\/v2\/types\/product"}],"replies":[{"embeddable":true,"href":"https:\/\/www.otiumhome.fi\/index.php\/wp-json\/wp\/v2\/comments?post=202827"}],"wp:featuredmedia":[{"embeddable":true,"href":"https:\/\/www.otiumhome.fi\/index.php\/wp-json\/"}],"wp:attachment":[{"href":"https:\/\/www.otiumhome.fi\/index.php\/wp-json\/wp\/v2\/media?parent=202827"}],"wp:term":[{"taxonomy":"product_brand","embeddable":true,"href":"https:\/\/www.otiumhome.fi\/index.php\/wp-json\/wp\/v2\/product_brand?post=202827"},{"taxonomy":"product_cat","embeddable":true,"href":"https:\/\/www.otiumhome.fi\/index.php\/wp-json\/wp\/v2\/product_cat?post=202827"},{"taxonomy":"product_tag","embeddable":true,"href":"https:\/\/www.otiumhome.fi\/index.php\/wp-json\/wp\/v2\/product_tag?post=202827"}],"curies":[{"name":"wp","href":"https:\/\/api.w.org\/{rel}","templated":true}]}}