{"id":202773,"date":"2026-01-04T08:36:33","date_gmt":"2026-01-04T08:36:33","guid":{"rendered":"https:\/\/www.otiumhome.fi\/?p=202773"},"modified":"2026-01-13T16:32:58","modified_gmt":"2026-01-13T16:32:58","slug":"keittiovaunu-vaha-ruskea-725-x-45-x-80-cm-massiivinen-manty","status":"publish","type":"product","link":"https:\/\/www.otiumhome.fi\/index.php\/tuote\/keittiovaunu-vaha-ruskea-725-x-45-x-80-cm-massiivinen-manty\/","title":{"rendered":"Keitti\u00f6vaunu Vaha ruskea 72,5 x 45 x 80 cm Massiivinen m\u00e4nty"},"content":{"rendered":"<p>T\u00e4m\u00e4 moderni keitti\u00f6vaunu tuo k\u00e4yt\u00e4nn\u00f6llisyytt\u00e4 ja tyylikkyytt\u00e4 mihin tahansa keitti\u00f6\u00f6n. Sen selke\u00e4t linjat ja yksinkertainen design sopivat t\u00e4ydellisesti nykyaikaisiin koteihin, lis\u00e4ten esteettisyytt\u00e4 ja toiminnallisuutta. T\u00e4ysm\u00e4ntytilasta valmistettu vaunu on kauniisti viimeistelty vastaamaan sisustustyyli\u00e4si. Aivan t\u00e4ydellinen ruoanlaiton yst\u00e4ville ja kotikokeille, t\u00e4m\u00e4 vaunu edist\u00e4\u00e4 tehokkuutta ja tyyli\u00e4 keitti\u00f6ss\u00e4si.<\/p>\n<ul>\n<li><b>Premium-rakenne:<\/b> T\u00e4m\u00e4 vaunu on valmistettu t\u00e4ysm\u00e4ntytilasta, joten se kest\u00e4\u00e4 p\u00e4ivitt\u00e4ist\u00e4 k\u00e4ytt\u00f6\u00e4. Luonnollinen puupinta tuo l\u00e4mp\u00f6\u00e4 keitti\u00f6\u00f6n ja materiaalivalinta takaa pitk\u00e4n k\u00e4ytt\u00f6i\u00e4n. Tyylill\u00e4 ja k\u00e4yt\u00e4nn\u00f6llisyydell\u00e4 t\u00e4m\u00e4 vaunu parantaa keitti\u00f6n tunnelmaa.<\/li>\n<li><b>Vaivaton liikkuminen:<\/b> Naudi helposti liikkuvasta vaunusta integroituja py\u00f6ri\u00e4 hy\u00f6dynt\u00e4en, jotka tekev\u00e4t liikkumisesta sujuvaa eri pinnoilla. Olitpa vastaanottamassa vieraita tai j\u00e4rjest\u00e4m\u00e4ss\u00e4 keitti\u00f6t\u00e4si, t\u00e4m\u00e4 ominaisuus tuo mukavuutta ja hy\u00f6dyllisyytt\u00e4 dynaamisiin ymp\u00e4rist\u00f6ihin. Py\u00f6r\u00e4t lukitsevat tiukasti paikalleen tuoden vakautta, kun vaunu on k\u00e4yt\u00f6ss\u00e4.<\/li>\n<li><b>Optimoidut s\u00e4ilytysratkaisut:<\/b> T\u00e4ss\u00e4 vaunussa on runsaasti s\u00e4ilytystilaa, eri osastot pit\u00e4v\u00e4t keitti\u00f6tarvikkeet j\u00e4rjestyksess\u00e4. Tilavat hyllyt mahtuvat astiastoille, k\u00e4ytt\u00e4ess\u00e4si my\u00f6s laatikoita ruokailuv\u00e4lineille. N\u00e4m\u00e4 ominaisuudet maksimoi keitti\u00f6tilan k\u00e4yt\u00f6n, luoden tehokkaan ja siistin ymp\u00e4rist\u00f6n.<\/li>\n<li><b>Monipuolinen k\u00e4ytt\u00f6:<\/b> T\u00e4m\u00e4 sis\u00e4k\u00e4ytt\u00f6\u00f6n suunniteltu vaunu mukautuu erilaisiin tarpeisiin, joten se on erinomainen apu ruokien valmistukseen tai kannettavaksi minibaariksi. Sen muunneltavuus varmistaa, ett\u00e4 se parantaa tuottavuutta kaikenlaisissa teht\u00e4viss\u00e4. T\u00e4m\u00e4 tekee vaunusta arvokkaan lis\u00e4yksen kotiisi.<\/li>\n<li><b>Helppo yll\u00e4pito:<\/b> Vaunu on helppo pit\u00e4\u00e4 puhtaana, pelkk\u00e4 kuivan liinan pyyhkiminen riitt\u00e4\u00e4 sen kunnossapitoon. V\u00e4lt\u00e4 voimakkaita kemikaaleja, jotta puun luonnollinen kiilto ja kest\u00e4vyys s\u00e4ilyv\u00e4t. Helppouden ja k\u00e4yt\u00e4nn\u00f6llisyyden korostaminen tekee t\u00e4st\u00e4 hoitorutiinista vaivatonta ja tyydytt\u00e4v\u00e4\u00e4 vuosien ajan.<\/li>\n<\/ul>\n<ul>\n<li>V\u00e4ri: Vaha ruskea<\/li>\n<li>Materiaali: Massiivinen m\u00e4nty<\/li>\n<li>Yleiset mitat: 72,5 x 45 x 80 cm (P x L x K)<\/li>\n<li>Paino: 19,5 kg<\/li>\n<li>Kest\u00e4v\u00e4<\/li>\n<li>Helppo liikutella<\/li>\n<li>Vain sis\u00e4k\u00e4ytt\u00f6\u00f6n<\/li>\n<li>Toimitus-:<\/li>\n<li>1 x Keitti\u00f6k\u00e4rry<\/li>\n<li>Kokoonpano vaaditaan: Kyll\u00e4<\/li>\n<\/ul>\n","protected":false},"excerpt":{"rendered":"<ul>\n<li>V\u00e4ri: Vaha ruskea<\/li>\n<li>Materiaali: Massiivinen m\u00e4nty<\/li>\n<li>Yleiset mitat: 72,5 x 45 x 80 cm (P x L x K)<\/li>\n<li>Paino: 19,5 kg<\/li>\n<li>Kest\u00e4v\u00e4<\/li>\n<li>Helppo liikutella<\/li>\n<li>Vain sis\u00e4k\u00e4ytt\u00f6\u00f6n<\/li>\n<li>Toimitus-:<\/li>\n<li>1 x Keitti\u00f6k\u00e4rry<\/li>\n<li>Kokoonpano vaaditaan: Kyll\u00e4<\/li>\n<\/ul>\n","protected":false},"featured_media":100000202773,"comment_status":"closed","ping_status":"closed","template":"","meta":[],"product_brand":[],"product_cat":[84,8546],"product_tag":[],"class_list":{"0":"post-202773","1":"product","2":"type-product","3":"status-publish","4":"has-post-thumbnail","6":"product_cat-huonekalut","7":"product_cat-keittion-ruokasalin-tarjoiluvaunut","9":"first","10":"instock","11":"taxable","12":"shipping-taxable","13":"purchasable","14":"product-type-simple"},"_links":{"self":[{"href":"https:\/\/www.otiumhome.fi\/index.php\/wp-json\/wp\/v2\/product\/202773","targetHints":{"allow":["GET"]}}],"collection":[{"href":"https:\/\/www.otiumhome.fi\/index.php\/wp-json\/wp\/v2\/product"}],"about":[{"href":"https:\/\/www.otiumhome.fi\/index.php\/wp-json\/wp\/v2\/types\/product"}],"replies":[{"embeddable":true,"href":"https:\/\/www.otiumhome.fi\/index.php\/wp-json\/wp\/v2\/comments?post=202773"}],"wp:featuredmedia":[{"embeddable":true,"href":"https:\/\/www.otiumhome.fi\/index.php\/wp-json\/"}],"wp:attachment":[{"href":"https:\/\/www.otiumhome.fi\/index.php\/wp-json\/wp\/v2\/media?parent=202773"}],"wp:term":[{"taxonomy":"product_brand","embeddable":true,"href":"https:\/\/www.otiumhome.fi\/index.php\/wp-json\/wp\/v2\/product_brand?post=202773"},{"taxonomy":"product_cat","embeddable":true,"href":"https:\/\/www.otiumhome.fi\/index.php\/wp-json\/wp\/v2\/product_cat?post=202773"},{"taxonomy":"product_tag","embeddable":true,"href":"https:\/\/www.otiumhome.fi\/index.php\/wp-json\/wp\/v2\/product_tag?post=202773"}],"curies":[{"name":"wp","href":"https:\/\/api.w.org\/{rel}","templated":true}]}}