{"id":202771,"date":"2026-01-04T00:56:42","date_gmt":"2026-01-04T00:56:42","guid":{"rendered":"https:\/\/www.otiumhome.fi\/?p=202771"},"modified":"2026-01-13T15:59:18","modified_gmt":"2026-01-13T15:59:18","slug":"ruokapoydat-tekninen-puu","status":"publish","type":"product","link":"https:\/\/www.otiumhome.fi\/index.php\/tuote\/ruokapoydat-tekninen-puu\/","title":{"rendered":"Ruokap\u00f6yd\u00e4t Tekninen puu"},"content":{"rendered":"<p>T\u00e4m\u00e4 ruokap\u00f6yt\u00e4 on suunniteltu keitti\u00f6\u00f6n ja ruokailuhuoneeseen, ja se yhdist\u00e4\u00e4 modernin tyylin k\u00e4yt\u00e4nn\u00f6llisyyteen. Se on keskipiste aterioinnissa, kokoontumisissa ja p\u00e4ivitt\u00e4isiss\u00e4 askareissa, tuoden tilaan sek\u00e4 tyyli\u00e4 ett\u00e4 k\u00e4ytt\u00f6mukavuutta. Suorakulmainen muoto helpottaa p\u00f6yd\u00e4n sijoittamista eri huoneisiin, ja se tarjoaa monipuolisen alustan ruokailuun ja sosiaaliseen kanssak\u00e4ymiseen. Yksinkertainen ja elegantti muotoilu sulautuu nykyaikaisiin koteihin, joissa arvostetaan toiminnallista muotoilua yhdess\u00e4 esteettisen kauneuden kanssa.<\/p>\n<ul>\n<li><b>Kest\u00e4vi\u00e4 materiaaleja:<\/b> P\u00f6yd\u00e4n pinta on tehty teknisest\u00e4 puusta, joka on kest\u00e4v\u00e4 ja hienon n\u00e4k\u00f6inen. Metallijalat ja kehys tekev\u00e4t siit\u00e4 tukevan ja varma, joten se kest\u00e4\u00e4 p\u00e4ivitt\u00e4ist\u00e4 k\u00e4ytt\u00f6\u00e4tyylikkyys k\u00e4rsim\u00e4tt\u00e4.<\/li>\n<li><b>K\u00e4yt\u00e4nn\u00f6llinen muotoilu:<\/b> Suorakulmainen muoto mahdollistaa p\u00f6yd\u00e4n sopimisen erilaisiin tiloihin. Sen mitat tekev\u00e4t siit\u00e4 loistavan intiimeihin aterioihin ja suurempiin kokoontumisiin, mik\u00e4 lis\u00e4\u00e4 sen monipuolisuutta ja vieh\u00e4tyst\u00e4.<\/li>\n<li><b>Helppo puhdistus:<\/b> T\u00e4m\u00e4n ruokap\u00f6yd\u00e4n huolto on simppeli. Sen pinta puhdistuu kostealla liinalla, joten voit keskitty\u00e4 enemm\u00e4n el\u00e4misest\u00e4 ja v\u00e4hemm\u00e4n siivoamiseen.<\/li>\n<li><b>K\u00e4yt\u00e4nn\u00f6llinen kokoaminen:<\/b> Kokoaminen vaatii kaksi henkil\u00f6\u00e4 ja ruuvimeisselin, mutta se on helppoa. K\u00e4ytt\u00e4j\u00e4yst\u00e4v\u00e4llinen, joten voit nopeasti nauttia uudesta huonekaluestasi.<\/li>\n<li><b>Tyylik\u00e4s ulkon\u00e4k\u00f6:<\/b> Moderni design, puhtaat linjat ja hillitty tyyli tekev\u00e4t t\u00e4st\u00e4 p\u00f6yd\u00e4st\u00e4 monipuolisen sisustuselementin, joka sopii sek\u00e4 moderneihin ett\u00e4 perinteisiin tiloihin.<\/li>\n<\/ul>\n<ul>\n<li>Materiaali: Tekninen puu<\/li>\n<li>Yleiset mitat: 70 x 70 x 105 cm (P x L x K)<\/li>\n<li>Kest\u00e4v\u00e4<\/li>\n<li>Kest\u00e4v\u00e4<\/li>\n<li>Helppo puhdistaa<\/li>\n<li>Kehysmateriaali: Metalli<\/li>\n<li>Vain sis\u00e4k\u00e4ytt\u00f6\u00f6n<\/li>\n<li>Toimitus-:<\/li>\n<li>1 x Ruokap\u00f6yt\u00e4<\/li>\n<li>Kokoonpano vaaditaan: Kyll\u00e4<\/li>\n<\/ul>\n","protected":false},"excerpt":{"rendered":"<ul>\n<li>Materiaali: Tekninen puu<\/li>\n<li>Yleiset mitat: 70 x 70 x 105 cm (P x L x K)<\/li>\n<li>Kest\u00e4v\u00e4<\/li>\n<li>Kest\u00e4v\u00e4<\/li>\n<li>Helppo puhdistaa<\/li>\n<li>Kehysmateriaali: Metalli<\/li>\n<li>Vain sis\u00e4k\u00e4ytt\u00f6\u00f6n<\/li>\n<li>Toimitus-:<\/li>\n<li>1 x Ruokap\u00f6yt\u00e4<\/li>\n<li>Kokoonpano vaaditaan: Kyll\u00e4<\/li>\n<\/ul>\n","protected":false},"featured_media":100000202771,"comment_status":"closed","ping_status":"closed","template":"","meta":[],"product_brand":[],"product_cat":[84,8543],"product_tag":[],"class_list":{"0":"post-202771","1":"product","2":"type-product","3":"status-publish","4":"has-post-thumbnail","6":"product_cat-huonekalut","7":"product_cat-keittion-ruokapoydat","9":"first","10":"instock","11":"taxable","12":"shipping-taxable","13":"purchasable","14":"product-type-simple"},"_links":{"self":[{"href":"https:\/\/www.otiumhome.fi\/index.php\/wp-json\/wp\/v2\/product\/202771","targetHints":{"allow":["GET"]}}],"collection":[{"href":"https:\/\/www.otiumhome.fi\/index.php\/wp-json\/wp\/v2\/product"}],"about":[{"href":"https:\/\/www.otiumhome.fi\/index.php\/wp-json\/wp\/v2\/types\/product"}],"replies":[{"embeddable":true,"href":"https:\/\/www.otiumhome.fi\/index.php\/wp-json\/wp\/v2\/comments?post=202771"}],"wp:featuredmedia":[{"embeddable":true,"href":"https:\/\/www.otiumhome.fi\/index.php\/wp-json\/"}],"wp:attachment":[{"href":"https:\/\/www.otiumhome.fi\/index.php\/wp-json\/wp\/v2\/media?parent=202771"}],"wp:term":[{"taxonomy":"product_brand","embeddable":true,"href":"https:\/\/www.otiumhome.fi\/index.php\/wp-json\/wp\/v2\/product_brand?post=202771"},{"taxonomy":"product_cat","embeddable":true,"href":"https:\/\/www.otiumhome.fi\/index.php\/wp-json\/wp\/v2\/product_cat?post=202771"},{"taxonomy":"product_tag","embeddable":true,"href":"https:\/\/www.otiumhome.fi\/index.php\/wp-json\/wp\/v2\/product_tag?post=202771"}],"curies":[{"name":"wp","href":"https:\/\/api.w.org\/{rel}","templated":true}]}}