{"id":202745,"date":"2026-01-03T22:41:44","date_gmt":"2026-01-03T22:41:44","guid":{"rendered":"https:\/\/www.otiumhome.fi\/?p=202745"},"modified":"2026-01-13T16:17:26","modified_gmt":"2026-01-13T16:17:26","slug":"ruokapenkki-artisan-tammi-100-x-325-x-485-cm","status":"publish","type":"product","link":"https:\/\/www.otiumhome.fi\/index.php\/tuote\/ruokapenkki-artisan-tammi-100-x-325-x-485-cm\/","title":{"rendered":"Ruokapenkki Artisan tammi 100 x 32,5 x 48,5 cm"},"content":{"rendered":"<p>T\u00e4\u00e4 teknisest\u00e4 puusta tehty ruokapenkki yhdist\u00e4\u00e4 modernin muotoilun ja monipuolisuuden, tarjoten sek\u00e4 tyyli\u00e4 ett\u00e4 k\u00e4yt\u00e4nn\u00f6llisyytt\u00e4 sun tilaan. Ilman selk\u00e4nojaa se on tyylikk\u00e4\u00e4n minimalistinen ja toimii t\u00e4ydellisesti ruokasalissa, olohuoneessa tai makuuhuoneessa. Sen elegantti pinta tuo tilaan hienostuneen ilmeen, joka korostaa nykyaikaista sisustusta.<\/p>\n<ul>\n<li><b>Kest\u00e4v\u00e4 materiaali:<\/b> Penkki on valmistettu laadukkaasta teknisest\u00e4 puusta, mik\u00e4 takaa luotettavan istumiskokemuksen pitk\u00e4\u00e4n. Ter\u00e4ksiset osat tekev\u00e4t siit\u00e4 vakaan ja kest\u00e4v\u00e4n, joten saat siit\u00e4 pitk\u00e4ik\u00e4isen kumppanin. Sen tyylikk\u00e4\u00e4t muotoiluelementit sopivat moniin sisustuksiin.<\/li>\n<li><b>T\u00e4rke\u00e4t osat:<\/b> Kest\u00e4v\u00e4 ter\u00e4spilari tuo erinomaisen tuen, ja penkki sopii p\u00e4ivitt\u00e4iseen k\u00e4ytt\u00f6\u00f6n vaivatta. Teknisen puun pinta on mukavan sile\u00e4 istua. Jokainen osa on mietitty tarkasti, ja sen rakenne luo luottamusta.<\/li>\n<li><b>Toiminnallinen muotoilu:<\/b> Korkeuss\u00e4\u00e4dett\u00e4v\u00e4 penkki mukautuu tarpeisiin, joten se k\u00e4y moniin istumaj\u00e4rjestelyihin. Monik\u00e4ytt\u00f6inen muotoilu tekee siit\u00e4 helposti siirrett\u00e4v\u00e4n eri tilaisuuksiin, olipa kyseess\u00e4 ruoka- tai rentoushetki.<\/li>\n<li><b>Monipuolinen k\u00e4ytt\u00f6:<\/b> T\u00e4m\u00e4 penkki on t\u00e4ydellinen ruokailu-, makuuhuone- tai olohuonek\u00e4ytt\u00f6\u00f6n, tarjoten mukautuvaa istumista. Se toimii hyvin vieraidesi kanssa ruokap\u00f6yd\u00e4n \u00e4\u00e4ress\u00e4 tai parantaa makuuhuoneen tunnelmaa, t\u00e4ytt\u00e4en kaikki tarpeesi.<\/li>\n<li><b>Yll\u00e4pito ja huolenpito:<\/b> Helppohoitoinen penkki vaatii vain p\u00f6lyn pyyhkimist\u00e4 kostealla liinalla. V\u00e4lt\u00e4 voimakkaita kemikaaleja ja suoraa auringonvaloa pintakosketuksen suojelemiseksi. N\u00e4m\u00e4 yksinkertaiset vinkit auttavat pit\u00e4m\u00e4\u00e4n penkin erinomaisessa kunnossa.<\/li>\n<\/ul>\n<ul>\n<li>V\u00e4ri: Artisan tammi<\/li>\n<li>Materiaali: Kehitetty puu ja ter\u00e4s<\/li>\n<li>Yleiset mitat: 100 x 32,5 x 48,5 cm (P x L x K)<\/li>\n<li>Paino: 8,83 kg<\/li>\n<li>Kest\u00e4v\u00e4<\/li>\n<li>Korkeuss\u00e4\u00e4dett\u00e4v\u00e4<\/li>\n<li>Monipuolinen k\u00e4ytt\u00f6<\/li>\n<li>Istuinalue: 32,5 x 100 cm (L x S)<\/li>\n<li>Istuimen korkeus maasta: 48,5 cm<\/li>\n<li>Kehysmateriaali: Ter\u00e4s<\/li>\n<li>Enimm\u00e4ispaino: 110 kg per istuin<\/li>\n<li>Vain sis\u00e4k\u00e4ytt\u00f6\u00f6n<\/li>\n<li>Toimitus-:<\/li>\n<li>1 x ruokapenkki<\/li>\n<li>Kokoonpano vaaditaan: Kyll\u00e4<\/li>\n<\/ul>\n","protected":false},"excerpt":{"rendered":"<ul>\n<li>V\u00e4ri: Artisan tammi<\/li>\n<li>Materiaali: Kehitetty puu ja ter\u00e4s<\/li>\n<li>Yleiset mitat: 100 x 32,5 x 48,5 cm (P x L x K)<\/li>\n<li>Paino: 8,83 kg<\/li>\n<li>Kest\u00e4v\u00e4<\/li>\n<li>Korkeuss\u00e4\u00e4dett\u00e4v\u00e4<\/li>\n<li>Monipuolinen k\u00e4ytt\u00f6<\/li>\n<li>Istuinalue: 32,5 x 100 cm (L x S)<\/li>\n<li>Istuimen korkeus maasta: 48,5 cm<\/li>\n<li>Kehysmateriaali: Ter\u00e4s<\/li>\n<li>Enimm\u00e4ispaino: 110 kg per istuin<\/li>\n<li>Vain sis\u00e4k\u00e4ytt\u00f6\u00f6n<\/li>\n<li>Toimitus-:<\/li>\n<li>1 x ruokapenkki<\/li>\n<li>Kokoonpano vaaditaan: Kyll\u00e4<\/li>\n<\/ul>\n","protected":false},"featured_media":100000202745,"comment_status":"closed","ping_status":"closed","template":"","meta":[],"product_brand":[],"product_cat":[84,8541],"product_tag":[],"class_list":{"0":"post-202745","1":"product","2":"type-product","3":"status-publish","4":"has-post-thumbnail","6":"product_cat-huonekalut","7":"product_cat-keittio-ruokapoydan-penkit","9":"first","10":"instock","11":"taxable","12":"shipping-taxable","13":"purchasable","14":"product-type-simple"},"_links":{"self":[{"href":"https:\/\/www.otiumhome.fi\/index.php\/wp-json\/wp\/v2\/product\/202745","targetHints":{"allow":["GET"]}}],"collection":[{"href":"https:\/\/www.otiumhome.fi\/index.php\/wp-json\/wp\/v2\/product"}],"about":[{"href":"https:\/\/www.otiumhome.fi\/index.php\/wp-json\/wp\/v2\/types\/product"}],"replies":[{"embeddable":true,"href":"https:\/\/www.otiumhome.fi\/index.php\/wp-json\/wp\/v2\/comments?post=202745"}],"wp:featuredmedia":[{"embeddable":true,"href":"https:\/\/www.otiumhome.fi\/index.php\/wp-json\/"}],"wp:attachment":[{"href":"https:\/\/www.otiumhome.fi\/index.php\/wp-json\/wp\/v2\/media?parent=202745"}],"wp:term":[{"taxonomy":"product_brand","embeddable":true,"href":"https:\/\/www.otiumhome.fi\/index.php\/wp-json\/wp\/v2\/product_brand?post=202745"},{"taxonomy":"product_cat","embeddable":true,"href":"https:\/\/www.otiumhome.fi\/index.php\/wp-json\/wp\/v2\/product_cat?post=202745"},{"taxonomy":"product_tag","embeddable":true,"href":"https:\/\/www.otiumhome.fi\/index.php\/wp-json\/wp\/v2\/product_tag?post=202745"}],"curies":[{"name":"wp","href":"https:\/\/api.w.org\/{rel}","templated":true}]}}