{"id":202722,"date":"2026-01-03T17:51:43","date_gmt":"2026-01-03T17:51:43","guid":{"rendered":"https:\/\/www.otiumhome.fi\/?p=202722"},"modified":"2026-01-13T16:32:57","modified_gmt":"2026-01-13T16:32:57","slug":"eteinen-penkki-valkoinen-115-x-40-x-45-cm-massiivinen-manty","status":"publish","type":"product","link":"https:\/\/www.otiumhome.fi\/index.php\/tuote\/eteinen-penkki-valkoinen-115-x-40-x-45-cm-massiivinen-manty\/","title":{"rendered":"Eteinen penkki Valkoinen 115 x 40 x 45 cm Massiivinen m\u00e4nty"},"content":{"rendered":"<p>T\u00e4m\u00e4 moderni k\u00e4yt\u00e4v\u00e4n penkki on must-have jokaisessa nykyaikaisessa sis\u00e4\u00e4nk\u00e4ynniss\u00e4. Tyylik\u00e4s ja k\u00e4yt\u00e4nn\u00f6llinen penkki tuo k\u00e4yt\u00e4villesi sek\u00e4 toiminnallisuutta ett\u00e4 esteettisyytt\u00e4. Suorakaiteen muotoinen, sen puhtaat linjat ilment\u00e4v\u00e4t modernia designia ja tuovat esiin t\u00e4ysm\u00e4ntyisen puun luonnollista l\u00e4mp\u00f6\u00e4. Se on paitsi tukeva istuin my\u00f6s monipuolinen s\u00e4ilytysratkaisu. Olitpa menossa tai tulossa, sen tilavat s\u00e4ilytysosastot huolehtivat tavaroistasi, ja kaikki on piilossa mukavan istuinosan alla.<\/p>\n<ul>\n<li><b>T\u00e4ysi m\u00e4nty:<\/b> T\u00e4m\u00e4 penkki on tehty kokonaan t\u00e4ysm\u00e4ntypuusta, joka on valittu luonnollisen kauneuden ja tukevuuden vuoksi. Puun kauniit tekstuurit luovat l\u00e4mpim\u00e4n ja kutsuvan tunnelman, joka sopii hienosti moderneihin koteihin. Kest\u00e4v\u00e4 rakenne takaa pitk\u00e4n k\u00e4ytt\u00f6i\u00e4n, vaikka k\u00e4yt\u00e4t sit\u00e4 p\u00e4ivitt\u00e4in, joten se on t\u00e4ydellinen kiireisiin perheisiin.<\/li>\n<li><b>Perusteelliset komponentit:<\/b> Jokainen penkin osa, jalat, runko, pinta, laatikot ja hyllyt ovat valmistettu kokonaan t\u00e4ysm\u00e4ntypuusta. T\u00e4m\u00e4 yhdenmukaisuus takaa tasapainoisen ilmeen ja kest\u00e4v\u00e4n laadun kaikissa osissa. Reunavadit antavat penkille virtaviivaisen ulkon\u00e4\u00f6n, parantaen minimalistista tyyli\u00e4 ja helpottavat s\u00e4ilytystilaan p\u00e4\u00e4sy\u00e4.<\/li>\n<li><b>Toiminnallisuus ja muotoilu:<\/b> Penkki yhdist\u00e4\u00e4 kauniisti tyylin ja k\u00e4yt\u00e4nn\u00f6llisyyden, tarjoten reilusti s\u00e4ilytystilaa integroituine laatikoineen ja hyllyineen. Sen muotoilu sopii t\u00e4ydellisesti minimalistiseen estetiikkaan, ja se sulautuu ongelmitta mihin tahansa nykyaikaiseen sisustukseen. Suorakaiteen muoto maksimoi tilan k\u00e4yt\u00f6n mutta tarjoaa silti mukavaa istumatilaa kiireisiin sis\u00e4\u00e4nk\u00e4ynteihin.<\/li>\n<li><b>Monik\u00e4ytt\u00f6isyys:<\/b> T\u00e4m\u00e4 penkki on suunniteltu k\u00e4yt\u00e4ville ja se palvelee moneen tarkoitukseen eri tiloissa. Se toimii sek\u00e4 istuinten ett\u00e4 s\u00e4ilytysratkaisuna, t\u00e4ydent\u00e4en kenkien, laukkujen tai avainten j\u00e4rjest\u00e4mist\u00e4, ja mahdollistaa siistin kodin ymp\u00e4rist\u00f6n.<\/li>\n<li><b>Helppo huolto:<\/b> Penkin puhtaanapito on vaivatonta &#8211; pyyhi vain kuivalla liinalla. T\u00e4m\u00e4 helppo huolto tekee siit\u00e4 loistavan vaihtoehdon niille, jotka etsiv\u00e4t v\u00e4h\u00e4huoltoista mutta tyylik\u00e4st\u00e4 lis\u00e4yst\u00e4 tilaan. <\/li>\n<\/ul>\n<ul>\n<li>V\u00e4ri: Valkoinen<\/li>\n<li>Materiaali: Massiivinen m\u00e4nty<\/li>\n<li>Yleiset mitat: 115 x 40 x 45 cm (P x L x K)<\/li>\n<li>Paino: 15,55 kg<\/li>\n<li>Kest\u00e4v\u00e4<\/li>\n<li>Runsaasti s\u00e4ilytystilaa<\/li>\n<li>1 hyllyll\u00e4<\/li>\n<li>Istuimen korkeus maasta: 45 cm<\/li>\n<li>Kehysmateriaali: T\u00e4ysi m\u00e4nty<\/li>\n<li>Vain sis\u00e4k\u00e4ytt\u00f6\u00f6n<\/li>\n<li>Toimitus-:<\/li>\n<li>1 x k\u00e4yt\u00e4v\u00e4n penkki<\/li>\n<li>Kokoonpano vaaditaan: Kyll\u00e4<\/li>\n<\/ul>\n","protected":false},"excerpt":{"rendered":"<ul>\n<li>V\u00e4ri: Valkoinen<\/li>\n<li>Materiaali: Massiivinen m\u00e4nty<\/li>\n<li>Yleiset mitat: 115 x 40 x 45 cm (P x L x K)<\/li>\n<li>Paino: 15,55 kg<\/li>\n<li>Kest\u00e4v\u00e4<\/li>\n<li>Runsaasti s\u00e4ilytystilaa<\/li>\n<li>1 hyllyll\u00e4<\/li>\n<li>Istuimen korkeus maasta: 45 cm<\/li>\n<li>Kehysmateriaali: T\u00e4ysi m\u00e4nty<\/li>\n<li>Vain sis\u00e4k\u00e4ytt\u00f6\u00f6n<\/li>\n<li>Toimitus-:<\/li>\n<li>1 x k\u00e4yt\u00e4v\u00e4n penkki<\/li>\n<li>Kokoonpano vaaditaan: Kyll\u00e4<\/li>\n<\/ul>\n","protected":false},"featured_media":100000202722,"comment_status":"closed","ping_status":"closed","template":"","meta":[],"product_brand":[],"product_cat":[8538,84],"product_tag":[],"class_list":{"0":"post-202722","1":"product","2":"type-product","3":"status-publish","4":"has-post-thumbnail","6":"product_cat-eteis-sailytyspenkit","7":"product_cat-huonekalut","9":"first","10":"instock","11":"taxable","12":"shipping-taxable","13":"purchasable","14":"product-type-simple"},"_links":{"self":[{"href":"https:\/\/www.otiumhome.fi\/index.php\/wp-json\/wp\/v2\/product\/202722","targetHints":{"allow":["GET"]}}],"collection":[{"href":"https:\/\/www.otiumhome.fi\/index.php\/wp-json\/wp\/v2\/product"}],"about":[{"href":"https:\/\/www.otiumhome.fi\/index.php\/wp-json\/wp\/v2\/types\/product"}],"replies":[{"embeddable":true,"href":"https:\/\/www.otiumhome.fi\/index.php\/wp-json\/wp\/v2\/comments?post=202722"}],"wp:featuredmedia":[{"embeddable":true,"href":"https:\/\/www.otiumhome.fi\/index.php\/wp-json\/"}],"wp:attachment":[{"href":"https:\/\/www.otiumhome.fi\/index.php\/wp-json\/wp\/v2\/media?parent=202722"}],"wp:term":[{"taxonomy":"product_brand","embeddable":true,"href":"https:\/\/www.otiumhome.fi\/index.php\/wp-json\/wp\/v2\/product_brand?post=202722"},{"taxonomy":"product_cat","embeddable":true,"href":"https:\/\/www.otiumhome.fi\/index.php\/wp-json\/wp\/v2\/product_cat?post=202722"},{"taxonomy":"product_tag","embeddable":true,"href":"https:\/\/www.otiumhome.fi\/index.php\/wp-json\/wp\/v2\/product_tag?post=202722"}],"curies":[{"name":"wp","href":"https:\/\/api.w.org\/{rel}","templated":true}]}}