{"id":202717,"date":"2026-01-03T17:46:48","date_gmt":"2026-01-03T17:46:48","guid":{"rendered":"https:\/\/www.otiumhome.fi\/?p=202717"},"modified":"2026-01-13T15:49:54","modified_gmt":"2026-01-13T15:49:54","slug":"halli-penkki-tyynylla-hyllylla-savupahkina-103-x-38-x-45-cm","status":"publish","type":"product","link":"https:\/\/www.otiumhome.fi\/index.php\/tuote\/halli-penkki-tyynylla-hyllylla-savupahkina-103-x-38-x-45-cm\/","title":{"rendered":"Halli penkki tyynyll\u00e4 hyllyll\u00e4 Savup\u00e4hkin\u00e4 103 x 38 x 45 cm"},"content":{"rendered":"<p>T\u00e4\u00e4 moderni eteisen penkki tuo tyylikkyytt\u00e4 mihin tahansa k\u00e4yt\u00e4v\u00e4\u00e4n: se yhdist\u00e4\u00e4 muotoilun ja k\u00e4yt\u00e4nn\u00f6llisyyden. Suorakaiteen muotoinen ja mukava istuinpehmustus tuo nykyaikaisen tunnelman oleskelutilaan. Sen puhtaat linjat sopii hyvin erilaisiin sisustuksiin ja luo hienostuneen fiiliksen. Suurin osa penkist\u00e4 on tehty teknisest\u00e4 puusta, ja se tuo esille kauniita puuviilupintoja, jotka lis\u00e4\u00e4 sen yleis\u00f6\u00e4.<\/p>\n<ul>\n<li><b>Tekninen puu<\/b> Penkin runko, mukaan lukien jalat ja hyllyt, on tehty teknisest\u00e4 puusta. T\u00e4m\u00e4 materiaali antaa tukevan rungon, joka kest\u00e4\u00e4 painoa, ja sen kauniit puuviilupinnat lis\u00e4\u00e4v\u00e4t eleganttia ilmett\u00e4. Kest\u00e4v\u00e4 pinta, joka kest\u00e4\u00e4 kulutusta, tekee penkist\u00e4 k\u00e4ytt\u00f6kelpoisen oikein pitk\u00e4\u00e4n.<\/li>\n<li><b>K\u00e4tev\u00e4t s\u00e4ilytyshyllyt<\/b> Suunniteltu k\u00e4yt\u00e4nn\u00f6llisyytt\u00e4 silm\u00e4ll\u00e4 pit\u00e4en, penkiss\u00e4 on hyllyt, jotka tarjoavat runsaasti s\u00e4ilytystilaa kengille ja muille tavaroille. Suorat, lautamaiset hyllyt on valmistettu erilaisista materiaaleista, muun muassa MDF:st\u00e4, jolloin j\u00e4rjest\u00e4minen on vaivatonta. N\u00e4m\u00e4 s\u00e4ilytyskomponentit tekev\u00e4t k\u00e4yt\u00e4v\u00e4st\u00e4 siistin ja muuntaa tilan k\u00e4yt\u00e4nn\u00f6lliseksi ja mukavaksi.<\/li>\n<li><b>Mukavuutta istumiseen<\/b> Penkin koko pituus on pehmustettu, joten istuminen on mukavaa kaikille. Pehmustepinta luo luksusta, muuttaen penkin t\u00e4ydelliseksi rentoutumispaikaksi. Mukavuus on kunniapaikalla, ja se integroituu t\u00e4ydellisesti p\u00e4ivitt\u00e4isiin rutiineihin.<\/li>\n<li><b>Yksinkertainen moderni muotoilu<\/b> Suorat jalat ja pelkistetty tyyli luo rohkean modernin ilmeen, joka sopii nykyaikaiseen estetiikkaan. T\u00e4m\u00e4 tyyli ei ainoastaan tee penkist\u00e4 erottuvaa, vaan se auttaa my\u00f6s yhdist\u00e4m\u00e4\u00e4n sen moderneihin sisustuksiin, luoden yhten\u00e4isen ilmeen.<\/li>\n<li><b>Helppo hoidettava<\/b> Puhdistussuositus yksinkertaiselle puhdistukselle kostealla liinalla tekee sen yll\u00e4pidosta helppoa. Materiaalit kest\u00e4v\u00e4t yleist\u00e4 puhdistusta ilman hankalia tapoja, joten ihmiset voi k\u00e4ytt\u00e4\u00e4 v\u00e4hemm\u00e4n aikaa hoitoon ja enemm\u00e4n nauttimiseen. Nopealla puhdistuksella pidet\u00e4\u00e4n se parhaassa kunnossa p\u00e4ivitt\u00e4in.<\/li>\n<\/ul>\n<p><strong>T\u00e4rke\u00e4\u00e4 tiet\u00e4\u00e4:<\/strong><\/p>\n<ul>\n<li>Enimm\u00e4ispaino 110 kg per paikka.<\/li>\n<\/ul>\n<ul>\n<li>V\u00e4ri: Savup\u00e4hkin\u00e4<\/li>\n<li>Yleiset mitat: 103 x 38 x 45 cm (P x L x K)<\/li>\n<li>Paino: 15,3 kg<\/li>\n<li>S\u00e4ilytystila<\/li>\n<li>Kest\u00e4v\u00e4<\/li>\n<li>Pehme\u00e4 ja mukava istuintyyny<\/li>\n<li>Kauniit puun syyt<\/li>\n<li>Mukana 1 laatikkohylly<\/li>\n<li>Istuinalue: 100 x 38 cm (L x S)<\/li>\n<li>Enimm\u00e4ispaino: 110 kg per istuin<\/li>\n<li>Vain sis\u00e4k\u00e4ytt\u00f6\u00f6n<\/li>\n<li>Kokoonpano vaaditaan: Kyll\u00e4<\/li>\n<\/ul>\n","protected":false},"excerpt":{"rendered":"<ul>\n<li>V\u00e4ri: Savup\u00e4hkin\u00e4<\/li>\n<li>Yleiset mitat: 103 x 38 x 45 cm (P x L x K)<\/li>\n<li>Paino: 15,3 kg<\/li>\n<li>S\u00e4ilytystila<\/li>\n<li>Kest\u00e4v\u00e4<\/li>\n<li>Pehme\u00e4 ja mukava istuintyyny<\/li>\n<li>Kauniit puun syyt<\/li>\n<li>Mukana 1 laatikkohylly<\/li>\n<li>Istuinalue: 100 x 38 cm (L x S)<\/li>\n<li>Enimm\u00e4ispaino: 110 kg per istuin<\/li>\n<li>Vain sis\u00e4k\u00e4ytt\u00f6\u00f6n<\/li>\n<li>Kokoonpano vaaditaan: Kyll\u00e4<\/li>\n<\/ul>\n","protected":false},"featured_media":100000202717,"comment_status":"closed","ping_status":"closed","template":"","meta":[],"product_brand":[],"product_cat":[8538,84],"product_tag":[],"class_list":{"0":"post-202717","1":"product","2":"type-product","3":"status-publish","4":"has-post-thumbnail","6":"product_cat-eteis-sailytyspenkit","7":"product_cat-huonekalut","9":"first","10":"instock","11":"taxable","12":"shipping-taxable","13":"purchasable","14":"product-type-simple"},"_links":{"self":[{"href":"https:\/\/www.otiumhome.fi\/index.php\/wp-json\/wp\/v2\/product\/202717","targetHints":{"allow":["GET"]}}],"collection":[{"href":"https:\/\/www.otiumhome.fi\/index.php\/wp-json\/wp\/v2\/product"}],"about":[{"href":"https:\/\/www.otiumhome.fi\/index.php\/wp-json\/wp\/v2\/types\/product"}],"replies":[{"embeddable":true,"href":"https:\/\/www.otiumhome.fi\/index.php\/wp-json\/wp\/v2\/comments?post=202717"}],"wp:featuredmedia":[{"embeddable":true,"href":"https:\/\/www.otiumhome.fi\/index.php\/wp-json\/"}],"wp:attachment":[{"href":"https:\/\/www.otiumhome.fi\/index.php\/wp-json\/wp\/v2\/media?parent=202717"}],"wp:term":[{"taxonomy":"product_brand","embeddable":true,"href":"https:\/\/www.otiumhome.fi\/index.php\/wp-json\/wp\/v2\/product_brand?post=202717"},{"taxonomy":"product_cat","embeddable":true,"href":"https:\/\/www.otiumhome.fi\/index.php\/wp-json\/wp\/v2\/product_cat?post=202717"},{"taxonomy":"product_tag","embeddable":true,"href":"https:\/\/www.otiumhome.fi\/index.php\/wp-json\/wp\/v2\/product_tag?post=202717"}],"curies":[{"name":"wp","href":"https:\/\/api.w.org\/{rel}","templated":true}]}}