{"id":202712,"date":"2026-01-03T17:46:43","date_gmt":"2026-01-03T17:46:43","guid":{"rendered":"https:\/\/www.otiumhome.fi\/?p=202712"},"modified":"2026-01-13T15:49:53","modified_gmt":"2026-01-13T15:49:53","slug":"halli-penkki-tyynylla-artisan-tammi-103-x-38-x-40-cm","status":"publish","type":"product","link":"https:\/\/www.otiumhome.fi\/index.php\/tuote\/halli-penkki-tyynylla-artisan-tammi-103-x-38-x-40-cm\/","title":{"rendered":"Halli penkki tyynyll\u00e4 Artisan tammi 103 x 38 x 40 cm"},"content":{"rendered":"<p>T\u00e4m\u00e4 moderni aula penkki yhdist\u00e4\u00e4 tyylin ja k\u00e4yt\u00e4nn\u00f6llisyyden, sill\u00e4 sen sleek, suorakaiteen muotoinen muotoilu vieh\u00e4tt\u00e4\u00e4 ja rikastuttaa mit\u00e4 tahansa k\u00e4yt\u00e4v\u00e4\u00e4 tai eteist\u00e4. Puhtaat linjat ja minimalistisuus edustavat nykyp\u00e4iv\u00e4n estetiikkaa, mik\u00e4 tekee siit\u00e4 t\u00e4ydellisen niille, jotka arvostavat yksinkertaisuutta ja k\u00e4yt\u00e4nn\u00f6llisyytt\u00e4. Olipa kyseess\u00e4 eteinen tai k\u00e4yt\u00e4v\u00e4, t\u00e4m\u00e4 penkki tuo istumatilaa ja visuaalista vieh\u00e4tyst\u00e4, kutsuen perhett\u00e4 ja vieraita rentoutumaan mukavassa ymp\u00e4rist\u00f6ss\u00e4.<\/p>\n<ul><\/br><\/p>\n<li><b>Materiaalit:<\/b> Penkki on tehty teknisest\u00e4 puusta, joka tuo vakautta ja kauniin puusyykuvion. Rakenne takaa pitk\u00e4n k\u00e4ytt\u00f6i\u00e4n, tehden siit\u00e4 luotettavan lis\u00e4n mihin tahansa kotiin. Sleek puupinta korostaa penkin modernia muotoilua, tarjoamalla kest\u00e4v\u00e4n ja houkuttelevan viimeistelyn.<\/li>\n<p><\/br><\/p>\n<li><b>Pehme\u00e4 tyyny:<\/b> Penkki on varustettu suurella pehmusteella, joka ulottuu koko istuinosan yli, tarjoten mukavaa istumista. K\u00e4ytetty kangas tuo ihanan tekstuurin, muuttaen odottamiset tai lepohetken oikeaksi mukavuudeksi, sopii p\u00e4ivitt\u00e4iseen k\u00e4ytt\u00f6\u00f6n.<\/li>\n<p><\/br><\/p>\n<li><b>Kest\u00e4v\u00e4 rakenne:<\/b> Suunniteltu kest\u00e4m\u00e4\u00e4n, t\u00e4m\u00e4 penkki takaa hyv\u00e4n tuen k\u00e4ytt\u00e4jille. Neli\u00f6jalat teknisest\u00e4 puusta tarjoavat tukevan perustan, tehden siit\u00e4 loistavan valinnan sek\u00e4 kest\u00e4v\u00e4n ett\u00e4 tyylikk\u00e4\u00e4n huonekalun.<\/li>\n<p><\/br><\/p>\n<li><b>Yksinkertaisuus &amp; toimivuus:<\/b> T\u00e4m\u00e4n penkin moderni tyyli erottuu puhtain linjoin ja minimaalisin yksityiskohdin, tarjoamalla k\u00e4yt\u00e4nn\u00f6llist\u00e4 muotoilua, joka sopii moderniin kotiin. Se on mahtava valinta niille, jotka haluavat hy\u00f6dynt\u00e4\u00e4 tilaa tehokkaasti ilman, ett\u00e4 tyylist\u00e4 tingit\u00e4\u00e4n.<\/li>\n<p><\/br><\/p>\n<li><b>Hoito &amp; yll\u00e4pito:<\/b> Yll\u00e4pito on helppoa; pyyhkim\u00e4ll\u00e4 kostealla liinalla voit pit\u00e4\u00e4 sen priimakunnossa. Ei tarvita monimutkaisempia puhdistustoimia, joten penkki s\u00e4ilytt\u00e4\u00e4 elegantin ulkon\u00e4k\u00f6ns\u00e4 vaivattomasti.<\/li>\n<p><\/br><\/ul>\n<p><strong>T\u00e4rke\u00e4\u00e4 tiet\u00e4\u00e4:<\/strong><\/p>\n<ul>\n<li>Enimm\u00e4ispaino 110 kg per paikka.<\/li>\n<\/ul>\n<ul>\n<li>V\u00e4ri: Artisan tammi<\/li>\n<li>Yleiset mitat: 103 x 38 x 40 cm (P x L x K)<\/li>\n<li>Paino: 10,18 kg<\/li>\n<li>Kest\u00e4v\u00e4<\/li>\n<li>Pehme\u00e4 ja mukava istuintyyny<\/li>\n<li>Kauniit puun syyt<\/li>\n<li>Istuinalue: 100 x 38 cm (L x S)<\/li>\n<li>Enimm\u00e4ispaino: 110 kg per istuin<\/li>\n<li>Vain sis\u00e4k\u00e4ytt\u00f6\u00f6n<\/li>\n<li>Kokoonpano vaaditaan: Kyll\u00e4<\/li>\n<\/ul>\n","protected":false},"excerpt":{"rendered":"<ul>\n<li>V\u00e4ri: Artisan tammi<\/li>\n<li>Yleiset mitat: 103 x 38 x 40 cm (P x L x K)<\/li>\n<li>Paino: 10,18 kg<\/li>\n<li>Kest\u00e4v\u00e4<\/li>\n<li>Pehme\u00e4 ja mukava istuintyyny<\/li>\n<li>Kauniit puun syyt<\/li>\n<li>Istuinalue: 100 x 38 cm (L x S)<\/li>\n<li>Enimm\u00e4ispaino: 110 kg per istuin<\/li>\n<li>Vain sis\u00e4k\u00e4ytt\u00f6\u00f6n<\/li>\n<li>Kokoonpano vaaditaan: Kyll\u00e4<\/li>\n<\/ul>\n","protected":false},"featured_media":100000202712,"comment_status":"closed","ping_status":"closed","template":"","meta":[],"product_brand":[],"product_cat":[8538,84],"product_tag":[],"class_list":{"0":"post-202712","1":"product","2":"type-product","3":"status-publish","4":"has-post-thumbnail","6":"product_cat-eteis-sailytyspenkit","7":"product_cat-huonekalut","9":"first","10":"instock","11":"taxable","12":"shipping-taxable","13":"purchasable","14":"product-type-simple"},"_links":{"self":[{"href":"https:\/\/www.otiumhome.fi\/index.php\/wp-json\/wp\/v2\/product\/202712","targetHints":{"allow":["GET"]}}],"collection":[{"href":"https:\/\/www.otiumhome.fi\/index.php\/wp-json\/wp\/v2\/product"}],"about":[{"href":"https:\/\/www.otiumhome.fi\/index.php\/wp-json\/wp\/v2\/types\/product"}],"replies":[{"embeddable":true,"href":"https:\/\/www.otiumhome.fi\/index.php\/wp-json\/wp\/v2\/comments?post=202712"}],"wp:featuredmedia":[{"embeddable":true,"href":"https:\/\/www.otiumhome.fi\/index.php\/wp-json\/"}],"wp:attachment":[{"href":"https:\/\/www.otiumhome.fi\/index.php\/wp-json\/wp\/v2\/media?parent=202712"}],"wp:term":[{"taxonomy":"product_brand","embeddable":true,"href":"https:\/\/www.otiumhome.fi\/index.php\/wp-json\/wp\/v2\/product_brand?post=202712"},{"taxonomy":"product_cat","embeddable":true,"href":"https:\/\/www.otiumhome.fi\/index.php\/wp-json\/wp\/v2\/product_cat?post=202712"},{"taxonomy":"product_tag","embeddable":true,"href":"https:\/\/www.otiumhome.fi\/index.php\/wp-json\/wp\/v2\/product_tag?post=202712"}],"curies":[{"name":"wp","href":"https:\/\/api.w.org\/{rel}","templated":true}]}}