{"id":202678,"date":"2026-01-03T16:25:56","date_gmt":"2026-01-03T16:25:56","guid":{"rendered":"https:\/\/www.otiumhome.fi\/?p=202678"},"modified":"2026-01-16T04:53:21","modified_gmt":"2026-01-16T04:53:21","slug":"halli-penkki-tyynylla-harmaa-sonoma-100-x-38-x-46-cm","status":"publish","type":"product","link":"https:\/\/www.otiumhome.fi\/index.php\/tuote\/halli-penkki-tyynylla-harmaa-sonoma-100-x-38-x-46-cm\/","title":{"rendered":"Halli penkki tyynyll\u00e4 Harmaa Sonoma 100 x 38 x 46 cm"},"content":{"rendered":"<p>T\u00e4m\u00e4 moderni hallin penkki yhdist\u00e4\u00e4 tyyli\u00e4 ja k\u00e4yt\u00e4nn\u00f6llisyytt\u00e4. Suorakulmainen muotoilu sopii moneen eri sisustukseen, tuoden tilaan raikasta ilmett\u00e4. Loistava valinta niille, jotka arvostavat kauniita ja toimivia huonekaluja. Sen monipuolisuus tuo kutsuvan tunnelman niin vieraille kuin perheellekin.<\/p>\n<ul>\n<li><b>Tyylik\u00e4s ulkoasu:<\/b> Penkin moderni muotoilu esittelee siisti\u00e4 suorakulmaista muotoa ja pehme\u00e4\u00e4 tyyny\u00e4. Se t\u00e4ydent\u00e4\u00e4 sis\u00e4\u00e4nk\u00e4ynti\u00e4 ja sopii hyvin moderniin, minimalistiseen tilaan.<\/li>\n<li><b>K\u00e4yt\u00e4nn\u00f6llinen s\u00e4ilytys:<\/b> Integroitu s\u00e4ilytystila tekee t\u00e4st\u00e4 penkist\u00e4 t\u00e4ydellisen k\u00e4yt\u00e4v\u00e4n j\u00e4rjest\u00e4miseen. Voit s\u00e4ilytt\u00e4\u00e4 siin\u00e4 kenki\u00e4, laukkuja tai muita p\u00e4ivitt\u00e4isi\u00e4 tarpeita, pit\u00e4en elintilat siistein\u00e4.<\/li>\n<li><b>Mukavuus &amp; Ergonomia:<\/b> Pehme\u00e4 tyyny tarjoaa mukavuutta ja rentoutumista. Sen kest\u00e4v\u00e4 rakenne tukee, joten penkki on hyv\u00e4 valinta perheille.<\/li>\n<li><b>S\u00e4\u00e4dett\u00e4v\u00e4 &amp; Vakaa:<\/b> S\u00e4\u00e4dett\u00e4vien jalkojen ansiosta penkki pysyy tukevasti ep\u00e4tasaisilla pinnoilla, tuoden turvallisuutta koteihin, joissa liikkuu paljon porukkaa.<\/li>\n<li><b>Yksinkertainen huolto:<\/b> Pyyhi penkki vain kostealla liinalla, niin se pysyy siistin\u00e4. Helppohoitoinen penkki yll\u00e4pit\u00e4\u00e4 sis\u00e4\u00e4nk\u00e4yntisi tyyli\u00e4 vaivattomasti.<\/li>\n<\/ul>\n<p><strong>T\u00e4rke\u00e4\u00e4 tiet\u00e4\u00e4:<\/strong><\/p>\n<ul>\n<li>Enimm\u00e4ispaino 110 kg per paikka.<\/li>\n<\/ul>\n<ul>\n<li>V\u00e4ri: Harmaa sonoma<\/li>\n<li>Materiaali: Lastulevy ja verhoilukangas<\/li>\n<li>Yleiset mitat: 100 x 38 x 46 cm (P x L x K)<\/li>\n<li>Paino: 23,02 kg<\/li>\n<li>S\u00e4ilytystila<\/li>\n<li>Kest\u00e4v\u00e4<\/li>\n<li>S\u00e4\u00e4dett\u00e4v\u00e4t Jalat<\/li>\n<li>Pehme\u00e4 ja mukava istuintyyny<\/li>\n<li>Kauniit puun syyt<\/li>\n<li>2 laatikoilla<\/li>\n<li>Istuinalue: 100 x 38 cm (L x S)<\/li>\n<li>Enimm\u00e4ispaino: 110 kg per istuin<\/li>\n<li>Vain sis\u00e4k\u00e4ytt\u00f6\u00f6n<\/li>\n<li>Toimitus-:<\/li>\n<li>1 x Hallipenkkki<\/li>\n<li>Kokoonpano vaaditaan: Kyll\u00e4<\/li>\n<\/ul>\n","protected":false},"excerpt":{"rendered":"<ul>\n<li>V\u00e4ri: Harmaa sonoma<\/li>\n<li>Materiaali: Lastulevy ja verhoilukangas<\/li>\n<li>Yleiset mitat: 100 x 38 x 46 cm (P x L x K)<\/li>\n<li>Paino: 23,02 kg<\/li>\n<li>S\u00e4ilytystila<\/li>\n<li>Kest\u00e4v\u00e4<\/li>\n<li>S\u00e4\u00e4dett\u00e4v\u00e4t Jalat<\/li>\n<li>Pehme\u00e4 ja mukava istuintyyny<\/li>\n<li>Kauniit puun syyt<\/li>\n<li>2 laatikoilla<\/li>\n<li>Istuinalue: 100 x 38 cm (L x S)<\/li>\n<li>Enimm\u00e4ispaino: 110 kg per istuin<\/li>\n<li>Vain sis\u00e4k\u00e4ytt\u00f6\u00f6n<\/li>\n<li>Toimitus-:<\/li>\n<li>1 x Hallipenkkki<\/li>\n<li>Kokoonpano vaaditaan: Kyll\u00e4<\/li>\n<\/ul>\n","protected":false},"featured_media":100000202678,"comment_status":"closed","ping_status":"closed","template":"","meta":[],"product_brand":[],"product_cat":[8538,84],"product_tag":[],"class_list":{"0":"post-202678","1":"product","2":"type-product","3":"status-publish","4":"has-post-thumbnail","6":"product_cat-eteis-sailytyspenkit","7":"product_cat-huonekalut","9":"first","10":"instock","11":"taxable","12":"shipping-taxable","13":"purchasable","14":"product-type-simple"},"_links":{"self":[{"href":"https:\/\/www.otiumhome.fi\/index.php\/wp-json\/wp\/v2\/product\/202678","targetHints":{"allow":["GET"]}}],"collection":[{"href":"https:\/\/www.otiumhome.fi\/index.php\/wp-json\/wp\/v2\/product"}],"about":[{"href":"https:\/\/www.otiumhome.fi\/index.php\/wp-json\/wp\/v2\/types\/product"}],"replies":[{"embeddable":true,"href":"https:\/\/www.otiumhome.fi\/index.php\/wp-json\/wp\/v2\/comments?post=202678"}],"wp:featuredmedia":[{"embeddable":true,"href":"https:\/\/www.otiumhome.fi\/index.php\/wp-json\/"}],"wp:attachment":[{"href":"https:\/\/www.otiumhome.fi\/index.php\/wp-json\/wp\/v2\/media?parent=202678"}],"wp:term":[{"taxonomy":"product_brand","embeddable":true,"href":"https:\/\/www.otiumhome.fi\/index.php\/wp-json\/wp\/v2\/product_brand?post=202678"},{"taxonomy":"product_cat","embeddable":true,"href":"https:\/\/www.otiumhome.fi\/index.php\/wp-json\/wp\/v2\/product_cat?post=202678"},{"taxonomy":"product_tag","embeddable":true,"href":"https:\/\/www.otiumhome.fi\/index.php\/wp-json\/wp\/v2\/product_tag?post=202678"}],"curies":[{"name":"wp","href":"https:\/\/api.w.org\/{rel}","templated":true}]}}