{"id":202635,"date":"2026-01-03T14:29:32","date_gmt":"2026-01-03T14:29:32","guid":{"rendered":"https:\/\/www.otiumhome.fi\/?p=202635"},"modified":"2026-01-13T16:36:34","modified_gmt":"2026-01-13T16:36:34","slug":"sailytyskaappi-sailytystilassa-antrasiitti-80-x-40-x-105-cm","status":"publish","type":"product","link":"https:\/\/www.otiumhome.fi\/index.php\/tuote\/sailytyskaappi-sailytystilassa-antrasiitti-80-x-40-x-105-cm\/","title":{"rendered":"S\u00e4ilytyskaappi s\u00e4ilytystilassa Antrasiitti 80 x 40 x 105 cm"},"content":{"rendered":"<p>T\u00e4m\u00e4 moderni s\u00e4ilytyskaappi on tyylik\u00e4s ja toiminnallinen lis\u00e4 mihin tahansa moderniin tai teollisuusaiheiseen tilaan. Kylm\u00e4valssattu ter\u00e4srakenne tarjoaa kest\u00e4vytt\u00e4 ja tyylikk\u00e4\u00e4n metallisen ilmeen, joka sopii hyvin t\u00e4rkeiden tavaroiden suojaamiseen tai toimistotarvikkeiden organisointiin. Suunniteltu monik\u00e4ytt\u00f6iseksi, t\u00e4m\u00e4 lukittava kaappi sopii erilaisiin ymp\u00e4rist\u00f6ihin, kohottaen toimiston, ty\u00f6n tai kotitoimiston esteettist\u00e4 ja k\u00e4yt\u00e4nn\u00f6llist\u00e4 puolta hyvin suunnitellun rakenteensa ja kompaktin muotonsa ansiosta.<\/p>\n<ul>\n<li><b>Kylm\u00e4valssattu ter\u00e4s:<\/b> T\u00e4m\u00e4 kaappi on valmistettu kylm\u00e4valssatusta ter\u00e4ksest\u00e4, joka takaa luotettavan keston ja vahvan vastustuskyvyn p\u00e4ivitt\u00e4isi\u00e4 kulutuksia vastaan. Materiaalivalinta parantaa sek\u00e4 kauneutta ett\u00e4 k\u00e4ytt\u00f6ik\u00e4\u00e4, ja se t\u00e4ytt\u00e4\u00e4 monenlaisia s\u00e4ilytystarpeita s\u00e4ilytt\u00e4en samalla rakenteensa eheyden ajan kanssa.<\/li>\n<li><b>Lukittavat ovet:<\/b> Kaapissa on lukittavat ovet, jotka tarjoavat lis\u00e4turvaa arvokkaille tavaroille tai herkille asiakirjoille. T\u00e4m\u00e4 ominaisuus on erityisen hy\u00f6dyllinen toimistotiloissa, joissa yksityisyys ja luottamuksellisuus ovat t\u00e4rke\u00e4mpi\u00e4, tai kotona, miss\u00e4 lasten turvallisuus on etusijalla.<\/li>\n<li><b>Teollinen ja moderni muotoilu:<\/b> Tyylik\u00e4s muotoilu yhdist\u00e4\u00e4 teollisia elementtej\u00e4 moderniin minimalismiin, parantaen urbaanien loftien tai tyylikk\u00e4iden toimistojen tunnelmaa. Sen maalattu pinta tuo suojakerroksen naarmuja vastaan ja saa aikaan vieh\u00e4tt\u00e4v\u00e4n kiillon, mik\u00e4 tekee siit\u00e4 sek\u00e4 toimivan ett\u00e4 koristeellisen.<\/li>\n<li><b>Runsaasti s\u00e4ilytystilaa:<\/b> T\u00e4m\u00e4 kaappi tarjoaa paljon tilaa erilaisten esineiden, kuten toimistotarvikkeiden tai henkil\u00f6kohtaisten tavaroiden s\u00e4ilytt\u00e4miseen, mik\u00e4 helpottaa organisoimista eri alueilla.<\/li>\n<li><b>Helppo hoito ja yll\u00e4pito:<\/b> Kaapin pit\u00e4minen puhtaana on yksinkertaista; se vaatii vain satunnaista pyyhkimist\u00e4 kostealla liinalla, jotta sen pinnoitus pysyy moitteettomana. V\u00e4lt\u00e4 voimakkaita kemikaaleja, jotta pinta ei vahingoitu ja kaappi n\u00e4ytt\u00e4\u00e4 tyylikk\u00e4\u00e4lt\u00e4 viel\u00e4 pitk\u00e4\u00e4n.<\/li>\n<\/ul>\n<ul>\n<li>V\u00e4ri: Antrasiitti<\/li>\n<li>Materiaali: Kylm\u00e4valssattu ter\u00e4s<\/li>\n<li>Viimeistely: Maalattu<\/li>\n<li>Yleiset mitat: 80 x 40 x 105 cm (P x L x K)<\/li>\n<li>Paino: 23,9 kg<\/li>\n<li>Runsaasti s\u00e4ilytystilaa<\/li>\n<li>Ruostumaton<\/li>\n<li>Korroosionkest\u00e4v\u00e4<\/li>\n<li>Lukittavat ovet<\/li>\n<li>Vain sis\u00e4k\u00e4ytt\u00f6\u00f6n<\/li>\n<li>Toimitus-:<\/li>\n<li>1 x S\u00e4ilytyskaappi<\/li>\n<li>Kokoonpano vaaditaan: Kyll\u00e4<\/li>\n<\/ul>\n","protected":false},"excerpt":{"rendered":"<ul>\n<li>V\u00e4ri: Antrasiitti<\/li>\n<li>Materiaali: Kylm\u00e4valssattu ter\u00e4s<\/li>\n<li>Viimeistely: Maalattu<\/li>\n<li>Yleiset mitat: 80 x 40 x 105 cm (P x L x K)<\/li>\n<li>Paino: 23,9 kg<\/li>\n<li>Runsaasti s\u00e4ilytystilaa<\/li>\n<li>Ruostumaton<\/li>\n<li>Korroosionkest\u00e4v\u00e4<\/li>\n<li>Lukittavat ovet<\/li>\n<li>Vain sis\u00e4k\u00e4ytt\u00f6\u00f6n<\/li>\n<li>Toimitus-:<\/li>\n<li>1 x S\u00e4ilytyskaappi<\/li>\n<li>Kokoonpano vaaditaan: Kyll\u00e4<\/li>\n<\/ul>\n","protected":false},"featured_media":100000202635,"comment_status":"closed","ping_status":"closed","template":"","meta":[],"product_brand":[],"product_cat":[8535,84],"product_tag":[],"class_list":{"0":"post-202635","1":"product","2":"type-product","3":"status-publish","4":"has-post-thumbnail","6":"product_cat-arkistokaapit","7":"product_cat-huonekalut","9":"first","10":"instock","11":"taxable","12":"shipping-taxable","13":"purchasable","14":"product-type-simple"},"_links":{"self":[{"href":"https:\/\/www.otiumhome.fi\/index.php\/wp-json\/wp\/v2\/product\/202635","targetHints":{"allow":["GET"]}}],"collection":[{"href":"https:\/\/www.otiumhome.fi\/index.php\/wp-json\/wp\/v2\/product"}],"about":[{"href":"https:\/\/www.otiumhome.fi\/index.php\/wp-json\/wp\/v2\/types\/product"}],"replies":[{"embeddable":true,"href":"https:\/\/www.otiumhome.fi\/index.php\/wp-json\/wp\/v2\/comments?post=202635"}],"wp:featuredmedia":[{"embeddable":true,"href":"https:\/\/www.otiumhome.fi\/index.php\/wp-json\/"}],"wp:attachment":[{"href":"https:\/\/www.otiumhome.fi\/index.php\/wp-json\/wp\/v2\/media?parent=202635"}],"wp:term":[{"taxonomy":"product_brand","embeddable":true,"href":"https:\/\/www.otiumhome.fi\/index.php\/wp-json\/wp\/v2\/product_brand?post=202635"},{"taxonomy":"product_cat","embeddable":true,"href":"https:\/\/www.otiumhome.fi\/index.php\/wp-json\/wp\/v2\/product_cat?post=202635"},{"taxonomy":"product_tag","embeddable":true,"href":"https:\/\/www.otiumhome.fi\/index.php\/wp-json\/wp\/v2\/product_tag?post=202635"}],"curies":[{"name":"wp","href":"https:\/\/api.w.org\/{rel}","templated":true}]}}