{"id":202600,"date":"2026-01-03T08:50:34","date_gmt":"2026-01-03T08:50:34","guid":{"rendered":"https:\/\/www.otiumhome.fi\/?p=202600"},"modified":"2026-01-13T16:32:57","modified_gmt":"2026-01-13T16:32:57","slug":"yopoyta-ruskea-30-x-30-x-47-cm-kierratetty-massiivinen-puu","status":"publish","type":"product","link":"https:\/\/www.otiumhome.fi\/index.php\/tuote\/yopoyta-ruskea-30-x-30-x-47-cm-kierratetty-massiivinen-puu\/","title":{"rendered":"Y\u00f6p\u00f6yt\u00e4 Ruskea 30 x 30 x 47 cm Kierr\u00e4tetty massiivinen puu"},"content":{"rendered":"<p>T\u00e4\u00e4 y\u00f6p\u00f6yt\u00e4 tuo esiin rustiikkista eleganssia ja on t\u00e4ydellinen makuuhuoneeseen, jossa arvostetaan tyyli\u00e4 ja k\u00e4yt\u00e4nn\u00f6llisyytt\u00e4. Kierr\u00e4tetyst\u00e4 t\u00e4yspuusta valmistettuna, se korostaa luonnollista kauneutta, tehden jokaisesta kappaleesta ainutlaatuisen. Syv\u00e4n ruskean v\u00e4rin lis\u00e4ksi messinkikahvat luo l\u00e4mp\u00f6\u00e4 ja perinteisen tuntuman, samalla kun k\u00e4yt\u00e4nn\u00f6llinen muotoilu tarjoaa hyvin tilaa y\u00f6aikaisille tavaroille. T\u00e4m\u00e4 y\u00f6p\u00f6yt\u00e4 on loistava valinta, jos etsit yhdistelm\u00e4\u00e4 rustiikkista ja tyylik\u00e4st\u00e4, sill\u00e4 se tuo sek\u00e4 k\u00e4yt\u00e4nn\u00f6llisyytt\u00e4 ett\u00e4 n\u00e4ytt\u00e4v\u00e4\u00e4 ilmett\u00e4.<\/p>\n<ul>\n<li><b>Kierr\u00e4tetyst\u00e4 puusta tehty rakenne:<\/b> Y\u00f6p\u00f6yt\u00e4 on valmistettu kest\u00e4v\u00e4st\u00e4 kierr\u00e4tetyst\u00e4 puusta, jossa on ainutlaatuiset kuviot ja kauniit pinnat, jotka tuovat luonnon kauneutta sis\u00e4\u00e4n. Vankka rakenne takaa pitk\u00e4ik\u00e4isyyden ja toimii my\u00f6s ymp\u00e4rist\u00f6tietoisena valintana. Luonnollinen pinta luo l\u00e4mpim\u00e4n tunnelman, joka sopii sek\u00e4 rustiikkisiin ett\u00e4 moderniin makuuhuoneeseen.<\/li>\n<li><b>Tyylikk\u00e4\u00e4t messinkikahvat:<\/b> Messinkikahvat tuo lis\u00e4\u00e4 tyyli\u00e4 ja ylellisyytt\u00e4. Ne yhdist\u00e4\u00e4 k\u00e4yt\u00e4nn\u00f6llisyyden ja estetiikan, ja tekee laatikoiden k\u00e4yt\u00f6st\u00e4 helppoa.<\/li>\n<li><b>K\u00e4yt\u00e4nn\u00f6lliset s\u00e4ilytysratkaisut:<\/b> Y\u00f6p\u00f6yd\u00e4ss\u00e4 on sek\u00e4 laatikko ett\u00e4 hylly, mik\u00e4 tarjoaa monipuolista s\u00e4ilytystilaa. Laatikko on t\u00e4ydellinen henkil\u00f6kohtaisten tavaroiden s\u00e4ilytt\u00e4miseen, ja avoin hylly on k\u00e4tev\u00e4 kirjoille, koristeille tai y\u00f6p\u00f6yt\u00e4lamppuille.<\/li>\n<li><b>Kest\u00e4v\u00e4 materiaalivalinta:<\/b> T\u00e4ss\u00e4 p\u00f6yd\u00e4ss\u00e4 k\u00e4ytet\u00e4\u00e4n merkitt\u00e4v\u00e4sti kierr\u00e4tetty\u00e4 puuta, mik\u00e4 v\u00e4hent\u00e4\u00e4 uuden puun tarvetta ja edist\u00e4\u00e4 ymp\u00e4rist\u00f6yst\u00e4v\u00e4llisyytt\u00e4. Se osoittaa vastuullisten valintojen t\u00e4rkeytt\u00e4 ja niiden positiivista vaikutusta ymp\u00e4rist\u00f6\u00f6n.<\/li>\n<li><b>Erityinen muotoilu:<\/b> Rustiikkinen puupinta yhdistettyn\u00e4 metallisiin elementteihin, kuten messinkikahvoihin, tekee y\u00f6p\u00f6yd\u00e4st\u00e4 monipuolisesti houkuttelevan. Se sopii erinomaisesti erilaisiin sisustustyyleihin, moderneista vintage-rustiikkisiin, varmistaen helpon integroinnin omaan tilaan.<\/li>\n<\/ul>\n<ul>\n<li>V\u00e4ri: Ruskea<\/li>\n<li>Materiaali: Kierr\u00e4tetty massiivinen puu<\/li>\n<li>Yleiset mitat: 30 x 30 x 47 cm (P x L x K)<\/li>\n<li>Paino: 6,42 kg<\/li>\n<li>Laatikolla<\/li>\n<li>1 hyllyll\u00e4<\/li>\n<li>Sis\u00e4- &amp; ulkotila: Vain sis\u00e4k\u00e4ytt\u00f6\u00f6n<\/li>\n<li>Toimitus-:<\/li>\n<li>1 x Y\u00f6p\u00f6yt\u00e4<\/li>\n<\/ul>\n","protected":false},"excerpt":{"rendered":"<ul>\n<li>V\u00e4ri: Ruskea<\/li>\n<li>Materiaali: Kierr\u00e4tetty massiivinen puu<\/li>\n<li>Yleiset mitat: 30 x 30 x 47 cm (P x L x K)<\/li>\n<li>Paino: 6,42 kg<\/li>\n<li>Laatikolla<\/li>\n<li>1 hyllyll\u00e4<\/li>\n<li>Sis\u00e4- &amp; ulkotila: Vain sis\u00e4k\u00e4ytt\u00f6\u00f6n<\/li>\n<li>Toimitus-:<\/li>\n<li>1 x Y\u00f6p\u00f6yt\u00e4<\/li>\n<\/ul>\n","protected":false},"featured_media":100000202600,"comment_status":"closed","ping_status":"closed","template":"","meta":[],"product_brand":[],"product_cat":[8534,84,8533],"product_tag":[],"class_list":{"0":"post-202600","1":"product","2":"type-product","3":"status-publish","4":"has-post-thumbnail","6":"product_cat-apupoydat","7":"product_cat-huonekalut","8":"product_cat-sivupoydat","10":"first","11":"instock","12":"taxable","13":"shipping-taxable","14":"purchasable","15":"product-type-simple"},"_links":{"self":[{"href":"https:\/\/www.otiumhome.fi\/index.php\/wp-json\/wp\/v2\/product\/202600","targetHints":{"allow":["GET"]}}],"collection":[{"href":"https:\/\/www.otiumhome.fi\/index.php\/wp-json\/wp\/v2\/product"}],"about":[{"href":"https:\/\/www.otiumhome.fi\/index.php\/wp-json\/wp\/v2\/types\/product"}],"replies":[{"embeddable":true,"href":"https:\/\/www.otiumhome.fi\/index.php\/wp-json\/wp\/v2\/comments?post=202600"}],"wp:featuredmedia":[{"embeddable":true,"href":"https:\/\/www.otiumhome.fi\/index.php\/wp-json\/"}],"wp:attachment":[{"href":"https:\/\/www.otiumhome.fi\/index.php\/wp-json\/wp\/v2\/media?parent=202600"}],"wp:term":[{"taxonomy":"product_brand","embeddable":true,"href":"https:\/\/www.otiumhome.fi\/index.php\/wp-json\/wp\/v2\/product_brand?post=202600"},{"taxonomy":"product_cat","embeddable":true,"href":"https:\/\/www.otiumhome.fi\/index.php\/wp-json\/wp\/v2\/product_cat?post=202600"},{"taxonomy":"product_tag","embeddable":true,"href":"https:\/\/www.otiumhome.fi\/index.php\/wp-json\/wp\/v2\/product_tag?post=202600"}],"curies":[{"name":"wp","href":"https:\/\/api.w.org\/{rel}","templated":true}]}}